{"id":405345,"date":"2025-06-30T19:47:34","date_gmt":"2025-06-30T16:47:34","guid":{"rendered":"https:\/\/nbg.eu\/product\/compensator-ase-utra-au780-borelock-223-muzzle-brake-1-2x28-unef\/"},"modified":"2026-05-13T16:44:10","modified_gmt":"2026-05-13T13:44:10","slug":"kompenzator-ase-utra-au780-borelock-223-torkolati-fek-12x28-unef","status":"publish","type":"product","link":"https:\/\/nbg.eu\/hu\/termek\/kompenzator-ase-utra-au780-borelock-223-torkolati-fek-12x28-unef\/","title":{"rendered":"KOMPENZ\u00c1TOR ASE UTRA AU780 BoreLock .223 torkolati f\u00e9k 1\/2&#8243;x28 UNEF"},"content":{"rendered":"<h2>COMPENSATOR ASE UTRA AU780 BoreLock .223 Cs\u0151sz\u00e1jf\u00e9k<\/h2>\n<p>A COMPENSATOR ASE UTRA AU780 BoreLock .223 cs\u0151sz\u00e1jf\u00e9k BoreLock gyorsr\u00f6gz\u00edt\u0151 rendszerrel rendelkezik. Ez a cs\u0151sz\u00e1jszerkezet 5,56 mm NATO g\u00e9pkarab\u00e9lyokhoz \u00e9s k\u00f6nny\u0171 g\u00e9ppusk\u00e1khoz k\u00e9sz\u00fclt, biztons\u00e1gos \u00e9s egyszer\u0171 r\u00f6gz\u00edt\u00e9si megold\u00e1st k\u00edn\u00e1lva.<\/p>\n<h2>F\u0151bb jellemz\u0151k:<\/h2>\n<ul>\n<li>Menet: 1\/2&#8243;x28 UNEF<\/li>\n<li>Kompatibilis .223 Remington \/ 5,56 NATO kaliberekkel<\/li>\n<li>BoreLock gyorsr\u00f6gz\u00edt\u0151 rendszer a gyors \u00e9s biztons\u00e1gos felszerel\u00e9shez<\/li>\n<li>K\u00e9tportos kialak\u00edt\u00e1s a hat\u00e9kony visszar\u00fag\u00e1s-cs\u00f6kkent\u00e9shez<\/li>\n<li>Kompakt m\u00e9ret, minim\u00e1lis hangtomp\u00edt\u00f3 m\u00e9reteket tesz lehet\u0151v\u00e9<\/li>\n<li>Torkolatt\u0171z \u00e9s vizu\u00e1lis jelz\u00e9s cs\u00f6kkent\u00e9se<\/li>\n<\/ul>\n<p>Az AU780 BoreLock cs\u0151sz\u00e1jf\u00e9k az ASE UTRA BoreLock r\u00f6gz\u00edt\u00e9si rendszer\u00e9nek r\u00e9sze, amely k\u00fcl\u00f6nb\u00f6z\u0151 l\u00e1ngrejt\u0151 r\u00f6gz\u00edt\u0151ket \u00e9s r\u00f6gz\u00edt\u0151gall\u00e9rt tartalmaz a sokoldal\u00fas\u00e1g \u00e9rdek\u00e9ben. Ez a cs\u0151sz\u00e1jf\u00e9k optim\u00e1lis visszar\u00fag\u00e1s-kezel\u00e9st biztos\u00edt alacsony profil mellett, ami alkalmass\u00e1 teszi taktikai alkalmaz\u00e1sokra.<\/p>\n<p>A COMPENSATOR ASE UTRA AU780 BoreLock .223 cs\u0151sz\u00e1jf\u00e9k kieg\u00e9sz\u00edti a fegyverfelszerel\u00e9st.<\/p>\n","protected":false},"excerpt":{"rendered":"<p>Kompakt, hat\u00e9kony visszar\u00fag\u00e1s-cs\u00f6kkent\u00e9s .223-as pusk\u00e1khoz. Gyorscsatlakoz\u00f3 rendszer.<\/p>\n","protected":false},"featured_media":359525,"template":"","meta":{"_acf_changed":false},"product_brand":[14265],"product_cat":[514],"product_tag":[],"class_list":{"0":"post-405345","1":"product","2":"type-product","3":"status-publish","4":"has-post-thumbnail","6":"product_brand-ase-utra-oy","7":"product_cat-rifle-grips","9":"first","10":"instock","11":"taxable","12":"shipping-taxable","13":"purchasable","14":"product-type-simple"},"acf":[],"_links":{"self":[{"href":"https:\/\/nbg.eu\/hu\/wp-json\/wp\/v2\/product\/405345","targetHints":{"allow":["GET"]}}],"collection":[{"href":"https:\/\/nbg.eu\/hu\/wp-json\/wp\/v2\/product"}],"about":[{"href":"https:\/\/nbg.eu\/hu\/wp-json\/wp\/v2\/types\/product"}],"wp:featuredmedia":[{"embeddable":true,"href":"https:\/\/nbg.eu\/hu\/wp-json\/wp\/v2\/media\/359525"}],"wp:attachment":[{"href":"https:\/\/nbg.eu\/hu\/wp-json\/wp\/v2\/media?parent=405345"}],"wp:term":[{"taxonomy":"product_brand","embeddable":true,"href":"https:\/\/nbg.eu\/hu\/wp-json\/wp\/v2\/product_brand?post=405345"},{"taxonomy":"product_cat","embeddable":true,"href":"https:\/\/nbg.eu\/hu\/wp-json\/wp\/v2\/product_cat?post=405345"},{"taxonomy":"product_tag","embeddable":true,"href":"https:\/\/nbg.eu\/hu\/wp-json\/wp\/v2\/product_tag?post=405345"}],"curies":[{"name":"wp","href":"https:\/\/api.w.org\/{rel}","templated":true}]}}