{"id":44891,"date":"2024-08-18T09:33:06","date_gmt":"2024-08-18T09:33:06","guid":{"rendered":"https:\/\/nbg.eu\/product\/daa-hard-case-medium-300\/"},"modified":"2026-02-27T15:51:49","modified_gmt":"2026-02-27T12:51:49","slug":"daa-kemeny-tok-koezepes-300","status":"publish","type":"product","link":"https:\/\/nbg.eu\/hu\/termek\/daa-kemeny-tok-koezepes-300\/","title":{"rendered":"Daa Kem\u00e9ny Tok K\u00f6zepes &#8211; 300"},"content":{"rendered":"<div class=\"product-description\">\n<h2>DAA Kem\u00e9ny T\u00e1ska K\u00f6zepes &#8211; 300<\/h2>\n<p>Az IP67 tan\u00fas\u00edtv\u00e1nnyal rendelkez\u0151 DAA Kem\u00e9ny T\u00e1ska K\u00f6zepes-300 p\u00e1ratlan v\u00e9delmet ny\u00fajt l\u0151fegyverei \u00e9s \u00e9rt\u00e9kes felszerel\u00e9sei sz\u00e1m\u00e1ra. Tart\u00f3ss\u00e1gra \u00e9s megb\u00edzhat\u00f3s\u00e1gra tervezve, ez a t\u00e1ska t\u00f6k\u00e9letes k\u00fcl\u00f6nb\u00f6z\u0151 alkalmaz\u00e1sokhoz, bele\u00e9rtve a tengeri haszn\u00e1latot, fot\u00f3z\u00e1st, vad\u00e1szatot \u00e9s m\u00e9g sok m\u00e1st.<\/p>\n<h3>F\u0151bb jellemz\u0151k:<\/h3>\n<ul>\n<li>V\u00edz\u00e1ll\u00f3 t\u00f6m\u00edt\u00e9s \u00e9s automatikus nyom\u00e1skiegyenl\u00edt\u0151 szelep<\/li>\n<li>Dupla z\u00e1rak \u00e9s lakatlyukak a biztons\u00e1g \u00e9rdek\u00e9ben<\/li>\n<li>Egym\u00e1sba illeszked\u0151, rak\u00e1solhat\u00f3 rendszer<\/li>\n<li>Pick N Pluck habszivacs bels\u0151 az egyedi v\u00e9delem\u00e9rt<\/li>\n<li>Fekete vagy Narancss\u00e1rga sz\u00ednben el\u00e9rhet\u0151<\/li>\n<\/ul>\n<h3>M\u0171szaki adatok:<\/h3>\n<ul>\n<li>K\u00fcls\u0151 m\u00e9retek: 336 x 300 x 148 mm<\/li>\n<li>Bels\u0151 m\u00e9retek: 300 x 225 x 132 mm<\/li>\n<li>S\u00faly: 1,75 kg<\/li>\n<\/ul>\n<p>Ide\u00e1lis l\u0151fegyverek sz\u00e1ll\u00edt\u00e1s\u00e1hoz, a DAA Kem\u00e9ny T\u00e1ska K\u00f6zepes-300 biztos\u00edtja, hogy \u00e9rt\u00e9kes felszerel\u00e9se biztons\u00e1gban \u00e9s v\u00e9dve maradjon b\u00e1rmilyen k\u00f6rnyezetben.<\/p>\n<\/div>\n","protected":false},"excerpt":{"rendered":"<p>Tart\u00f3s IP67 tok l\u0151fegyverek sz\u00e1m\u00e1ra. V\u00edz\u00e1ll\u00f3, por\u00e1ll\u00f3, \u00fct\u00e9s\u00e1ll\u00f3.<\/p>\n","protected":false},"featured_media":27216,"template":"","meta":{"_acf_changed":false},"product_brand":[11267],"product_cat":[12975,12933],"product_tag":[],"class_list":{"0":"post-44891","1":"product","2":"type-product","3":"status-publish","4":"has-post-thumbnail","6":"product_brand-doublealpha","7":"product_cat-felszereles","8":"product_cat-hordtaskak","10":"first","11":"outofstock","12":"taxable","13":"shipping-taxable","14":"purchasable","15":"product-type-simple"},"acf":[],"_links":{"self":[{"href":"https:\/\/nbg.eu\/hu\/wp-json\/wp\/v2\/product\/44891","targetHints":{"allow":["GET"]}}],"collection":[{"href":"https:\/\/nbg.eu\/hu\/wp-json\/wp\/v2\/product"}],"about":[{"href":"https:\/\/nbg.eu\/hu\/wp-json\/wp\/v2\/types\/product"}],"wp:featuredmedia":[{"embeddable":true,"href":"https:\/\/nbg.eu\/hu\/wp-json\/wp\/v2\/media\/27216"}],"wp:attachment":[{"href":"https:\/\/nbg.eu\/hu\/wp-json\/wp\/v2\/media?parent=44891"}],"wp:term":[{"taxonomy":"product_brand","embeddable":true,"href":"https:\/\/nbg.eu\/hu\/wp-json\/wp\/v2\/product_brand?post=44891"},{"taxonomy":"product_cat","embeddable":true,"href":"https:\/\/nbg.eu\/hu\/wp-json\/wp\/v2\/product_cat?post=44891"},{"taxonomy":"product_tag","embeddable":true,"href":"https:\/\/nbg.eu\/hu\/wp-json\/wp\/v2\/product_tag?post=44891"}],"curies":[{"name":"wp","href":"https:\/\/api.w.org\/{rel}","templated":true}]}}