{"id":45474,"date":"2024-08-16T17:57:18","date_gmt":"2024-08-16T17:57:18","guid":{"rendered":"https:\/\/nbg.eu\/product\/clips-ulticlip-3\/"},"modified":"2026-01-21T12:05:01","modified_gmt":"2026-01-21T09:05:01","slug":"csipeszek-ulticlip-3","status":"publish","type":"product","link":"https:\/\/nbg.eu\/hu\/termek\/csipeszek-ulticlip-3\/","title":{"rendered":"Csipeszek Ulticlip 3+"},"content":{"rendered":"<div class=\"product-description\">\n<h2>Clips Ulticlip 3+: T\u00f6k\u00e9letes rejt\u00e9s \u00e9s megtart\u00e1s<\/h2>\n<p>Tapasztalja meg a p\u00e1ratlan rejt\u00e9st \u00e9s megtart\u00e1st az Ulticlip3+ seg\u00edts\u00e9g\u00e9vel. Ez a 100%-ban amerikai gy\u00e1rt\u00e1s\u00fa klipsz a k\u00f6vetkez\u0151ket k\u00edn\u00e1lja:<\/p>\n<ul>\n<li>Kiv\u00e1l\u00f3 \u00f6v n\u00e9lk\u00fcli hord\u00e1si lehet\u0151s\u00e9g<\/li>\n<li>Katonai min\u0151s\u00e9g\u0171 fekete oxid bevonat<\/li>\n<li>H\u0151kezelt C-1075 rug\u00f3ac\u00e9l (RC 42-49)<\/li>\n<li>Viasz\/olaj kezel\u00e9s a z\u00f6kken\u0151mentes m\u0171k\u00f6d\u00e9s \u00e9s rozsd\u00e1sod\u00e1s megel\u0151z\u00e9se \u00e9rdek\u00e9ben<\/li>\n<li>T\u00f6bb mint 10-szeres megtart\u00e1s a hagyom\u00e1nyos tokcsipeszekhez k\u00e9pest<\/li>\n<\/ul>\n<p>Az Ulticlip3+ lapos r\u00f6gz\u00edt\u00e9si fel\u00fclettel rendelkezik, 2 r\u00e9ssel \u00e9s 1 lyukkal, ami sokoldal\u00fa r\u00f6gz\u00edt\u00e9si lehet\u0151s\u00e9geket biztos\u00edt ak\u00e1r 1,70&#8243; lyukt\u00e1vols\u00e1ggal. Mind\u00f6ssze 3,5&#8243; x 7\/8&#8243; m\u00e9ret\u00e9vel \u00e9s 0,78 oz s\u00faly\u00e1val minim\u00e1lis profilt k\u00edn\u00e1l maxim\u00e1lis rejt\u00e9ssel.<\/p>\n<p>Fejlessze hord\u00e1si rendszer\u00e9t az Ulticlip3+ seg\u00edts\u00e9g\u00e9vel m\u00e9g ma!<\/p>\n<\/div>\n","protected":false},"excerpt":{"rendered":"<p>Biztons\u00e1gos, v\u00e9kony cs\u00edptet\u0151 \u00f6v n\u00e9lk\u00fcli hord\u00e1shoz. T\u00f6bbf\u00e9le r\u00f6gz\u00edt\u00e9si lehet\u0151s\u00e9g.<\/p>\n","protected":false},"featured_media":22720,"template":"","meta":{"_acf_changed":false},"product_brand":[14642],"product_cat":[12975,12948],"product_tag":[],"class_list":{"0":"post-45474","1":"product","2":"type-product","3":"status-publish","4":"has-post-thumbnail","6":"product_brand-ulticlip","7":"product_cat-felszereles","8":"product_cat-tok-tartozekok","10":"first","11":"outofstock","12":"taxable","13":"shipping-taxable","14":"purchasable","15":"product-type-simple"},"acf":[],"_links":{"self":[{"href":"https:\/\/nbg.eu\/hu\/wp-json\/wp\/v2\/product\/45474","targetHints":{"allow":["GET"]}}],"collection":[{"href":"https:\/\/nbg.eu\/hu\/wp-json\/wp\/v2\/product"}],"about":[{"href":"https:\/\/nbg.eu\/hu\/wp-json\/wp\/v2\/types\/product"}],"wp:featuredmedia":[{"embeddable":true,"href":"https:\/\/nbg.eu\/hu\/wp-json\/wp\/v2\/media\/22720"}],"wp:attachment":[{"href":"https:\/\/nbg.eu\/hu\/wp-json\/wp\/v2\/media?parent=45474"}],"wp:term":[{"taxonomy":"product_brand","embeddable":true,"href":"https:\/\/nbg.eu\/hu\/wp-json\/wp\/v2\/product_brand?post=45474"},{"taxonomy":"product_cat","embeddable":true,"href":"https:\/\/nbg.eu\/hu\/wp-json\/wp\/v2\/product_cat?post=45474"},{"taxonomy":"product_tag","embeddable":true,"href":"https:\/\/nbg.eu\/hu\/wp-json\/wp\/v2\/product_tag?post=45474"}],"curies":[{"name":"wp","href":"https:\/\/api.w.org\/{rel}","templated":true}]}}