{"id":45496,"date":"2024-08-16T17:52:19","date_gmt":"2024-08-16T17:52:19","guid":{"rendered":"https:\/\/nbg.eu\/product\/rhh-backpack\/"},"modified":"2026-01-21T12:01:46","modified_gmt":"2026-01-21T09:01:46","slug":"rhh-hatizsak","status":"publish","type":"product","link":"https:\/\/nbg.eu\/hu\/termek\/rhh-hatizsak\/","title":{"rendered":"RHH H\u00e1tizs\u00e1k"},"content":{"rendered":"<div class=\"product-description\">\n<h2>RHH L\u00f6v\u00e9sz H\u00e1tizs\u00e1k<\/h2>\n<p>L\u00f6v\u00e9szek \u00e1ltal l\u00f6v\u00e9szeknek tervezve, az RHH H\u00e1tizs\u00e1k t\u00f6k\u00e9letes t\u00f6bbnapos versenyekre, ak\u00e1r egy, ak\u00e1r k\u00e9t fegyvert haszn\u00e1l.<\/p>\n<ul>\n<li>F\u0151 fegyverzseb z\u00e1rrendszerrel a k\u00f6nny\u0171 hozz\u00e1f\u00e9r\u00e9s\u00e9rt<\/li>\n<li>Megfelel az IPSC szab\u00e1lyoknak<\/li>\n<li>T\u00e9p\u0151z\u00e1ras panel \u00e9s MOLLE k\u00f6t\u00e9s kieg\u00e9sz\u00edt\u0151kh\u00f6z<\/li>\n<li>B\u0151s\u00e9ges t\u00e1rol\u00f3hely rendezett rekeszekkel<\/li>\n<li>A t\u00e1rzseb 30 l\u0151szeres t\u00e1rakat is befogad meghosszabb\u00edtott talplemezzel<\/li>\n<li>Levehet\u0151 p\u00e1ntok, amelyek l\u00f6v\u00e9szzs\u00e1kk\u00e9nt is haszn\u00e1lhat\u00f3k<\/li>\n<\/ul>\n<p>M\u00e9ret: 100cm x 40cm x 20cm<br \/>\n  Puskatasak: maximum 95cm<br \/>\n  S\u00faly: 2,9 Kg<\/p>\n<p>Csomagoljon okosan, l\u0151j\u00f6n jobban az RHH L\u00f6v\u00e9sz H\u00e1tizs\u00e1kkal!<\/p>\n<\/div>\n","protected":false},"excerpt":{"rendered":"<p>RHH H\u00e1tizs\u00e1k: L\u00f6v\u00e9sz \u00e1ltal tervezett, sokoldal\u00fa, t\u00f6bbnapos versenyekre alkalmas.<\/p>\n","protected":false},"featured_media":22674,"template":"","meta":{"_acf_changed":false},"product_brand":[11643],"product_cat":[12911],"product_tag":[],"class_list":{"0":"post-45496","1":"product","2":"type-product","3":"status-publish","4":"has-post-thumbnail","6":"product_brand-rh-holsters","7":"product_cat-hatizsakok","9":"first","10":"instock","11":"taxable","12":"shipping-taxable","13":"purchasable","14":"product-type-simple"},"acf":[],"_links":{"self":[{"href":"https:\/\/nbg.eu\/hu\/wp-json\/wp\/v2\/product\/45496","targetHints":{"allow":["GET"]}}],"collection":[{"href":"https:\/\/nbg.eu\/hu\/wp-json\/wp\/v2\/product"}],"about":[{"href":"https:\/\/nbg.eu\/hu\/wp-json\/wp\/v2\/types\/product"}],"wp:featuredmedia":[{"embeddable":true,"href":"https:\/\/nbg.eu\/hu\/wp-json\/wp\/v2\/media\/22674"}],"wp:attachment":[{"href":"https:\/\/nbg.eu\/hu\/wp-json\/wp\/v2\/media?parent=45496"}],"wp:term":[{"taxonomy":"product_brand","embeddable":true,"href":"https:\/\/nbg.eu\/hu\/wp-json\/wp\/v2\/product_brand?post=45496"},{"taxonomy":"product_cat","embeddable":true,"href":"https:\/\/nbg.eu\/hu\/wp-json\/wp\/v2\/product_cat?post=45496"},{"taxonomy":"product_tag","embeddable":true,"href":"https:\/\/nbg.eu\/hu\/wp-json\/wp\/v2\/product_tag?post=45496"}],"curies":[{"name":"wp","href":"https:\/\/api.w.org\/{rel}","templated":true}]}}