{"id":45941,"date":"2024-08-03T17:10:30","date_gmt":"2024-08-03T14:10:30","guid":{"rendered":"https:\/\/nbg.eu\/product\/rh-classic-iwb-holster\/"},"modified":"2026-01-21T12:14:34","modified_gmt":"2026-01-21T09:14:34","slug":"rh-classic-iwb-tokarto","status":"publish","type":"product","link":"https:\/\/nbg.eu\/hu\/termek\/rh-classic-iwb-tokarto\/","title":{"rendered":"RH Classic IWB Tokart\u00f3"},"content":{"rendered":"<p>Az RH Classic IWB toknak a k\u00f6vetkez\u0151 jellemz\u0151i vannak:<\/p>\n<ul>\n<li>V\u00e1kuumpr\u00e9selt kydex a pontos fegyverilleszked\u00e9shez<\/li>\n<li>\u00c1ll\u00edthat\u00f3 markolat \u00e9s d\u0151l\u00e9ssz\u00f6g<\/li>\n<li>Opcion\u00e1lis karom \u00e9s ERC kieg\u00e9sz\u00edt\u0151k<\/li>\n<li>V\u00e9kony profil a minim\u00e1lis kirajzol\u00f3d\u00e1s\u00e9rt<\/li>\n<li>K\u00e9zzel v\u00e1gott sz\u00e9lek<\/li>\n<li>Egyr\u00e9szes szerkezet<\/li>\n<li>Nyitott alj\u00fa kialak\u00edt\u00e1s<\/li>\n<\/ul>\n<p>Mindennapi hord\u00e1sra alkalmas.<\/p>\n","protected":false},"excerpt":{"rendered":"<p>Karcs\u00fa IWB tok: \u00c1ll\u00edthat\u00f3, rejtett hord\u00e1sra alkalmas, karom \u00e9s ERC opci\u00f3kkal.<\/p>\n","protected":false},"featured_media":45943,"template":"","meta":{"_acf_changed":false},"product_brand":[11643],"product_cat":[12940,12973],"product_tag":[],"class_list":{"0":"post-45941","1":"product","2":"type-product","3":"status-publish","4":"has-post-thumbnail","6":"product_brand-rh-holsters","7":"product_cat-taktikai-tok","8":"product_cat-tok","10":"first","11":"instock","12":"taxable","13":"shipping-taxable","14":"purchasable","15":"product-type-variable","16":"wvs-archive-product-wrapper"},"acf":[],"_links":{"self":[{"href":"https:\/\/nbg.eu\/hu\/wp-json\/wp\/v2\/product\/45941","targetHints":{"allow":["GET"]}}],"collection":[{"href":"https:\/\/nbg.eu\/hu\/wp-json\/wp\/v2\/product"}],"about":[{"href":"https:\/\/nbg.eu\/hu\/wp-json\/wp\/v2\/types\/product"}],"wp:featuredmedia":[{"embeddable":true,"href":"https:\/\/nbg.eu\/hu\/wp-json\/wp\/v2\/media\/45943"}],"wp:attachment":[{"href":"https:\/\/nbg.eu\/hu\/wp-json\/wp\/v2\/media?parent=45941"}],"wp:term":[{"taxonomy":"product_brand","embeddable":true,"href":"https:\/\/nbg.eu\/hu\/wp-json\/wp\/v2\/product_brand?post=45941"},{"taxonomy":"product_cat","embeddable":true,"href":"https:\/\/nbg.eu\/hu\/wp-json\/wp\/v2\/product_cat?post=45941"},{"taxonomy":"product_tag","embeddable":true,"href":"https:\/\/nbg.eu\/hu\/wp-json\/wp\/v2\/product_tag?post=45941"}],"curies":[{"name":"wp","href":"https:\/\/api.w.org\/{rel}","templated":true}]}}