{"id":47317,"date":"2024-07-30T18:47:47","date_gmt":"2024-07-30T18:47:47","guid":{"rendered":"https:\/\/nbg.eu\/product\/surefire-maxvision-tactician-e2t-mv\/"},"modified":"2026-02-27T15:51:14","modified_gmt":"2026-02-27T12:51:14","slug":"surefire-maxvision-tactician-e2t-mv","status":"publish","type":"product","link":"https:\/\/nbg.eu\/hu\/termek\/surefire-maxvision-tactician-e2t-mv\/","title":{"rendered":"SureFire MAXVISION Tactician E2T-MV"},"content":{"rendered":"<div class=\"product-description\">\n<h2>SureFire MAXVISION Tactician E2T-MV<\/h2>\n<p>A SureFire MAXVISION Tactician E2T-MV taktikai helyzetekhez haszn\u00e1lhat\u00f3 l\u00e1mpa. Ez a mindennapi hordozhat\u00f3 l\u00e1mpa r\u00f6gt\u00f6nz\u00f6tt fegyverl\u00e1mp\u00e1nak is alkalmas.<\/p>\n<ul>\n<li>Kett\u0151s kimenet\u0171 LED MaxVision Beam\u00ae reflektorral<\/li>\n<li>800 lumen magas fokozaton hosszabb t\u00e1v\u00fa vagy taktikai feladatokhoz<\/li>\n<li>5 lumen alacsony fokozaton hosszabb \u00fczemid\u0151h\u00f6z (95 \u00f3ra)<\/li>\n<li>Taktikai h\u00e1ts\u00f3 kapcsol\u00f3 pillanatnyi vagy folyamatos bekapcsol\u00e1shoz<\/li>\n<li>Kompakt 12,7 cm-es hossz\u00fas\u00e1g \u00e9s 99 grammos s\u00faly<\/li>\n<li>Tart\u00f3s alum\u00ednium szerkezet katonai min\u0151s\u00e9g\u0171 kem\u00e9ny elox\u00e1lt bevonattal<\/li>\n<li>IPX7 v\u00edz\u00e1ll\u00f3s\u00e1gi besorol\u00e1s<\/li>\n<li>K\u00e9t darab mell\u00e9kelt 123A elemmel m\u0171k\u00f6dik<\/li>\n<\/ul>\n<p>A l\u00e1mpa fej\u00e9nek elforgat\u00e1s\u00e1val \u00e1ll\u00edthat\u00f3 a f\u00e9nyer\u0151: k\u00e9zzel szorosra h\u00fazva maxim\u00e1lis, az \u00f3ramutat\u00f3 j\u00e1r\u00e1s\u00e1val ellent\u00e9tesen forgatva alacsony f\u00e9nyer\u0151t ad. 3200 candela cs\u00facs f\u00e9nyer\u0151ss\u00e9ggel \u00e9s 115 m\u00e9teres f\u00e9nyt\u00e1vols\u00e1ggal rendelkezik.<\/p>\n<\/div>\n","protected":false},"excerpt":{"rendered":"<p>Sokoldal\u00fa 800 lumenes taktikai l\u00e1mpa kett\u0151s f\u00e9nyer\u0151szinttel \u00e9s MaxVision Beam\u00ae technol\u00f3gi\u00e1val.<\/p>\n","protected":false},"featured_media":47318,"template":"","meta":{"_acf_changed":false},"product_brand":[11863],"product_cat":[12952,12929,12898],"product_tag":[],"class_list":{"0":"post-47317","1":"product","2":"type-product","3":"status-publish","4":"has-post-thumbnail","6":"product_brand-surefire","7":"product_cat-edc","8":"product_cat-edc-lampak","9":"product_cat-lampak","11":"first","12":"instock","13":"taxable","14":"shipping-taxable","15":"purchasable","16":"product-type-simple"},"acf":[],"_links":{"self":[{"href":"https:\/\/nbg.eu\/hu\/wp-json\/wp\/v2\/product\/47317","targetHints":{"allow":["GET"]}}],"collection":[{"href":"https:\/\/nbg.eu\/hu\/wp-json\/wp\/v2\/product"}],"about":[{"href":"https:\/\/nbg.eu\/hu\/wp-json\/wp\/v2\/types\/product"}],"wp:featuredmedia":[{"embeddable":true,"href":"https:\/\/nbg.eu\/hu\/wp-json\/wp\/v2\/media\/47318"}],"wp:attachment":[{"href":"https:\/\/nbg.eu\/hu\/wp-json\/wp\/v2\/media?parent=47317"}],"wp:term":[{"taxonomy":"product_brand","embeddable":true,"href":"https:\/\/nbg.eu\/hu\/wp-json\/wp\/v2\/product_brand?post=47317"},{"taxonomy":"product_cat","embeddable":true,"href":"https:\/\/nbg.eu\/hu\/wp-json\/wp\/v2\/product_cat?post=47317"},{"taxonomy":"product_tag","embeddable":true,"href":"https:\/\/nbg.eu\/hu\/wp-json\/wp\/v2\/product_tag?post=47317"}],"curies":[{"name":"wp","href":"https:\/\/api.w.org\/{rel}","templated":true}]}}