{"id":50960,"date":"2024-01-30T18:05:11","date_gmt":"2024-01-30T18:05:11","guid":{"rendered":"https:\/\/nbg.eu\/product\/blue-force-gear-vickers-padded-sling\/"},"modified":"2026-01-21T12:31:30","modified_gmt":"2026-01-21T09:31:30","slug":"blue-force-gear-vickers-parnazott-hordszij","status":"publish","type":"product","link":"https:\/\/nbg.eu\/hu\/termek\/blue-force-gear-vickers-parnazott-hordszij\/","title":{"rendered":"Blue Force Gear Vickers P\u00e1rn\u00e1zott Hordsz\u00edj"},"content":{"rendered":"<h2>Blue Force Gear Vickers P\u00e1rn\u00e1zott Fegyversz\u00edj<\/h2>\n<p>A szabadalmaztatott Vickers P\u00e1rn\u00e1zott Harci Alkalmaz\u00e1s\u00fa Fegyversz\u00edj\u2122 Larry Vickers kor\u00e1bbi 1. SFOD-Delta operat\u00edv taggal egy\u00fcttm\u0171k\u00f6d\u00e9sben k\u00e9sz\u00fclt. Ez a gyorsan \u00e1ll\u00edthat\u00f3 taktikai fegyversz\u00edjat az USA hadserege haszn\u00e1lja.<\/p>\n<h2>F\u0151 jellemz\u0151k:<\/h2>\n<ul>\n<li>5 cm-es be\u00e9p\u00edtett p\u00e1rna a k\u00e9nyelem\u00e9rt<\/li>\n<li>Z\u00e1rt cell\u00e1s habszivacs szerkezet<\/li>\n<li>Gyors \u00e1ll\u00edt\u00f3 az azonnali hosszv\u00e1ltoztat\u00e1shoz<\/li>\n<li>Z\u00f6kken\u0151mentes \u00e1tmenet hordoz\u00e1sb\u00f3l harck\u00e9sz \u00e1llapotba<\/li>\n<li>Az Egyes\u00fclt \u00c1llamokban k\u00e9sz\u00fcl min\u0151s\u00e9gi anyagokb\u00f3l<\/li>\n<\/ul>\n<p>A Vickers P\u00e1rn\u00e1zott Fegyversz\u00edj \u00f6tv\u00f6zi a k\u00e9nyelmet \u00e9s a funkcionalit\u00e1st.<\/p>\n","protected":false},"excerpt":{"rendered":"<p>Gyorsan \u00e1ll\u00edthat\u00f3 taktikai fegyversz\u00edj p\u00e1rn\u00e1zott k\u00e9nyelemmel pusk\u00e1khoz.<\/p>\n","protected":false},"featured_media":50690,"template":"","meta":{"_acf_changed":false},"product_brand":[11131],"product_cat":[12975,12903],"product_tag":[],"class_list":{"0":"post-50960","1":"product","2":"type-product","3":"status-publish","4":"has-post-thumbnail","6":"product_brand-blue-force-gear","7":"product_cat-felszereles","8":"product_cat-hevederek","10":"first","11":"instock","12":"taxable","13":"shipping-taxable","14":"purchasable","15":"product-type-variable","16":"wvs-archive-product-wrapper"},"acf":[],"_links":{"self":[{"href":"https:\/\/nbg.eu\/hu\/wp-json\/wp\/v2\/product\/50960","targetHints":{"allow":["GET"]}}],"collection":[{"href":"https:\/\/nbg.eu\/hu\/wp-json\/wp\/v2\/product"}],"about":[{"href":"https:\/\/nbg.eu\/hu\/wp-json\/wp\/v2\/types\/product"}],"wp:featuredmedia":[{"embeddable":true,"href":"https:\/\/nbg.eu\/hu\/wp-json\/wp\/v2\/media\/50690"}],"wp:attachment":[{"href":"https:\/\/nbg.eu\/hu\/wp-json\/wp\/v2\/media?parent=50960"}],"wp:term":[{"taxonomy":"product_brand","embeddable":true,"href":"https:\/\/nbg.eu\/hu\/wp-json\/wp\/v2\/product_brand?post=50960"},{"taxonomy":"product_cat","embeddable":true,"href":"https:\/\/nbg.eu\/hu\/wp-json\/wp\/v2\/product_cat?post=50960"},{"taxonomy":"product_tag","embeddable":true,"href":"https:\/\/nbg.eu\/hu\/wp-json\/wp\/v2\/product_tag?post=50960"}],"curies":[{"name":"wp","href":"https:\/\/api.w.org\/{rel}","templated":true}]}}