{"id":525751,"date":"2025-08-19T20:38:50","date_gmt":"2025-08-19T17:38:50","guid":{"rendered":"https:\/\/nbg.eu\/product\/hographic-sight-eotech-exps3\/"},"modified":"2026-01-21T11:45:40","modified_gmt":"2026-01-21T08:45:40","slug":"hographic-sight-eotech-exps3","status":"publish","type":"product","link":"https:\/\/nbg.eu\/hu\/termek\/hographic-sight-eotech-exps3\/","title":{"rendered":"Hographic sight EOTECH EXPS3"},"content":{"rendered":"<div class=\"product-description\">\n<h2>EOTECH HWS EXPS3\u2122 Holografikus Fegyver Ir\u00e1nyz\u00e9k<\/h2>\n<p>Az EOTECH HWS EXPS3\u2122 holografikus ir\u00e1nyz\u00e9k jellemz\u0151i:<\/p>\n<ul>\n<li>K\u00e9t szemmel nyitott l\u00f6v\u00e9szet<\/li>\n<li>\u00c9jjell\u00e1t\u00f3 kompatibilit\u00e1s 10 tov\u00e1bbi be\u00e1ll\u00edt\u00e1ssal<\/li>\n<li>7 mm-es gyorsan lev\u00e1laszthat\u00f3 alap<\/li>\n<li>M\u00e9retek: 3,8&#8243; x 2,3&#8243; x 2,9&#8243;<\/li>\n<li>S\u00faly: 11,2 uncia<\/li>\n<li>V\u00edz\u00e1ll\u00f3 33 l\u00e1b m\u00e9lys\u00e9gig<\/li>\n<li>20 nappali f\u00e9nyer\u0151 be\u00e1ll\u00edt\u00e1s<\/li>\n<li>1000 \u00f3ra akkumul\u00e1tor \u00e9lettartam norm\u00e1l be\u00e1ll\u00edt\u00e1son<\/li>\n<\/ul>\n<p>USA-ban gy\u00e1rtott. 1&#8243; Weaver vagy MIL-STD-1913 s\u00ednekre szerelhet\u0151. M\u0171k\u00f6d\u00e9si h\u0151m\u00e9rs\u00e9klet: -40\u00b0F &#8211; 140\u00b0F. Tartalmaz gyors \u00fatmutat\u00f3t, garancia k\u00e1rty\u00e1t \u00e9s CR123 elemet.<\/p>\n<\/div>\n","protected":false},"excerpt":{"rendered":"<p>Gyors c\u00e9lz\u00e1s, \u00e9jjell\u00e1t\u00f3 kompatibilis, megemelt gyorskiold\u00f3 alappal.<\/p>\n","protected":false},"featured_media":466371,"template":"","meta":{"_acf_changed":false},"product_brand":[],"product_cat":[12918,12927],"product_tag":[],"class_list":{"0":"post-525751","1":"product","2":"type-product","3":"status-publish","4":"has-post-thumbnail","6":"product_cat-celzas","7":"product_cat-puska-pontok","9":"first","10":"outofstock","11":"taxable","12":"shipping-taxable","13":"purchasable","14":"product-type-simple"},"acf":[],"_links":{"self":[{"href":"https:\/\/nbg.eu\/hu\/wp-json\/wp\/v2\/product\/525751","targetHints":{"allow":["GET"]}}],"collection":[{"href":"https:\/\/nbg.eu\/hu\/wp-json\/wp\/v2\/product"}],"about":[{"href":"https:\/\/nbg.eu\/hu\/wp-json\/wp\/v2\/types\/product"}],"wp:featuredmedia":[{"embeddable":true,"href":"https:\/\/nbg.eu\/hu\/wp-json\/wp\/v2\/media\/466371"}],"wp:attachment":[{"href":"https:\/\/nbg.eu\/hu\/wp-json\/wp\/v2\/media?parent=525751"}],"wp:term":[{"taxonomy":"product_brand","embeddable":true,"href":"https:\/\/nbg.eu\/hu\/wp-json\/wp\/v2\/product_brand?post=525751"},{"taxonomy":"product_cat","embeddable":true,"href":"https:\/\/nbg.eu\/hu\/wp-json\/wp\/v2\/product_cat?post=525751"},{"taxonomy":"product_tag","embeddable":true,"href":"https:\/\/nbg.eu\/hu\/wp-json\/wp\/v2\/product_tag?post=525751"}],"curies":[{"name":"wp","href":"https:\/\/api.w.org\/{rel}","templated":true}]}}