{"id":526168,"date":"2025-08-19T20:48:32","date_gmt":"2025-08-19T17:48:32","guid":{"rendered":"https:\/\/nbg.eu\/product\/thermal-camera-viper-35-gen-2-hunter\/"},"modified":"2026-01-21T11:31:09","modified_gmt":"2026-01-21T08:31:09","slug":"thermal-camera-viper-35-gen-2-hunter","status":"publish","type":"product","link":"https:\/\/nbg.eu\/hu\/termek\/thermal-camera-viper-35-gen-2-hunter\/","title":{"rendered":"Thermal Camera Viper 35 Gen 2 Hunter"},"content":{"rendered":"<div class=\"product-description\">\n<h1>Nitehog Viper-35 H\u0151kamer\u00e1s Monokul\u00e1ris<\/h1>\n<p>A Nitehog Viper-35 egy h\u0151kamer\u00e1s eszk\u00f6z vad\u00e1szoknak \u00e9s term\u00e9szetj\u00e1r\u00f3knak. Ez a kompakt kialak\u00edt\u00e1s\u00fa k\u00e9sz\u00fcl\u00e9k nagy teljes\u00edtm\u00e9nyt ny\u00fajt.<\/p>\n<h2>F\u0151 jellemz\u0151k:<\/h2>\n<ul>\n<li>Kompakt \u00e9s k\u00f6nny\u0171: 254 gramm (akkumul\u00e1tor n\u00e9lk\u00fcl)<\/li>\n<li>Nagy felbont\u00e1s\u00fa \u00e9rz\u00e9kel\u0151: 320&#215;240 pixel<\/li>\n<li>\u00c9szlel\u00e9si t\u00e1vols\u00e1g: ak\u00e1r 1380 m\u00e9ter<\/li>\n<li>Felcsatolhat\u00f3 kialak\u00edt\u00e1s: kompatibilis a standard nappali c\u00e9lt\u00e1vcs\u00f6vekkel<\/li>\n<li>Nincs sz\u00fcks\u00e9g \u00fajra null\u00e1z\u00e1sra: megtartja a becsap\u00f3d\u00e1si pont pontoss\u00e1g\u00e1t<\/li>\n<li>F 1.2 lencse: j\u00f3 teljes\u00edtm\u00e9ny neh\u00e9z k\u00f6r\u00fclm\u00e9nyek k\u00f6z\u00f6tt<\/li>\n<li>IP66 v\u00edz\u00e1ll\u00f3s\u00e1g: ellen\u00e1ll a k\u00fclt\u00e9ri k\u00f6r\u00fclm\u00e9nyeknek<\/li>\n<li>5 \u00f3r\u00e1s akkumul\u00e1tor \u00e9lettartam<\/li>\n<li>Magn\u00e9zium \u00f6tv\u00f6zet h\u00e1z: tart\u00f3s<\/li>\n<\/ul>\n<h2>M\u0171szaki adatok:<\/h2>\n<ul>\n<li>Nagy\u00edt\u00e1s: 1 &#8211; 4x<\/li>\n<li>Objekt\u00edv \u00e1tm\u00e9r\u0151: 35 mm<\/li>\n<li>Kijelz\u0151 felbont\u00e1s: 1024&#215;768 pixel<\/li>\n<li>M\u00e9retek: 5,23&#8243; x 2,48&#8243; x 1,81&#8243; (M x Sz x H)<\/li>\n<li>Akkumul\u00e1tor t\u00edpus: L\u00edtium-ion<\/li>\n<\/ul>\n<h2>A csomag tartalma:<\/h2>\n<ul>\n<li>NiteHog Viper 35 H\u0151kamer\u00e1s Monokul\u00e1ris felcsatolhat\u00f3 kialak\u00edt\u00e1ssal<\/li>\n<li>Sz\u00e1ll\u00edt\u00f3doboz<\/li>\n<li>2x Akkumul\u00e1tor k\u00e9szlet<\/li>\n<li>Akkumul\u00e1tor t\u00f6lt\u0151<\/li>\n<li>Lencsetoll<\/li>\n<li>Nyakp\u00e1nt<\/li>\n<li>Ellentart\u00f3 gy\u0171r\u0171<\/li>\n<li>Tiszt\u00edt\u00f3kend\u0151<\/li>\n<li>Cordura t\u00e1ska<\/li>\n<\/ul>\n<p>A Nitehog Viper-35 k\u00f6zvetlen\u00fcl a nappali c\u00e9lt\u00e1vcs\u0151re szerelhet\u0151 szersz\u00e1mok n\u00e9lk\u00fcl. Ez biztos\u00edtja, hogy a becsap\u00f3d\u00e1si pont v\u00e1ltozatlan maradjon.<\/p>\n<p>Az \u00e9rz\u00e9kel\u0151j\u00e9vel \u00e9s F 1.2 lencs\u00e9vel a Viper-35 k\u00e9pes \u00e9szlelni egy 1,8 m\u00e9teres standard objektumot ak\u00e1r 1380 m\u00e9ter t\u00e1vols\u00e1gb\u00f3l, neh\u00e9z k\u00fclt\u00e9ri k\u00f6r\u00fclm\u00e9nyek k\u00f6z\u00f6tt is. Az eszk\u00f6z IP66 v\u00edz\u00e1ll\u00f3s\u00e1ggal \u00e9s magn\u00e9zium \u00f6tv\u00f6zet h\u00e1zzal rendelkezik.<\/p>\n<p>A Nitehog Viper-35 korl\u00e1tozott \u00e9lettartam-garanci\u00e1val rendelkezik.<\/p>\n<\/div>\n","protected":false},"excerpt":{"rendered":"<p>Kompakt h\u0151kamera monokul\u00e1ris 320&#215;240-es \u00e9rz\u00e9kel\u0151vel. Felcsatolhat\u00f3 kialak\u00edt\u00e1s, 1380 m\u00e9teres hat\u00f3t\u00e1v, 5 \u00f3r\u00e1s akkumul\u00e1tor-\u00e9lettartam. Tart\u00f3s, v\u00edz\u00e1ll\u00f3.<\/p>\n","protected":false},"featured_media":466814,"template":"","meta":{"_acf_changed":false},"product_brand":[11589],"product_cat":[369],"product_tag":[],"class_list":{"0":"post-526168","1":"product","2":"type-product","3":"status-publish","4":"has-post-thumbnail","6":"product_brand-nitehog","7":"product_cat-uncategorized","9":"first","10":"outofstock","11":"taxable","12":"shipping-taxable","13":"purchasable","14":"product-type-simple"},"acf":[],"_links":{"self":[{"href":"https:\/\/nbg.eu\/hu\/wp-json\/wp\/v2\/product\/526168","targetHints":{"allow":["GET"]}}],"collection":[{"href":"https:\/\/nbg.eu\/hu\/wp-json\/wp\/v2\/product"}],"about":[{"href":"https:\/\/nbg.eu\/hu\/wp-json\/wp\/v2\/types\/product"}],"wp:featuredmedia":[{"embeddable":true,"href":"https:\/\/nbg.eu\/hu\/wp-json\/wp\/v2\/media\/466814"}],"wp:attachment":[{"href":"https:\/\/nbg.eu\/hu\/wp-json\/wp\/v2\/media?parent=526168"}],"wp:term":[{"taxonomy":"product_brand","embeddable":true,"href":"https:\/\/nbg.eu\/hu\/wp-json\/wp\/v2\/product_brand?post=526168"},{"taxonomy":"product_cat","embeddable":true,"href":"https:\/\/nbg.eu\/hu\/wp-json\/wp\/v2\/product_cat?post=526168"},{"taxonomy":"product_tag","embeddable":true,"href":"https:\/\/nbg.eu\/hu\/wp-json\/wp\/v2\/product_tag?post=526168"}],"curies":[{"name":"wp","href":"https:\/\/api.w.org\/{rel}","templated":true}]}}