{"id":526310,"date":"2025-08-19T21:01:26","date_gmt":"2025-08-19T18:01:26","guid":{"rendered":"https:\/\/nbg.eu\/product\/ak-safety-lever-krebs-customs-enhanced-safety-mkvi\/"},"modified":"2026-01-21T11:34:11","modified_gmt":"2026-01-21T08:34:11","slug":"ak-safety-lever-krebs-customs-enhanced-safety-mkvi","status":"publish","type":"product","link":"https:\/\/nbg.eu\/hu\/termek\/ak-safety-lever-krebs-customs-enhanced-safety-mkvi\/","title":{"rendered":"AK safety lever Krebs Customs Enhanced Safety (MKVI)"},"content":{"rendered":"<div class=\"product-description\">\n<h2>Krebs Custom Mk VI Biztons\u00e1gi rendszer pr\u00e9selt AK pusk\u00e1khoz<\/h2>\n<p>A Krebs Custom Mk VI Biztons\u00e1gi rendszer standard mint\u00e1j\u00fa pr\u00e9selt tokos AK pusk\u00e1khoz k\u00e9sz\u00fclt. A biztons\u00e1gi kar jellemz\u0151i:<\/p>\n<ul>\n<li>100% USA gy\u00e1rtm\u00e1ny, egyr\u00e9szes kivitel<\/li>\n<li>1mm 1050 ac\u00e9l, 50C Rockwell kem\u00e9nys\u00e9g\u0171re h\u0151kezelve<\/li>\n<li>Jobb ergon\u00f3mia \u00e9s funkcionalit\u00e1s<\/li>\n<li>Egyszer\u0171 beszerel\u00e9s (fegyverm\u0171szer\u00e9sz aj\u00e1nlott VEPR 12-hez)<\/li>\n<\/ul>\n<p>Megjegyz\u00e9s: Nem kompatibilis lengyel Tantal, Yugo pusk\u00e1kkal, vagy Century pusk\u00e1kkal kisebb fegyverm\u0171szer\u00e9szi munka n\u00e9lk\u00fcl. V\u00e1lasszon az Mk VI \u00e9s Mk VI-S k\u00f6z\u00f6tt a puska jelenlegi biztons\u00e1gi r\u00f6gz\u00edt\u0151 poz\u00edci\u00f3ja alapj\u00e1n. \u00c1talak\u00edtott Saiga pusk\u00e1khoz is el\u00e9rhet\u0151 (AKM6S).<\/p>\n<\/div>\n","protected":false},"excerpt":{"rendered":"<p>Prec\u00edzi\u00f3s pr\u00e9sel\u00e9ssel k\u00e9sz\u00fclt AK biztos\u00edt\u00f3kar standard pr\u00e9selt fegyvertestekhez.<\/p>\n","protected":false},"featured_media":467126,"template":"","meta":{"_acf_changed":false},"product_brand":[],"product_cat":[12905,12967,12928],"product_tag":[],"class_list":{"0":"post-526310","1":"product","2":"type-product","3":"status-publish","4":"has-post-thumbnail","6":"product_cat-ak-tuning","7":"product_cat-puska","8":"product_cat-puska-tuning","10":"first","11":"instock","12":"taxable","13":"shipping-taxable","14":"purchasable","15":"product-type-simple"},"acf":[],"_links":{"self":[{"href":"https:\/\/nbg.eu\/hu\/wp-json\/wp\/v2\/product\/526310","targetHints":{"allow":["GET"]}}],"collection":[{"href":"https:\/\/nbg.eu\/hu\/wp-json\/wp\/v2\/product"}],"about":[{"href":"https:\/\/nbg.eu\/hu\/wp-json\/wp\/v2\/types\/product"}],"wp:featuredmedia":[{"embeddable":true,"href":"https:\/\/nbg.eu\/hu\/wp-json\/wp\/v2\/media\/467126"}],"wp:attachment":[{"href":"https:\/\/nbg.eu\/hu\/wp-json\/wp\/v2\/media?parent=526310"}],"wp:term":[{"taxonomy":"product_brand","embeddable":true,"href":"https:\/\/nbg.eu\/hu\/wp-json\/wp\/v2\/product_brand?post=526310"},{"taxonomy":"product_cat","embeddable":true,"href":"https:\/\/nbg.eu\/hu\/wp-json\/wp\/v2\/product_cat?post=526310"},{"taxonomy":"product_tag","embeddable":true,"href":"https:\/\/nbg.eu\/hu\/wp-json\/wp\/v2\/product_tag?post=526310"}],"curies":[{"name":"wp","href":"https:\/\/api.w.org\/{rel}","templated":true}]}}