{"id":526418,"date":"2025-08-20T17:48:48","date_gmt":"2025-08-20T14:48:48","guid":{"rendered":"https:\/\/nbg.eu\/product\/recoil-spring-ismi-15-lb-spring-for-glock-17-gl15\/"},"modified":"2026-01-21T11:39:14","modified_gmt":"2026-01-21T08:39:14","slug":"recoil-spring-ismi-15-lb-spring-for-glock-17-gl15","status":"publish","type":"product","link":"https:\/\/nbg.eu\/hu\/termek\/recoil-spring-ismi-15-lb-spring-for-glock-17-gl15\/","title":{"rendered":"Recoil spring ISMI 15 lb. Spring for Glock 17 (GL15)"},"content":{"rendered":"<div class=\"product-description\">\n<h2>ISMI 15 font lapos huzal\u00fa helyretol\u00f3 rug\u00f3 Glock 17-hez (GL15)<\/h2>\n<p>ISMI helyretol\u00f3 rug\u00f3 Glock 17-hez. Ez a 15 font lapos huzal\u00fa rug\u00f3 kr\u00f3m-van\u00e1dium \u00f6tv\u00f6zetb\u0151l k\u00e9sz\u00fclt, \u00e9s a gy\u00e1ri .250&#8243; vagy kisebb \u00e1tm\u00e9r\u0151j\u0171 vezet\u0151r\u00fadhoz illeszkedik.<\/p>\n<ul>\n<li>CAD tervez\u00e9s\u0171, rep\u00fcl\u0151g\u00e9pipari el\u0151\u00edr\u00e1sok szerint k\u00e9sz\u00fclt<\/li>\n<li>H\u0151kezelt, s\u00f6r\u00e9tezett \u00e9s fesz\u00fclts\u00e9gmentes\u00edtett<\/li>\n<li>K\u00f6vetkezetes \u00e9s megb\u00edzhat\u00f3 teljes\u00edtm\u00e9nyt biztos\u00edt<\/li>\n<li>Kompatibilis: Glock 17, 17L, 20, 21, 22, 24, 31, 35<\/li>\n<li>USA-ban gy\u00e1rtva<\/li>\n<\/ul>\n<p>Az ISMI helyretol\u00f3 rug\u00f3 jav\u00edtja a Glock megb\u00edzhat\u00f3s\u00e1g\u00e1t \u00e9s teljes\u00edtm\u00e9ny\u00e9t. Hat\u00e1ssal van a l\u00f6v\u00e9s k\u00e9nyelm\u00e9re \u00e9s pontoss\u00e1g\u00e1ra.<\/p>\n<\/div>\n","protected":false},"excerpt":{"rendered":"<p>Prec\u00edzi\u00f3s 15 fontos lapos huzalb\u00f3l k\u00e9sz\u00fclt visszarug\u00f3 rug\u00f3 Glock 17-hez. Az Egyes\u00fclt \u00c1llamokban gy\u00e1rtott, fokozza a teljes\u00edtm\u00e9nyt.<\/p>\n","protected":false},"featured_media":470573,"template":"","meta":{"_acf_changed":false},"product_brand":[11409],"product_cat":[12917,12935],"product_tag":[],"class_list":{"0":"post-526418","1":"product","2":"type-product","3":"status-publish","4":"has-post-thumbnail","6":"product_brand-glock","7":"product_cat-kmr-alkatreszek","8":"product_cat-rugok","10":"first","11":"outofstock","12":"taxable","13":"shipping-taxable","14":"purchasable","15":"product-type-simple"},"acf":[],"_links":{"self":[{"href":"https:\/\/nbg.eu\/hu\/wp-json\/wp\/v2\/product\/526418","targetHints":{"allow":["GET"]}}],"collection":[{"href":"https:\/\/nbg.eu\/hu\/wp-json\/wp\/v2\/product"}],"about":[{"href":"https:\/\/nbg.eu\/hu\/wp-json\/wp\/v2\/types\/product"}],"wp:featuredmedia":[{"embeddable":true,"href":"https:\/\/nbg.eu\/hu\/wp-json\/wp\/v2\/media\/470573"}],"wp:attachment":[{"href":"https:\/\/nbg.eu\/hu\/wp-json\/wp\/v2\/media?parent=526418"}],"wp:term":[{"taxonomy":"product_brand","embeddable":true,"href":"https:\/\/nbg.eu\/hu\/wp-json\/wp\/v2\/product_brand?post=526418"},{"taxonomy":"product_cat","embeddable":true,"href":"https:\/\/nbg.eu\/hu\/wp-json\/wp\/v2\/product_cat?post=526418"},{"taxonomy":"product_tag","embeddable":true,"href":"https:\/\/nbg.eu\/hu\/wp-json\/wp\/v2\/product_tag?post=526418"}],"curies":[{"name":"wp","href":"https:\/\/api.w.org\/{rel}","templated":true}]}}