{"id":527508,"date":"2025-09-02T20:13:23","date_gmt":"2025-09-02T17:13:23","guid":{"rendered":"https:\/\/nbg.eu\/product\/general-nano-protection-super-nano-grease-synthetic-761034\/"},"modified":"2026-01-21T11:44:39","modified_gmt":"2026-01-21T08:44:39","slug":"general-nano-protection-super-nano-grease-synthetic-761034","status":"publish","type":"product","link":"https:\/\/nbg.eu\/hu\/termek\/general-nano-protection-super-nano-grease-synthetic-761034\/","title":{"rendered":"General Nano Protection &#8211; Super Nano Grease &#8211; Synthetic &#8211; 761034"},"content":{"rendered":"<h1>General Nano Protection &#8211; Super Nano Grease &#8211; Szintetikus &#8211; 761034<\/h1>\n<p>Szintetikus fegyverolaj. Ez a 200ml-es Super Nano Grease v\u00e9delmet \u00e9s teljes\u00edtm\u00e9nyt ny\u00fajt a fegyver\u00e9nek.<\/p>\n<ul>\n<li>Tiszt\u00edtja a l\u0151por port, szenet \u00e9s zs\u00edrt<\/li>\n<li>Elt\u00e1vol\u00edtja a nedvess\u00e9get \u00e9s v\u00e9d a korr\u00f3zi\u00f3 ellen<\/li>\n<li>Cs\u00f6kkenti a s\u00farl\u00f3d\u00e1st \u00e9s a kop\u00e1st k\u00fcl\u00f6nb\u00f6z\u0151 anyagokon<\/li>\n<li>Meghosszabb\u00edtja a fegyver \u00e9lettartam\u00e1t<\/li>\n<li>Nanor\u00e9szecske technol\u00f3gia a jobb behatol\u00e1s\u00e9rt<\/li>\n<li>Hidrof\u00f3b bevonat tasz\u00edtja a vizet<\/li>\n<li>H\u0151\u00e1ll\u00f3 -60\u00b0C \u00e9s +250\u00b0C k\u00f6z\u00f6tt<\/li>\n<li>Haszn\u00e1lhat\u00f3 f\u00e9men, f\u00e1n, fest\u00e9ken, gum\u00edn \u00e9s m\u0171anyagon<\/li>\n<\/ul>\n<p>Haszn\u00e1lhat\u00f3 m\u0171k\u00f6dtet\u0151 rudakon, cs\u0151torkolatokon, vez\u00e9rl\u0151csapokon \u00e9s m\u00e1s mozg\u00f3 alkatr\u00e9szeken. General Nano Protection term\u00e9k.<\/p>\n","protected":false},"excerpt":{"rendered":"<p>Fejlett nano fegyverolaj: tiszt\u00edtja, keni \u00e9s v\u00e9di a l\u0151fegyvereket.<\/p>\n","protected":false},"featured_media":490520,"template":"","meta":{"_acf_changed":false},"product_brand":[],"product_cat":[12983],"product_tag":[],"class_list":{"0":"post-527508","1":"product","2":"type-product","3":"status-publish","4":"has-post-thumbnail","6":"product_cat-kategorizalatlan","8":"first","9":"instock","10":"taxable","11":"shipping-taxable","12":"purchasable","13":"product-type-simple"},"acf":[],"_links":{"self":[{"href":"https:\/\/nbg.eu\/hu\/wp-json\/wp\/v2\/product\/527508","targetHints":{"allow":["GET"]}}],"collection":[{"href":"https:\/\/nbg.eu\/hu\/wp-json\/wp\/v2\/product"}],"about":[{"href":"https:\/\/nbg.eu\/hu\/wp-json\/wp\/v2\/types\/product"}],"wp:featuredmedia":[{"embeddable":true,"href":"https:\/\/nbg.eu\/hu\/wp-json\/wp\/v2\/media\/490520"}],"wp:attachment":[{"href":"https:\/\/nbg.eu\/hu\/wp-json\/wp\/v2\/media?parent=527508"}],"wp:term":[{"taxonomy":"product_brand","embeddable":true,"href":"https:\/\/nbg.eu\/hu\/wp-json\/wp\/v2\/product_brand?post=527508"},{"taxonomy":"product_cat","embeddable":true,"href":"https:\/\/nbg.eu\/hu\/wp-json\/wp\/v2\/product_cat?post=527508"},{"taxonomy":"product_tag","embeddable":true,"href":"https:\/\/nbg.eu\/hu\/wp-json\/wp\/v2\/product_tag?post=527508"}],"curies":[{"name":"wp","href":"https:\/\/api.w.org\/{rel}","templated":true}]}}