{"id":530425,"date":"2025-09-04T17:31:52","date_gmt":"2025-09-04T14:31:52","guid":{"rendered":"https:\/\/nbg.eu\/product\/strike-industries-overmolded-ultimate-dust-cover-for-223-5-56-mm-black\/"},"modified":"2026-01-21T12:14:40","modified_gmt":"2026-01-21T09:14:40","slug":"strike-industries-overmolded-ultimate-dust-cover-for-223-5-56-mm-black","status":"publish","type":"product","link":"https:\/\/nbg.eu\/hu\/termek\/strike-industries-overmolded-ultimate-dust-cover-for-223-5-56-mm-black\/","title":{"rendered":"Strike Industries &#8211; Overmolded Ultimate Dust Cover for .223\/5.56 mm &#8211; Black"},"content":{"rendered":"<div class=\"product-description\">\n<h2>Strike Industries &#8211; T\u00fal\u00f6nt\u00f6tt porv\u00e9d\u0151 fed\u00e9l .223\/5.56 mm-hez &#8211; Fekete<\/h2>\n<p>AR-15 fegyverhez val\u00f3 porv\u00e9d\u0151 fed\u00e9l. Kett\u0151s befecskendez\u00e9ses \u00f6nt\u00e9ssel \u00e9s gum\u00edrozott t\u00f6m\u00edt\u00e9ssel k\u00e9sz\u00fcl a szennyez\u0151d\u00e9sek \u00e9s v\u00edz elleni v\u00e9delemhez. A bels\u0151 perem szorosabb z\u00e1r\u00e1st biztos\u00edt a hagyom\u00e1nyos porv\u00e9d\u0151kn\u00e9l.<\/p>\n<ul>\n<li>Szersz\u00e1m n\u00e9lk\u00fcli felszerel\u00e9s \u00e9s k\u00f6nny\u0171 sz\u00e9tszerel\u00e9s<\/li>\n<li>Be\u00e9p\u00edtett \u00e1ll\u00edthat\u00f3 r\u00f6gz\u00edt\u0151csavar a kop\u00e1s kompenz\u00e1l\u00e1s\u00e1ra<\/li>\n<li>Csendes m\u0171k\u00f6d\u00e9s gumi p\u00e1rn\u00e1z\u00e1ssal<\/li>\n<li>SI Polymer Extreme anyagb\u00f3l k\u00e9sz\u00fcl<\/li>\n<li>Rozsda\u00e1ll\u00f3 \u00e9s tart\u00f3s<\/li>\n<li>5-10 m\u00e1sodperc alatt fel- \u00e9s leszerelhet\u0151<\/li>\n<\/ul>\n<p>Kompatibilis AR-15 Mil-Spec \u00e9s legt\u00f6bb egyedi fels\u0151 vev\u0151vel, bele\u00e9rtve az Aero Precision M4E1-et. Nem kompatibilis a VLTOR MUR, ZRO Delta, Lantac Enhanced BCG vagy Bootleg Four Position Adjustable Carrier t\u00edpusokkal.<\/p>\n<\/div>\n","protected":false},"excerpt":{"rendered":"<p>Tov\u00e1bbfejlesztett AR-15 porv\u00e9d\u0151 fed\u00e9l: Csendes, gyorsan felszerelhet\u0151, t\u00f6rmel\u00e9k\u00e1ll\u00f3 t\u00f6m\u00edt\u00e9s.<\/p>\n","protected":false},"featured_media":493272,"template":"","meta":{"_acf_changed":false},"product_brand":[14613],"product_cat":[12951,12967,12928],"product_tag":[],"class_list":{"0":"post-530425","1":"product","2":"type-product","3":"status-publish","4":"has-post-thumbnail","6":"product_brand-strike-industries","7":"product_cat-ar-hangolas","8":"product_cat-puska","9":"product_cat-puska-tuning","11":"first","12":"instock","13":"taxable","14":"shipping-taxable","15":"purchasable","16":"product-type-simple"},"acf":[],"_links":{"self":[{"href":"https:\/\/nbg.eu\/hu\/wp-json\/wp\/v2\/product\/530425","targetHints":{"allow":["GET"]}}],"collection":[{"href":"https:\/\/nbg.eu\/hu\/wp-json\/wp\/v2\/product"}],"about":[{"href":"https:\/\/nbg.eu\/hu\/wp-json\/wp\/v2\/types\/product"}],"wp:featuredmedia":[{"embeddable":true,"href":"https:\/\/nbg.eu\/hu\/wp-json\/wp\/v2\/media\/493272"}],"wp:attachment":[{"href":"https:\/\/nbg.eu\/hu\/wp-json\/wp\/v2\/media?parent=530425"}],"wp:term":[{"taxonomy":"product_brand","embeddable":true,"href":"https:\/\/nbg.eu\/hu\/wp-json\/wp\/v2\/product_brand?post=530425"},{"taxonomy":"product_cat","embeddable":true,"href":"https:\/\/nbg.eu\/hu\/wp-json\/wp\/v2\/product_cat?post=530425"},{"taxonomy":"product_tag","embeddable":true,"href":"https:\/\/nbg.eu\/hu\/wp-json\/wp\/v2\/product_tag?post=530425"}],"curies":[{"name":"wp","href":"https:\/\/api.w.org\/{rel}","templated":true}]}}