{"id":533969,"date":"2025-09-04T18:48:31","date_gmt":"2025-09-04T15:48:31","guid":{"rendered":"https:\/\/nbg.eu\/product\/ftcs-buttstock-mounting-adapter-picatinny-for-saiga-cerakote-h-146-nr-28\/"},"modified":"2026-01-21T11:40:09","modified_gmt":"2026-01-21T08:40:09","slug":"ftcs-buttstock-mounting-adapter-picatinny-for-saiga-cerakote-h-146-nr-28","status":"publish","type":"product","link":"https:\/\/nbg.eu\/hu\/termek\/ftcs-buttstock-mounting-adapter-picatinny-for-saiga-cerakote-h-146-nr-28\/","title":{"rendered":"FTCS &#8211; Buttstock Mounting Adapter Picatinny for Saiga &#8211; Cerakote &#8211; H-146 &#8211; Nr. 28"},"content":{"rendered":"<div class=\"product-description\">\n<h2>FTCS &#8211; Tusatalp adapter Picatinny rendszerhez Saiga fegyverekhez &#8211; Cerakote H-146<\/h2>\n<p>Ez az adapter Saiga \u00e9s hasonl\u00f3 platformokhoz haszn\u00e1lhat\u00f3. Alum\u00edniumb\u00f3l k\u00e9sz\u00fclt, \u00e9s Graphite Black H-146 Cerakote bevonattal rendelkezik.<\/p>\n<ul>\n<li>Kompatibilis Saiga \u00e9s hasonl\u00f3 platformokkal<\/li>\n<li>Lehet\u0151v\u00e9 teszi Picatinny-kompatibilis tusatalpak vagy stabiliz\u00e1torok felszerel\u00e9s\u00e9t<\/li>\n<li>Nem ig\u00e9nyel tov\u00e1bbi alkatr\u00e9szeket a felszerel\u00e9shez<\/li>\n<li>Gy\u00e1rt\u00f3i log\u00f3 grav\u00edroz\u00e1ssal<\/li>\n<li>M\u00e9retek: 35 x 31 x 30 mm<\/li>\n<li>S\u00faly: 49 g<\/li>\n<\/ul>\n<p>Haszn\u00e1lhat\u00f3 Strike Industries tusatalpakkal, mint p\u00e9ld\u00e1ul SI-FSA-DUAL, SI-FSA-DUAL-STOCK, vagy SI-FSA-DUAL-STAB. Ez az adapter b\u0151v\u00edti a fegyver sokoldal\u00fas\u00e1g\u00e1t.<\/p>\n<\/div>\n","protected":false},"excerpt":{"rendered":"<p>Saiga tusaadapter. Picatinny s\u00edn. Cerakote H-146 bevonat. FTCS sz\u00e1m: 28.<\/p>\n","protected":false},"featured_media":494448,"template":"","meta":{"_acf_changed":false},"product_brand":[],"product_cat":[12905,12967,12928],"product_tag":[],"class_list":{"0":"post-533969","1":"product","2":"type-product","3":"status-publish","4":"has-post-thumbnail","6":"product_cat-ak-tuning","7":"product_cat-puska","8":"product_cat-puska-tuning","10":"first","11":"instock","12":"taxable","13":"shipping-taxable","14":"purchasable","15":"product-type-simple"},"acf":[],"_links":{"self":[{"href":"https:\/\/nbg.eu\/hu\/wp-json\/wp\/v2\/product\/533969","targetHints":{"allow":["GET"]}}],"collection":[{"href":"https:\/\/nbg.eu\/hu\/wp-json\/wp\/v2\/product"}],"about":[{"href":"https:\/\/nbg.eu\/hu\/wp-json\/wp\/v2\/types\/product"}],"wp:featuredmedia":[{"embeddable":true,"href":"https:\/\/nbg.eu\/hu\/wp-json\/wp\/v2\/media\/494448"}],"wp:attachment":[{"href":"https:\/\/nbg.eu\/hu\/wp-json\/wp\/v2\/media?parent=533969"}],"wp:term":[{"taxonomy":"product_brand","embeddable":true,"href":"https:\/\/nbg.eu\/hu\/wp-json\/wp\/v2\/product_brand?post=533969"},{"taxonomy":"product_cat","embeddable":true,"href":"https:\/\/nbg.eu\/hu\/wp-json\/wp\/v2\/product_cat?post=533969"},{"taxonomy":"product_tag","embeddable":true,"href":"https:\/\/nbg.eu\/hu\/wp-json\/wp\/v2\/product_tag?post=533969"}],"curies":[{"name":"wp","href":"https:\/\/api.w.org\/{rel}","templated":true}]}}