{"id":534404,"date":"2025-09-04T20:13:16","date_gmt":"2025-09-04T17:13:16","guid":{"rendered":"https:\/\/nbg.eu\/product\/garmin-gps-navigator-gpsmap-67i\/"},"modified":"2026-01-21T11:34:27","modified_gmt":"2026-01-21T08:34:27","slug":"garmin-gps-navigator-gpsmap-67i","status":"publish","type":"product","link":"https:\/\/nbg.eu\/hu\/termek\/garmin-gps-navigator-gpsmap-67i\/","title":{"rendered":"Garmin GPS navigator GPSMAP 67i"},"content":{"rendered":"<p>    <title>Garmin GPSMAP 67i &#8211; Fejlett GPS navig\u00e1tor \u00e9s m\u0171holdas kommunik\u00e1ci\u00f3s eszk\u00f6z<\/title><\/p>\n<h1>Garmin GPSMAP 67i<\/h1>\n<h2>Fejlett GPS navig\u00e1tor \u00e9s m\u0171holdas kommunik\u00e1ci\u00f3s eszk\u00f6z<\/h2>\n<p>A Garmin GPSMAP 67i egy k\u00e9zi GPS eszk\u00f6z, amely fejlett navig\u00e1ci\u00f3s k\u00e9pess\u00e9geket \u00e9s m\u0171holdas kommunik\u00e1ci\u00f3t kombin\u00e1l. Ez az eszk\u00f6z biztos\u00edtja, hogy kapcsolatban maradjon \u00e9s biztons\u00e1gban legyen, b\u00e1rhol is j\u00e1r.<\/p>\n<h3>F\u0151bb jellemz\u0151k:<\/h3>\n<ul>\n<li><strong>T\u00f6bbs\u00e1vos GNSS t\u00e1mogat\u00e1s:<\/strong> T\u00f6bb glob\u00e1lis navig\u00e1ci\u00f3s m\u0171holdrendszerhez val\u00f3 hozz\u00e1f\u00e9r\u00e9s a pontosabb helymeghat\u00e1roz\u00e1s \u00e9rdek\u00e9ben.<\/li>\n<li><strong>inReach\u00ae technol\u00f3gia:<\/strong> K\u00e9tir\u00e1ny\u00fa \u00fczenetk\u00fcld\u00e9s, interakt\u00edv SOS riaszt\u00e1sok \u00e9s helymeghat\u00e1roz\u00e1si k\u00e9pess\u00e9gek.<\/li>\n<li><strong>Akkumul\u00e1tor \u00e9lettartam:<\/strong> Ak\u00e1r 165 \u00f3ra nyomk\u00f6vet\u00e9si m\u00f3dban \u00e9s 425 \u00f3ra exped\u00edci\u00f3s m\u00f3dban.<\/li>\n<li><strong>El\u0151re telep\u00edtett TopoActive t\u00e9rk\u00e9pek:<\/strong> R\u00e9szletes t\u00e9rk\u00e9pek az USA, Mexik\u00f3 \u00e9s Kanada ter\u00fclet\u00e9re, glob\u00e1lis t\u00e9rk\u00e9pez\u00e9si lehet\u0151s\u00e9ggel.<\/li>\n<li><strong>ABC \u00e9rz\u00e9kel\u0151k:<\/strong> Be\u00e9p\u00edtett magass\u00e1gm\u00e9r\u0151, barom\u00e9ter \u00e9s 3-tengelyes elektronikus ir\u00e1nyt\u0171.<\/li>\n<li><strong>M\u0171holdk\u00e9pek:<\/strong> Nagy felbont\u00e1s\u00fa, fotorealisztikus t\u00e9rk\u00e9pek let\u00f6lt\u00e9se Wi-Fi\u00ae-n kereszt\u00fcl.<\/li>\n<\/ul>\n<h3>Tart\u00f3ss\u00e1g \u00e9s kialak\u00edt\u00e1s:<\/h3>\n<p>Katonai szabv\u00e1nyok szerint k\u00e9sz\u00fclt (MIL-STD-810) h\u0151-, \u00fct\u00e9s- \u00e9s v\u00edz\u00e1ll\u00f3s\u00e1g szempontj\u00e1b\u00f3l. IPX7 v\u00edz\u00e1ll\u00f3s\u00e1gi besorol\u00e1ssal rendelkezik.<\/p>\n<h3>Navig\u00e1ci\u00f3 \u00e9s t\u00e9rk\u00e9pez\u00e9s:<\/h3>\n<p>3&#8243; transflekt\u00edv sz\u00ednes TFT kijelz\u0151 (240 x 400 pixel). 16 GB bels\u0151 t\u00e1rhely \u00e9s t\u00e1mogat\u00e1s ak\u00e1r 32 GB-os microSD k\u00e1rty\u00e1khoz.<\/p>\n<h3>Kommunik\u00e1ci\u00f3 \u00e9s biztons\u00e1g:<\/h3>\n<p>Az Iridium\u00ae m\u0171holdas h\u00e1l\u00f3zatot haszn\u00e1lja k\u00e9tir\u00e1ny\u00fa \u00fczenetk\u00fcld\u00e9shez \u00e9s SOS k\u00e9pess\u00e9gekhez. A Garmin Messenger\u2122 alkalmaz\u00e1s \u00e9s a LiveTrack\u2122 funkci\u00f3 tov\u00e1bbi kommunik\u00e1ci\u00f3s lehet\u0151s\u00e9geket biztos\u00edt.<\/p>\n<h3>Tov\u00e1bbi funkci\u00f3k:<\/h3>\n<ul>\n<li>LED zsebl\u00e1mpa v\u00e9szjelz\u00e9shez<\/li>\n<li>Geocaching Live t\u00e1mogat\u00e1s<\/li>\n<li>Kompatibilit\u00e1s a Garmin Explore\u2122 alkalmaz\u00e1ssal<\/li>\n<li>Opcion\u00e1lis inReach id\u0151j\u00e1r\u00e1s-el\u0151rejelz\u00e9s<\/li>\n<li>Akt\u00edv id\u0151j\u00e1r\u00e1s-friss\u00edt\u00e9sek a Garmin Explore okostelefon alkalmaz\u00e1son kereszt\u00fcl<\/li>\n<\/ul>\n<p>A Garmin GPSMAP 67i fejlett navig\u00e1ci\u00f3t, megb\u00edzhat\u00f3 kommunik\u00e1ci\u00f3t \u00e9s strapab\u00edr\u00f3 kialak\u00edt\u00e1st k\u00edn\u00e1l a szabadt\u00e9ri tev\u00e9kenys\u00e9gekhez.<\/p>\n","protected":false},"excerpt":{"rendered":"<p>Strapab\u00edr\u00f3 k\u00e9zi GPS-k\u00e9sz\u00fcl\u00e9k m\u0171holdas kommunik\u00e1ci\u00f3val, t\u00e9rk\u00e9pez\u00e9ssel \u00e9s 425 \u00f3r\u00e1s akkumul\u00e1tor-\u00e9lettartammal k\u00fclt\u00e9ri kalandokhoz.<\/p>\n","protected":false},"featured_media":495073,"template":"","meta":{"_acf_changed":false},"product_brand":[],"product_cat":[12983],"product_tag":[],"class_list":{"0":"post-534404","1":"product","2":"type-product","3":"status-publish","4":"has-post-thumbnail","6":"product_cat-kategorizalatlan","8":"first","9":"outofstock","10":"taxable","11":"shipping-taxable","12":"purchasable","13":"product-type-simple"},"acf":[],"_links":{"self":[{"href":"https:\/\/nbg.eu\/hu\/wp-json\/wp\/v2\/product\/534404","targetHints":{"allow":["GET"]}}],"collection":[{"href":"https:\/\/nbg.eu\/hu\/wp-json\/wp\/v2\/product"}],"about":[{"href":"https:\/\/nbg.eu\/hu\/wp-json\/wp\/v2\/types\/product"}],"wp:featuredmedia":[{"embeddable":true,"href":"https:\/\/nbg.eu\/hu\/wp-json\/wp\/v2\/media\/495073"}],"wp:attachment":[{"href":"https:\/\/nbg.eu\/hu\/wp-json\/wp\/v2\/media?parent=534404"}],"wp:term":[{"taxonomy":"product_brand","embeddable":true,"href":"https:\/\/nbg.eu\/hu\/wp-json\/wp\/v2\/product_brand?post=534404"},{"taxonomy":"product_cat","embeddable":true,"href":"https:\/\/nbg.eu\/hu\/wp-json\/wp\/v2\/product_cat?post=534404"},{"taxonomy":"product_tag","embeddable":true,"href":"https:\/\/nbg.eu\/hu\/wp-json\/wp\/v2\/product_tag?post=534404"}],"curies":[{"name":"wp","href":"https:\/\/api.w.org\/{rel}","templated":true}]}}