{"id":534513,"date":"2025-09-04T20:13:16","date_gmt":"2025-09-04T17:13:16","guid":{"rendered":"https:\/\/nbg.eu\/product\/ismi-17-lb-pruzhina-za-glock-17-gl17\/"},"modified":"2026-02-27T15:51:50","modified_gmt":"2026-02-27T12:51:50","slug":"ismi-17-lb-pruzhina-za-glock-17-gl17","status":"publish","type":"product","link":"https:\/\/nbg.eu\/hu\/termek\/ismi-17-lb-pruzhina-za-glock-17-gl17\/","title":{"rendered":"ISMI 17 lb. \u041f\u0440\u0443\u0436\u0438\u043d\u0430 \u0437\u0430 Glock 17 (GL17)"},"content":{"rendered":"<div class=\"product-description\">\n<h2>ISMI 17 font Glock 17 rug\u00f3 (GL17)<\/h2>\n<p>Ez a 17 font visszar\u00fag\u00f3 rug\u00f3 a Glock 17-hez k\u00e9sz\u00fclt. Az Egyes\u00fclt \u00c1llamokban gy\u00e1rtj\u00e1k rep\u00fcl\u0151g\u00e9pipari el\u0151\u00edr\u00e1sok szerint. A rug\u00f3 jellemz\u0151i:<\/p>\n<ul>\n<li>CAD tervez\u00e9s\u0171 pontos illeszked\u00e9s<\/li>\n<li>Kr\u00f3m-szil\u00edcium, rozsdamentes ac\u00e9l vagy kr\u00f3m-van\u00e1dium szerkezet<\/li>\n<li>H\u0151kezelt, szemcsesz\u00f3rt \u00e9s fesz\u00fclts\u00e9gmentes\u00edtett a tart\u00f3ss\u00e1g\u00e9rt<\/li>\n<li>Lapos huzal kialak\u00edt\u00e1s<\/li>\n<li>Gy\u00e1ri vezet\u0151r\u00fadhoz illeszkedik (.250&#8243; vagy kevesebb)<\/li>\n<li>Kompatibilis: Glock 17, 17L, 20, 21, 22, 24, 31, 35<\/li>\n<\/ul>\n<p>Ez a korr\u00f3zi\u00f3\u00e1ll\u00f3 rug\u00f3 a Glock 17 k\u00f6vetelm\u00e9nyeinek megfelel\u0151en k\u00e9sz\u00fclt.<\/p>\n<\/div>\n","protected":false},"excerpt":{"rendered":"<p>17 lb-os visszar\u00fag\u00f3 rug\u00f3 Glock 17-hez. USA-ban gy\u00e1rtott, tart\u00f3s, megb\u00edzhat\u00f3.<\/p>\n","protected":false},"featured_media":495349,"template":"","meta":{"_acf_changed":false},"product_brand":[],"product_cat":[12913,12935],"product_tag":[],"class_list":{"0":"post-534513","1":"product","2":"type-product","3":"status-publish","4":"has-post-thumbnail","6":"product_cat-pisztoly-alkatreszek","7":"product_cat-rugok","9":"first","10":"outofstock","11":"taxable","12":"shipping-taxable","13":"purchasable","14":"product-type-simple"},"acf":[],"_links":{"self":[{"href":"https:\/\/nbg.eu\/hu\/wp-json\/wp\/v2\/product\/534513","targetHints":{"allow":["GET"]}}],"collection":[{"href":"https:\/\/nbg.eu\/hu\/wp-json\/wp\/v2\/product"}],"about":[{"href":"https:\/\/nbg.eu\/hu\/wp-json\/wp\/v2\/types\/product"}],"wp:featuredmedia":[{"embeddable":true,"href":"https:\/\/nbg.eu\/hu\/wp-json\/wp\/v2\/media\/495349"}],"wp:attachment":[{"href":"https:\/\/nbg.eu\/hu\/wp-json\/wp\/v2\/media?parent=534513"}],"wp:term":[{"taxonomy":"product_brand","embeddable":true,"href":"https:\/\/nbg.eu\/hu\/wp-json\/wp\/v2\/product_brand?post=534513"},{"taxonomy":"product_cat","embeddable":true,"href":"https:\/\/nbg.eu\/hu\/wp-json\/wp\/v2\/product_cat?post=534513"},{"taxonomy":"product_tag","embeddable":true,"href":"https:\/\/nbg.eu\/hu\/wp-json\/wp\/v2\/product_tag?post=534513"}],"curies":[{"name":"wp","href":"https:\/\/api.w.org\/{rel}","templated":true}]}}