{"id":535185,"date":"2025-09-04T23:53:22","date_gmt":"2025-09-04T20:53:22","guid":{"rendered":"https:\/\/nbg.eu\/product\/law-tactical-llc-armorers-flange-tool-2019aft\/"},"modified":"2026-01-21T11:58:40","modified_gmt":"2026-01-21T08:58:40","slug":"law-tactical-llc-armorers-flange-tool-2019aft","status":"publish","type":"product","link":"https:\/\/nbg.eu\/hu\/termek\/law-tactical-llc-armorers-flange-tool-2019aft\/","title":{"rendered":"LAW TACTICAL LLC Armorer&#8217;s Flange Tool (2019AFT)"},"content":{"rendered":"<div class=\"product-description\">\n<h2>LAW TACTICAL LLC Fegyverm\u0171ves Peremszersz\u00e1m (2019AFT)<\/h2>\n<p>Eszk\u00f6z a Law Tactical \u00d6sszecsukhat\u00f3 Tusaadapter karbantart\u00e1s\u00e1hoz. Ez az \u00fajrahaszn\u00e1lhat\u00f3 perem beszerel\u0151 \u00e9s elt\u00e1vol\u00edt\u00f3 szersz\u00e1m h\u0151kezelt sz\u00e9nac\u00e9lb\u00f3l k\u00e9sz\u00fclt, ami biztos\u00edtja a szil\u00e1rds\u00e1got \u00e9s tart\u00f3ss\u00e1got.<\/p>\n<ul>\n<li>T\u00f6m\u00f6r, h\u0151kezelt sz\u00e9nac\u00e9l r\u00fadb\u00f3l megmunk\u00e1lva<\/li>\n<li>Hossz\u00fa \u00e9lettartamra \u00e9s megb\u00edzhat\u00f3s\u00e1gra tervezve<\/li>\n<li>3\/8&#8243; n\u00e9gysz\u00f6g meghajt\u00e1ssal rendelkezik a nyomat\u00e9kkulcs kompatibilit\u00e1s\u00e9rt<\/li>\n<li>Egyenk\u00e9nt ellen\u0151rizve a min\u0151s\u00e9g biztos\u00edt\u00e1sa \u00e9rdek\u00e9ben<\/li>\n<li>Fekete Melonit bevonattal a fokozott v\u00e9delem \u00e9rdek\u00e9ben<\/li>\n<\/ul>\n<p>Fegyverm\u0171ves szersz\u00e1m, amely alkalmas szakemberek \u00e9s hobbi felhaszn\u00e1l\u00f3k sz\u00e1m\u00e1ra egyar\u00e1nt.<\/p>\n<\/div>\n","protected":false},"excerpt":{"rendered":"<p>Tart\u00f3s ac\u00e9l szersz\u00e1m a Law Tactical \u00f6sszecsukhat\u00f3 tusaadapter peremeihez.<\/p>\n","protected":false},"featured_media":495824,"template":"","meta":{"_acf_changed":false},"product_brand":[14395],"product_cat":[12983],"product_tag":[],"class_list":{"0":"post-535185","1":"product","2":"type-product","3":"status-publish","4":"has-post-thumbnail","6":"product_brand-law-tactical-llc","7":"product_cat-kategorizalatlan","9":"first","10":"outofstock","11":"taxable","12":"shipping-taxable","13":"purchasable","14":"product-type-simple"},"acf":[],"_links":{"self":[{"href":"https:\/\/nbg.eu\/hu\/wp-json\/wp\/v2\/product\/535185","targetHints":{"allow":["GET"]}}],"collection":[{"href":"https:\/\/nbg.eu\/hu\/wp-json\/wp\/v2\/product"}],"about":[{"href":"https:\/\/nbg.eu\/hu\/wp-json\/wp\/v2\/types\/product"}],"wp:featuredmedia":[{"embeddable":true,"href":"https:\/\/nbg.eu\/hu\/wp-json\/wp\/v2\/media\/495824"}],"wp:attachment":[{"href":"https:\/\/nbg.eu\/hu\/wp-json\/wp\/v2\/media?parent=535185"}],"wp:term":[{"taxonomy":"product_brand","embeddable":true,"href":"https:\/\/nbg.eu\/hu\/wp-json\/wp\/v2\/product_brand?post=535185"},{"taxonomy":"product_cat","embeddable":true,"href":"https:\/\/nbg.eu\/hu\/wp-json\/wp\/v2\/product_cat?post=535185"},{"taxonomy":"product_tag","embeddable":true,"href":"https:\/\/nbg.eu\/hu\/wp-json\/wp\/v2\/product_tag?post=535185"}],"curies":[{"name":"wp","href":"https:\/\/api.w.org\/{rel}","templated":true}]}}