{"id":535510,"date":"2025-09-05T00:00:24","date_gmt":"2025-09-04T21:00:24","guid":{"rendered":"https:\/\/nbg.eu\/product\/rh-504-2-screws-iwb\/"},"modified":"2026-01-21T11:34:53","modified_gmt":"2026-01-21T08:34:53","slug":"rh-504-2-screws-iwb","status":"publish","type":"product","link":"https:\/\/nbg.eu\/hu\/termek\/rh-504-2-screws-iwb\/","title":{"rendered":"RH 504-2 Screws IWB"},"content":{"rendered":"<h1>RH 504-2 Csavarok IWB &#8211; Cserek\u00e9szlet IWB Tokhoz<\/h1>\n<p>Az RH 504-2 Csavarok IWB cserek\u00e9szlet a Black Trident IWB tokjainkhoz k\u00e9sz\u00fclt, biztos\u00edtva a megfelel\u0151 illeszked\u00e9st \u00e9s m\u0171k\u00f6d\u00e9st.<\/p>\n<h2>A k\u00e9szlet tartalma:<\/h2>\n<ul>\n<li>4 db 9mm-es csavar h\u00fcvellyel \u00e9s t\u00e1vtart\u00f3val<\/li>\n<li>4 db 3mm-es t\u00e1vtart\u00f3<\/li>\n<li>4 db 6mm-es csavar<\/li>\n<li>4 db 4,7mm-es h\u00fcvely<\/li>\n<\/ul>\n<p>Kompatibilis a Viking, Quasimodo \u00e9s Guardian tok modellekkel.<\/p>\n<p><strong>Tipp:<\/strong> A maxim\u00e1lis biztons\u00e1g \u00e9rdek\u00e9ben javasoljuk csavarr\u00f6gz\u00edt\u0151 haszn\u00e1lat\u00e1t (k\u00fcl\u00f6n kaphat\u00f3).<\/p>\n<p>Rendelje meg az RH 504-2 Csavarok IWB k\u00e9szletet tokj\u00e1nak karbantart\u00e1s\u00e1hoz.<\/p>\n","protected":false},"excerpt":{"rendered":"<p>Cserecsavar k\u00e9szlet Black Trident IWB pisztolytokok sz\u00e1m\u00e1ra. 16 darabot tartalmaz.<\/p>\n","protected":false},"featured_media":0,"template":"","meta":{"_acf_changed":false},"product_brand":[11643],"product_cat":[12948],"product_tag":[],"class_list":{"0":"post-535510","1":"product","2":"type-product","3":"status-publish","5":"product_brand-rh-holsters","6":"product_cat-tok-tartozekok","8":"first","9":"instock","10":"taxable","11":"shipping-taxable","12":"purchasable","13":"product-type-simple"},"acf":[],"_links":{"self":[{"href":"https:\/\/nbg.eu\/hu\/wp-json\/wp\/v2\/product\/535510","targetHints":{"allow":["GET"]}}],"collection":[{"href":"https:\/\/nbg.eu\/hu\/wp-json\/wp\/v2\/product"}],"about":[{"href":"https:\/\/nbg.eu\/hu\/wp-json\/wp\/v2\/types\/product"}],"wp:attachment":[{"href":"https:\/\/nbg.eu\/hu\/wp-json\/wp\/v2\/media?parent=535510"}],"wp:term":[{"taxonomy":"product_brand","embeddable":true,"href":"https:\/\/nbg.eu\/hu\/wp-json\/wp\/v2\/product_brand?post=535510"},{"taxonomy":"product_cat","embeddable":true,"href":"https:\/\/nbg.eu\/hu\/wp-json\/wp\/v2\/product_cat?post=535510"},{"taxonomy":"product_tag","embeddable":true,"href":"https:\/\/nbg.eu\/hu\/wp-json\/wp\/v2\/product_tag?post=535510"}],"curies":[{"name":"wp","href":"https:\/\/api.w.org\/{rel}","templated":true}]}}