{"id":535938,"date":"2025-09-05T00:03:25","date_gmt":"2025-09-04T21:03:25","guid":{"rendered":"https:\/\/nbg.eu\/product\/utg-pro-monolithic-m-lok-handguard-for-mp5k\/"},"modified":"2026-01-21T12:27:14","modified_gmt":"2026-01-21T09:27:14","slug":"utg-pro-monolithic-m-lok-handguard-for-mp5k","status":"publish","type":"product","link":"https:\/\/nbg.eu\/hu\/termek\/utg-pro-monolithic-m-lok-handguard-for-mp5k\/","title":{"rendered":"UTG PRO?\u00ae MONOLITHIC M-LOK\u00ae HANDGUARD FOR MP5K"},"content":{"rendered":"<div class=\"product-description\">\n<h2>UTG PRO\u00ae Monolitikus M-LOK\u00ae El\u0151agy MP5K-hoz<\/h2>\n<p>UTG PRO\u00ae Monolitikus M-LOK\u00ae El\u0151agy MP5K-hoz. Ez a kieg\u00e9sz\u00edt\u0151 a k\u00f6vetkez\u0151ket k\u00edn\u00e1lja:<\/p>\n<ul>\n<li>Alum\u00ednium szerkezet a k\u00f6nny\u0171 s\u00faly \u00e9rdek\u00e9ben<\/li>\n<li>M-LOK\u00ae kompatibilis r\u00f6gz\u00edt\u00e9si pontok kieg\u00e9sz\u00edt\u0151k sz\u00e1m\u00e1ra<\/li>\n<li>Alacsony profil\u00fa kialak\u00edt\u00e1s az ergon\u00f3mia \u00e9rdek\u00e9ben<\/li>\n<li>Egyszer\u0171 felszerel\u00e9s, nem ig\u00e9nyel fegyverm\u0171ves munk\u00e1t<\/li>\n<li>Jobb h\u0151elvezet\u00e9s hosszabb l\u00f6v\u00e9szetek sor\u00e1n<\/li>\n<li>Amerikai gy\u00e1rtm\u00e1ny, \u00e9lettartam garanci\u00e1val<\/li>\n<\/ul>\n<p>Az UTG PRO\u00ae Monolitikus M-LOK\u00ae El\u0151agy funkcionalit\u00e1st \u00e9s st\u00edlust k\u00edn\u00e1l, megfelel\u0151 rendv\u00e9delmi szervek, versenyl\u00f6v\u0151k \u00e9s fegyverkedvel\u0151k sz\u00e1m\u00e1ra.<\/p>\n<\/div>\n","protected":false},"excerpt":{"rendered":"<p>UTG PRO M-LOK el\u0151agy: Eleg\u00e1ns, tart\u00f3s fejleszt\u00e9s az MP5K-hoz.<\/p>\n","protected":false},"featured_media":745243,"template":"","meta":{"_acf_changed":false},"product_brand":[14405],"product_cat":[14800,12967,12928,12981],"product_tag":[],"class_list":{"0":"post-535938","1":"product","2":"type-product","3":"status-publish","4":"has-post-thumbnail","6":"product_brand-leapers-inc","7":"product_cat-kezvedok","8":"product_cat-puska","9":"product_cat-puska-tuning","10":"product_cat-sinek","12":"first","13":"instock","14":"taxable","15":"shipping-taxable","16":"purchasable","17":"product-type-simple"},"acf":[],"_links":{"self":[{"href":"https:\/\/nbg.eu\/hu\/wp-json\/wp\/v2\/product\/535938","targetHints":{"allow":["GET"]}}],"collection":[{"href":"https:\/\/nbg.eu\/hu\/wp-json\/wp\/v2\/product"}],"about":[{"href":"https:\/\/nbg.eu\/hu\/wp-json\/wp\/v2\/types\/product"}],"wp:featuredmedia":[{"embeddable":true,"href":"https:\/\/nbg.eu\/hu\/wp-json\/wp\/v2\/media\/745243"}],"wp:attachment":[{"href":"https:\/\/nbg.eu\/hu\/wp-json\/wp\/v2\/media?parent=535938"}],"wp:term":[{"taxonomy":"product_brand","embeddable":true,"href":"https:\/\/nbg.eu\/hu\/wp-json\/wp\/v2\/product_brand?post=535938"},{"taxonomy":"product_cat","embeddable":true,"href":"https:\/\/nbg.eu\/hu\/wp-json\/wp\/v2\/product_cat?post=535938"},{"taxonomy":"product_tag","embeddable":true,"href":"https:\/\/nbg.eu\/hu\/wp-json\/wp\/v2\/product_tag?post=535938"}],"curies":[{"name":"wp","href":"https:\/\/api.w.org\/{rel}","templated":true}]}}