{"id":536050,"date":"2025-09-05T00:03:25","date_gmt":"2025-09-04T21:03:25","guid":{"rendered":"https:\/\/nbg.eu\/product\/utg-pro-monolithic-m-lok-handguard-for-mp5-extended-length\/"},"modified":"2026-02-27T15:51:13","modified_gmt":"2026-02-27T12:51:13","slug":"utg-pro-monolithic-m-lok-handguard-for-mp5-extended-length","status":"publish","type":"product","link":"https:\/\/nbg.eu\/hu\/termek\/utg-pro-monolithic-m-lok-handguard-for-mp5-extended-length\/","title":{"rendered":"UTG PRO\u00ae Monolithic M-LOK\u00ae Handguard, for MP5\u00ae, Extended Length"},"content":{"rendered":"<div class=\"product-description\">\n<h2>UTG PRO\u00ae Monolitikus M-LOK\u00ae Markolat MP5\u00ae-hez, Hosszabb\u00edtott Kivitel<\/h2>\n<p>MP5\u00ae fejleszt\u00e9s\u00e9re szolg\u00e1l\u00f3 UTG PRO\u00ae Monolitikus M-LOK\u00ae Markolat. A hosszabb\u00edtott markolat jellemz\u0151i:<\/p>\n<ul>\n<li>Alum\u00ednium szerkezet<\/li>\n<li>M-LOK\u00ae kompatibilis r\u00f6gz\u00edt\u00e9si pontok<\/li>\n<li>Hosszabb\u00edtott kivitel<\/li>\n<li>Egyr\u00e9szes kialak\u00edt\u00e1s<\/li>\n<li>Szerel\u00e9si kell\u00e9kekkel egy\u00fctt<\/li>\n<li>H\u0151elvezet\u00e9si tulajdons\u00e1gok<\/li>\n<\/ul>\n<p>Ez a markolat az MP5\u00ae-\u00f6t \u00e1talak\u00edthat\u00f3 platformm\u00e1 teszi. A UTG PRO\u00ae Monolitikus M-LOK\u00ae Markolat haszn\u00e1lat\u00e1val jav\u00edthatja a pontoss\u00e1got \u00e9s a kezelhet\u0151s\u00e9get.<\/p>\n<\/div>\n","protected":false},"excerpt":{"rendered":"<p>UTG PRO\u00ae Meghosszabb\u00edtott M-LOK\u00ae El\u0151agy MP5\u00ae-h\u00f6z: Tart\u00f3s, sokoldal\u00fa, prec\u00edzi\u00f3s tervez\u00e9s\u0171.<\/p>\n","protected":false},"featured_media":745411,"template":"","meta":{"_acf_changed":false},"product_brand":[14405],"product_cat":[14800,12967,12928,12981],"product_tag":[],"class_list":{"0":"post-536050","1":"product","2":"type-product","3":"status-publish","4":"has-post-thumbnail","6":"product_brand-leapers-inc","7":"product_cat-kezvedok","8":"product_cat-puska","9":"product_cat-puska-tuning","10":"product_cat-sinek","12":"first","13":"instock","14":"taxable","15":"shipping-taxable","16":"purchasable","17":"product-type-simple"},"acf":[],"_links":{"self":[{"href":"https:\/\/nbg.eu\/hu\/wp-json\/wp\/v2\/product\/536050","targetHints":{"allow":["GET"]}}],"collection":[{"href":"https:\/\/nbg.eu\/hu\/wp-json\/wp\/v2\/product"}],"about":[{"href":"https:\/\/nbg.eu\/hu\/wp-json\/wp\/v2\/types\/product"}],"wp:featuredmedia":[{"embeddable":true,"href":"https:\/\/nbg.eu\/hu\/wp-json\/wp\/v2\/media\/745411"}],"wp:attachment":[{"href":"https:\/\/nbg.eu\/hu\/wp-json\/wp\/v2\/media?parent=536050"}],"wp:term":[{"taxonomy":"product_brand","embeddable":true,"href":"https:\/\/nbg.eu\/hu\/wp-json\/wp\/v2\/product_brand?post=536050"},{"taxonomy":"product_cat","embeddable":true,"href":"https:\/\/nbg.eu\/hu\/wp-json\/wp\/v2\/product_cat?post=536050"},{"taxonomy":"product_tag","embeddable":true,"href":"https:\/\/nbg.eu\/hu\/wp-json\/wp\/v2\/product_tag?post=536050"}],"curies":[{"name":"wp","href":"https:\/\/api.w.org\/{rel}","templated":true}]}}