{"id":536375,"date":"2025-09-05T00:16:15","date_gmt":"2025-09-04T21:16:15","guid":{"rendered":"https:\/\/nbg.eu\/product\/ar-15-a2-pistol-grip\/"},"modified":"2026-01-21T11:34:07","modified_gmt":"2026-01-21T08:34:07","slug":"ar-15-a2-pistol-grip","status":"publish","type":"product","link":"https:\/\/nbg.eu\/hu\/termek\/ar-15-a2-pistol-grip\/","title":{"rendered":"AR-15 A2 PISTOL GRIP"},"content":{"rendered":"<h1>CZ Shadow 2 Orange &#8211; Versenypisztoly<\/h1>\n<p>A CZ Shadow 2 Orange jellemz\u0151i:<\/p>\n<ul>\n<li>Gy\u00e1ri cs\u0151persely a pontosabb l\u00f6v\u00e9sek\u00e9rt<\/li>\n<li>Hangolt ravasz r\u00f6vid \u00fattal<\/li>\n<li>K\u00e9zzel illesztett sz\u00e1n \u00e9s tok<\/li>\n<li>Egyedi markolat \u00e9s hosszabb\u00edtott t\u00e1rkil\u00f6k\u0151<\/li>\n<li>\u00c1ll\u00edthat\u00f3 t\u00e1rkil\u00f6k\u0151 gomb h\u00e1rom be\u00e1ll\u00edt\u00e1ssal<\/li>\n<li>Nitrid bevonat, tov\u00e1bbi polimerrel a tokon<\/li>\n<li>V\u00e9kony alum\u00ednium markolat textur\u00e1lt fel\u00fclettel<\/li>\n<li>Sz\u00e1loptik\u00e1s els\u0151 ir\u00e1nyz\u00e9k \u00e9s \u00e1ll\u00edthat\u00f3 HAJO h\u00e1ts\u00f3 ir\u00e1nyz\u00e9k<\/li>\n<li>K\u00e9tkezes biztos\u00edt\u00f3<\/li>\n<\/ul>\n<p>9mm Luger kaliber\u0171, 17+1 l\u0151szer befogad\u00e1s\u00e1ra k\u00e9pes, 46,5 uncia s\u00faly\u00fa ac\u00e9l tokos pisztoly versenyz\u0151k sz\u00e1m\u00e1ra.<\/p>\n","protected":false},"excerpt":{"rendered":"<p>Klasszikus AR-15 markolat. Ergonomikus kialak\u00edt\u00e1s. Tart\u00f3s polimer szerkezet.<\/p>\n","protected":false},"featured_media":496413,"template":"","meta":{"_acf_changed":false},"product_brand":[],"product_cat":[12967,12928],"product_tag":[],"class_list":{"0":"post-536375","1":"product","2":"type-product","3":"status-publish","4":"has-post-thumbnail","6":"product_cat-puska","7":"product_cat-puska-tuning","9":"first","10":"outofstock","11":"taxable","12":"shipping-taxable","13":"purchasable","14":"product-type-simple"},"acf":[],"_links":{"self":[{"href":"https:\/\/nbg.eu\/hu\/wp-json\/wp\/v2\/product\/536375","targetHints":{"allow":["GET"]}}],"collection":[{"href":"https:\/\/nbg.eu\/hu\/wp-json\/wp\/v2\/product"}],"about":[{"href":"https:\/\/nbg.eu\/hu\/wp-json\/wp\/v2\/types\/product"}],"wp:featuredmedia":[{"embeddable":true,"href":"https:\/\/nbg.eu\/hu\/wp-json\/wp\/v2\/media\/496413"}],"wp:attachment":[{"href":"https:\/\/nbg.eu\/hu\/wp-json\/wp\/v2\/media?parent=536375"}],"wp:term":[{"taxonomy":"product_brand","embeddable":true,"href":"https:\/\/nbg.eu\/hu\/wp-json\/wp\/v2\/product_brand?post=536375"},{"taxonomy":"product_cat","embeddable":true,"href":"https:\/\/nbg.eu\/hu\/wp-json\/wp\/v2\/product_cat?post=536375"},{"taxonomy":"product_tag","embeddable":true,"href":"https:\/\/nbg.eu\/hu\/wp-json\/wp\/v2\/product_tag?post=536375"}],"curies":[{"name":"wp","href":"https:\/\/api.w.org\/{rel}","templated":true}]}}