{"id":538088,"date":"2025-09-05T17:27:03","date_gmt":"2025-09-05T14:27:03","guid":{"rendered":"https:\/\/nbg.eu\/product\/colt-ar-15-stock-assy-collapsible-oem-blk\/"},"modified":"2026-01-21T11:34:53","modified_gmt":"2026-01-21T08:34:53","slug":"colt-ar-15-stock-assy-collapsible-oem-blk","status":"publish","type":"product","link":"https:\/\/nbg.eu\/hu\/termek\/colt-ar-15-stock-assy-collapsible-oem-blk\/","title":{"rendered":"COLT AR-15 Stock Assy Collapsible OEM BLK"},"content":{"rendered":"<h1>COLT AR-15 \u00f6sszecsukhat\u00f3 tusaszerkezet, OEM, fekete<\/h1>\n<p>COLT AR-15 \u00f6sszecsukhat\u00f3 tusaszerkezet, OEM, fekete. Jellemz\u0151k:<\/p>\n<ul>\n<li>Kompatibilis AR-15, M16 \u00e9s AR-15\/M4 modellekkel<\/li>\n<li>\u00d6sszecsukhat\u00f3 kialak\u00edt\u00e1s<\/li>\n<li>Fekete matt fel\u00fclet<\/li>\n<li>Kompozit szerkezet<\/li>\n<li>OEM min\u0151s\u00e9g<\/li>\n<\/ul>\n<p>Ez a tusaszerkezet \u00e1ll\u00edthat\u00f3 hossz\u00fas\u00e1g\u00fa \u00e9s k\u00fcl\u00f6nb\u00f6z\u0151 helyzetekben haszn\u00e1lhat\u00f3.<\/p>\n<p>M\u0171szaki adatok:<\/p>\n<ul>\n<li>S\u00faly: 0,181 kg<\/li>\n<li>M\u00e9retek: 157 mm x 130 mm x 28 mm<\/li>\n<li>Gy\u00e1rt\u00e1si hely: USA<\/li>\n<li>USA exportbesorol\u00e1s: 0A501.y.1<\/li>\n<\/ul>\n<p>COLT tusaszerkezet AR-15 fegyverhez.<\/p>\n","protected":false},"excerpt":{"rendered":"<p>\u00d6sszecsukhat\u00f3 AR-15 tusaszerkezet. OEM fekete, matt kivitel.<\/p>\n","protected":false},"featured_media":496981,"template":"","meta":{"_acf_changed":false},"product_brand":[],"product_cat":[12928,12963],"product_tag":[],"class_list":{"0":"post-538088","1":"product","2":"type-product","3":"status-publish","4":"has-post-thumbnail","6":"product_cat-puska-tuning","7":"product_cat-puska-tusak","9":"first","10":"outofstock","11":"taxable","12":"shipping-taxable","13":"purchasable","14":"product-type-simple"},"acf":[],"_links":{"self":[{"href":"https:\/\/nbg.eu\/hu\/wp-json\/wp\/v2\/product\/538088","targetHints":{"allow":["GET"]}}],"collection":[{"href":"https:\/\/nbg.eu\/hu\/wp-json\/wp\/v2\/product"}],"about":[{"href":"https:\/\/nbg.eu\/hu\/wp-json\/wp\/v2\/types\/product"}],"wp:featuredmedia":[{"embeddable":true,"href":"https:\/\/nbg.eu\/hu\/wp-json\/wp\/v2\/media\/496981"}],"wp:attachment":[{"href":"https:\/\/nbg.eu\/hu\/wp-json\/wp\/v2\/media?parent=538088"}],"wp:term":[{"taxonomy":"product_brand","embeddable":true,"href":"https:\/\/nbg.eu\/hu\/wp-json\/wp\/v2\/product_brand?post=538088"},{"taxonomy":"product_cat","embeddable":true,"href":"https:\/\/nbg.eu\/hu\/wp-json\/wp\/v2\/product_cat?post=538088"},{"taxonomy":"product_tag","embeddable":true,"href":"https:\/\/nbg.eu\/hu\/wp-json\/wp\/v2\/product_tag?post=538088"}],"curies":[{"name":"wp","href":"https:\/\/api.w.org\/{rel}","templated":true}]}}