{"id":538200,"date":"2025-09-05T17:27:04","date_gmt":"2025-09-05T14:27:04","guid":{"rendered":"https:\/\/nbg.eu\/product\/b5-systems-ar-15-precision-stock\/"},"modified":"2026-02-27T15:51:18","modified_gmt":"2026-02-27T12:51:18","slug":"b5-systems-ar-15-precision-stock","status":"publish","type":"product","link":"https:\/\/nbg.eu\/hu\/termek\/b5-systems-ar-15-precision-stock\/","title":{"rendered":"B5 SYSTEMS AR-15 PRECISION STOCK"},"content":{"rendered":"<div class=\"product-description\">\n<h2>B5 SYSTEMS AR-15 PREC\u00cdZI\u00d3S TUS<\/h2>\n<p>Fejlessze AR-15-\u00f6s\u00e9t a B5 Systems \u00d6sszecsukhat\u00f3 Prec\u00edzi\u00f3s Tussal. Ez a tus egyes\u00edti a fix tus stabilit\u00e1s\u00e1t egy \u00e1ll\u00edthat\u00f3 karab\u00e9ly tus sokoldal\u00fas\u00e1g\u00e1val.<\/p>\n<ul>\n<li>Tart\u00f3s fekete meger\u0151s\u00edtett polimer szerkezet<\/li>\n<li>Kompatibilis a katonai szabv\u00e1ny karab\u00e9ly hossz\u00fas\u00e1g\u00fa puffer cs\u00f6vekkel<\/li>\n<li>Bels\u0151 fesz\u00edt\u0151k kik\u00fcsz\u00f6b\u00f6lik a z\u00f6rg\u00e9st<\/li>\n<li>\u00c1ll\u00edthat\u00f3 tusp\u00e1rna \u00e9s arct\u00e1masz az optim\u00e1lis k\u00e9nyelem\u00e9rt<\/li>\n<li>Kett\u0151s korl\u00e1tozott forg\u00e1s\u00fa QD sz\u00edjfoglalatok \u00e9s fix sz\u00edjhurkok<\/li>\n<li>M-LOK foglalatok kieg\u00e9sz\u00edt\u0151k r\u00f6gz\u00edt\u00e9s\u00e9hez<\/li>\n<\/ul>\n<p>Komoly pusk\u00e1k \u00e9p\u00edt\u00e9s\u00e9hez tervezve, ez a tus funkcionalit\u00e1st \u00e9s megb\u00edzhat\u00f3s\u00e1got k\u00edn\u00e1l. A B5 Systems olyan alkatr\u00e9szeket biztos\u00edt, amelyek a teljes\u00edtm\u00e9nyt helyezik el\u0151t\u00e9rbe.<\/p>\n<\/div>\n","protected":false},"excerpt":{"rendered":"<p>\u00c1ll\u00edthat\u00f3, stabil AR-15 tusat\u00e1masz arcemel\u0151vel \u00e9s t\u00f6bb sz\u00edjr\u00f6gz\u00edt\u00e9si ponttal.<\/p>\n","protected":false},"featured_media":497073,"template":"","meta":{"_acf_changed":false},"product_brand":[],"product_cat":[12928,12963],"product_tag":[],"class_list":{"0":"post-538200","1":"product","2":"type-product","3":"status-publish","4":"has-post-thumbnail","6":"product_cat-puska-tuning","7":"product_cat-puska-tusak","9":"first","10":"outofstock","11":"taxable","12":"shipping-taxable","13":"purchasable","14":"product-type-simple"},"acf":[],"_links":{"self":[{"href":"https:\/\/nbg.eu\/hu\/wp-json\/wp\/v2\/product\/538200","targetHints":{"allow":["GET"]}}],"collection":[{"href":"https:\/\/nbg.eu\/hu\/wp-json\/wp\/v2\/product"}],"about":[{"href":"https:\/\/nbg.eu\/hu\/wp-json\/wp\/v2\/types\/product"}],"wp:featuredmedia":[{"embeddable":true,"href":"https:\/\/nbg.eu\/hu\/wp-json\/wp\/v2\/media\/497073"}],"wp:attachment":[{"href":"https:\/\/nbg.eu\/hu\/wp-json\/wp\/v2\/media?parent=538200"}],"wp:term":[{"taxonomy":"product_brand","embeddable":true,"href":"https:\/\/nbg.eu\/hu\/wp-json\/wp\/v2\/product_brand?post=538200"},{"taxonomy":"product_cat","embeddable":true,"href":"https:\/\/nbg.eu\/hu\/wp-json\/wp\/v2\/product_cat?post=538200"},{"taxonomy":"product_tag","embeddable":true,"href":"https:\/\/nbg.eu\/hu\/wp-json\/wp\/v2\/product_tag?post=538200"}],"curies":[{"name":"wp","href":"https:\/\/api.w.org\/{rel}","templated":true}]}}