{"id":538433,"date":"2025-09-05T17:36:50","date_gmt":"2025-09-05T14:36:50","guid":{"rendered":"https:\/\/nbg.eu\/product\/ar-15-m16-quick-detach-receiver-end-plate\/"},"modified":"2026-01-21T12:35:08","modified_gmt":"2026-01-21T09:35:08","slug":"ar-15-m16-quick-detach-receiver-end-plate","status":"publish","type":"product","link":"https:\/\/nbg.eu\/hu\/termek\/ar-15-m16-quick-detach-receiver-end-plate\/","title":{"rendered":"AR-15\/M16 QUICK DETACH RECEIVER END PLATE"},"content":{"rendered":"<div class=\"product-description\">\n<h2>AR-15\/M16 BCMGUNFIGHTER QD V\u00c9GLEMEZ<\/h2>\n<p>Az AR-15 vagy M16 fegyver\u00e9hez k\u00e9sz\u00fclt BCMGUNFIGHTER Gyorskiold\u00f3 (QD) V\u00e9glemez. Ez a kieg\u00e9sz\u00edt\u0151 sokoldal\u00fas\u00e1got \u00e9s tart\u00f3ss\u00e1got biztos\u00edt fegyver\u00e9nek.<\/p>\n<ul>\n<li>Ac\u00e9lb\u00f3l k\u00e9sz\u00fclt a tart\u00f3s teljes\u00edtm\u00e9ny \u00e9rdek\u00e9ben<\/li>\n<li>Be\u00e9p\u00edtett Gyorskiold\u00f3 (QD) forg\u00f3ponttal rendelkezik<\/li>\n<li>Kompatibilis AR-15 \u00e9s AR-308 platformokkal<\/li>\n<li>K\u00f6nnyen r\u00f6gz\u00edthet\u0151 a biztons\u00e1gos felszerel\u00e9s \u00e9rdek\u00e9ben<\/li>\n<li>Az Egyes\u00fclt \u00c1llamokban gy\u00e1rtva<\/li>\n<li>Fekete sz\u00ednben el\u00e9rhet\u0151<\/li>\n<\/ul>\n<p>A BCMGUNFIGHTER QD V\u00e9glemez lehet\u0151v\u00e9 teszi a hevederek gyors csatlakoztat\u00e1s\u00e1t \u00e9s lev\u00e1laszt\u00e1s\u00e1t, jav\u00edtva a puska kezelhet\u0151s\u00e9g\u00e9t \u00e9s sokoldal\u00fas\u00e1g\u00e1t k\u00fcl\u00f6nb\u00f6z\u0151 helyzetekben. Fejlessze AR-15 vagy M16 fegyver\u00e9t ezzel az alkatr\u00e9sszel.<\/p>\n<\/div>\n","protected":false},"excerpt":{"rendered":"<p>Ac\u00e9l QD v\u00e9glemez AR-15\/M16-hoz. USA-ban gy\u00e1rtott, r\u00f6gz\u00edthet\u0151 kivitel.<\/p>\n","protected":false},"featured_media":497159,"template":"","meta":{"_acf_changed":false},"product_brand":[],"product_cat":[12928],"product_tag":[],"class_list":{"0":"post-538433","1":"product","2":"type-product","3":"status-publish","4":"has-post-thumbnail","6":"product_cat-puska-tuning","8":"first","9":"instock","10":"taxable","11":"shipping-taxable","12":"purchasable","13":"product-type-simple"},"acf":[],"_links":{"self":[{"href":"https:\/\/nbg.eu\/hu\/wp-json\/wp\/v2\/product\/538433","targetHints":{"allow":["GET"]}}],"collection":[{"href":"https:\/\/nbg.eu\/hu\/wp-json\/wp\/v2\/product"}],"about":[{"href":"https:\/\/nbg.eu\/hu\/wp-json\/wp\/v2\/types\/product"}],"wp:featuredmedia":[{"embeddable":true,"href":"https:\/\/nbg.eu\/hu\/wp-json\/wp\/v2\/media\/497159"}],"wp:attachment":[{"href":"https:\/\/nbg.eu\/hu\/wp-json\/wp\/v2\/media?parent=538433"}],"wp:term":[{"taxonomy":"product_brand","embeddable":true,"href":"https:\/\/nbg.eu\/hu\/wp-json\/wp\/v2\/product_brand?post=538433"},{"taxonomy":"product_cat","embeddable":true,"href":"https:\/\/nbg.eu\/hu\/wp-json\/wp\/v2\/product_cat?post=538433"},{"taxonomy":"product_tag","embeddable":true,"href":"https:\/\/nbg.eu\/hu\/wp-json\/wp\/v2\/product_tag?post=538433"}],"curies":[{"name":"wp","href":"https:\/\/api.w.org\/{rel}","templated":true}]}}