{"id":538718,"date":"2025-09-05T17:36:57","date_gmt":"2025-09-05T14:36:57","guid":{"rendered":"https:\/\/nbg.eu\/product\/aero-precision-receiver-extension-end-plate-for-ar-15-black\/"},"modified":"2026-01-21T12:01:59","modified_gmt":"2026-01-21T09:01:59","slug":"aero-precision-receiver-extension-end-plate-for-ar-15-black","status":"publish","type":"product","link":"https:\/\/nbg.eu\/hu\/termek\/aero-precision-receiver-extension-end-plate-for-ar-15-black\/","title":{"rendered":"AERO PRECISION RECEIVER EXTENSION END PLATE FOR AR-15 BLACK"},"content":{"rendered":"<div class=\"product-description\">\n<h1>AERO PRECISION VEV\u0150CSONK V\u00c9GLEMEZ AR-15-H\u00d6Z, FEKETE<\/h1>\n<p>Ez az Aero Precision vev\u0151csonk v\u00e9glemez az AR-15-h\u00f6z k\u00e9sz\u00fclt. Ez az alkatr\u00e9sz sz\u00fcks\u00e9ges az \u00e1ll\u00edthat\u00f3 tus\u00e1j\u00fa karab\u00e9lyokhoz, \u00e9s \u00f6sszek\u00f6ti a puffercs\u0151 \u00e9s a vev\u0151csonk.<\/p>\n<ul>\n<li>USA-ban gy\u00e1rtott<\/li>\n<li>Kompatibilis AR-15 \u00e9s AR-308 platformokkal<\/li>\n<li>Karab\u00e9ly puffercs\u00f6vekhez tervezve<\/li>\n<li>Ac\u00e9lb\u00f3l k\u00e9sz\u00fclt<\/li>\n<li>Fekete sz\u00edn\u0171<\/li>\n<li>Biztos\u00edtja a megfelel\u0151 illeszked\u00e9st \u00e9s stabilit\u00e1st<\/li>\n<\/ul>\n<p>Ez a v\u00e9glemez egy fontos AR-15 alkatr\u00e9sz, amely megb\u00edzhat\u00f3s\u00e1got \u00e9s teljes\u00edtm\u00e9nyt ny\u00fajt.<\/p>\n<\/div>\n","protected":false},"excerpt":{"rendered":"<p>Katonai min\u0151s\u00e9g\u0171 AR-15 karab\u00e9ly v\u00e9glemez. Amerikai gy\u00e1rt\u00e1s\u00fa, fekete ac\u00e9l.<\/p>\n","protected":false},"featured_media":497274,"template":"","meta":{"_acf_changed":false},"product_brand":[],"product_cat":[12928],"product_tag":[],"class_list":{"0":"post-538718","1":"product","2":"type-product","3":"status-publish","4":"has-post-thumbnail","6":"product_cat-puska-tuning","8":"first","9":"outofstock","10":"taxable","11":"shipping-taxable","12":"purchasable","13":"product-type-simple"},"acf":[],"_links":{"self":[{"href":"https:\/\/nbg.eu\/hu\/wp-json\/wp\/v2\/product\/538718","targetHints":{"allow":["GET"]}}],"collection":[{"href":"https:\/\/nbg.eu\/hu\/wp-json\/wp\/v2\/product"}],"about":[{"href":"https:\/\/nbg.eu\/hu\/wp-json\/wp\/v2\/types\/product"}],"wp:featuredmedia":[{"embeddable":true,"href":"https:\/\/nbg.eu\/hu\/wp-json\/wp\/v2\/media\/497274"}],"wp:attachment":[{"href":"https:\/\/nbg.eu\/hu\/wp-json\/wp\/v2\/media?parent=538718"}],"wp:term":[{"taxonomy":"product_brand","embeddable":true,"href":"https:\/\/nbg.eu\/hu\/wp-json\/wp\/v2\/product_brand?post=538718"},{"taxonomy":"product_cat","embeddable":true,"href":"https:\/\/nbg.eu\/hu\/wp-json\/wp\/v2\/product_cat?post=538718"},{"taxonomy":"product_tag","embeddable":true,"href":"https:\/\/nbg.eu\/hu\/wp-json\/wp\/v2\/product_tag?post=538718"}],"curies":[{"name":"wp","href":"https:\/\/api.w.org\/{rel}","templated":true}]}}