{"id":539123,"date":"2025-09-05T17:38:06","date_gmt":"2025-09-05T14:38:06","guid":{"rendered":"https:\/\/nbg.eu\/product\/ar-15-extractor-pin\/"},"modified":"2026-01-21T11:33:27","modified_gmt":"2026-01-21T08:33:27","slug":"ar-15-extractor-pin","status":"publish","type":"product","link":"https:\/\/nbg.eu\/hu\/termek\/ar-15-extractor-pin\/","title":{"rendered":"AR-15 EXTRACTOR PIN"},"content":{"rendered":"<h1>BRN AR-15 Z\u00e1rtest Kivet\u0151 Csap, Fekete<\/h1>\n<p>BRN AR-15 Z\u00e1rtest Kivet\u0151 Csap. Ez az alkatr\u00e9sz megfelel az AR-15\/M16 pusk\u00e1k OEM specifik\u00e1ci\u00f3inak.<\/p>\n<h2>Jellemz\u0151k:<\/h2>\n<ul>\n<li>Amerikai gy\u00e1rtm\u00e1ny<\/li>\n<li>\u00c9lettartam garancia<\/li>\n<li>Foszf\u00e1t bevonat<\/li>\n<li>Fekete sz\u00edn<\/li>\n<li>Ac\u00e9lb\u00f3l k\u00e9sz\u00fclt<\/li>\n<li>AR-15 platformokhoz alkalmas<\/li>\n<\/ul>\n<p>Ez a csere alkatr\u00e9sz alkalmas karbantart\u00e1shoz vagy fejleszt\u00e9shez. Amerikai gy\u00e1rtm\u00e1ny Brownells \u00e9lettartam garanci\u00e1val.<\/p>\n<p><strong>Term\u00e9k adatok:<\/strong> Brownells #100040958 | Gy\u00e1rt\u00f3i sz\u00e1m #AZT-M4-556ST016 | UPC 050806029637<\/p>\n","protected":false},"excerpt":{"rendered":"<p>OEM AR-15\/M16 cserekil\u00f6k\u0151 csap. Fekete, USA-gy\u00e1rtm\u00e1ny, \u00e9lettartam-garanci\u00e1val.<\/p>\n","protected":false},"featured_media":497343,"template":"","meta":{"_acf_changed":false},"product_brand":[],"product_cat":[12928],"product_tag":[],"class_list":{"0":"post-539123","1":"product","2":"type-product","3":"status-publish","4":"has-post-thumbnail","6":"product_cat-puska-tuning","8":"first","9":"instock","10":"taxable","11":"shipping-taxable","12":"purchasable","13":"product-type-simple"},"acf":[],"_links":{"self":[{"href":"https:\/\/nbg.eu\/hu\/wp-json\/wp\/v2\/product\/539123","targetHints":{"allow":["GET"]}}],"collection":[{"href":"https:\/\/nbg.eu\/hu\/wp-json\/wp\/v2\/product"}],"about":[{"href":"https:\/\/nbg.eu\/hu\/wp-json\/wp\/v2\/types\/product"}],"wp:featuredmedia":[{"embeddable":true,"href":"https:\/\/nbg.eu\/hu\/wp-json\/wp\/v2\/media\/497343"}],"wp:attachment":[{"href":"https:\/\/nbg.eu\/hu\/wp-json\/wp\/v2\/media?parent=539123"}],"wp:term":[{"taxonomy":"product_brand","embeddable":true,"href":"https:\/\/nbg.eu\/hu\/wp-json\/wp\/v2\/product_brand?post=539123"},{"taxonomy":"product_cat","embeddable":true,"href":"https:\/\/nbg.eu\/hu\/wp-json\/wp\/v2\/product_cat?post=539123"},{"taxonomy":"product_tag","embeddable":true,"href":"https:\/\/nbg.eu\/hu\/wp-json\/wp\/v2\/product_tag?post=539123"}],"curies":[{"name":"wp","href":"https:\/\/api.w.org\/{rel}","templated":true}]}}