{"id":539257,"date":"2025-09-05T17:38:16","date_gmt":"2025-09-05T14:38:16","guid":{"rendered":"https:\/\/nbg.eu\/product\/zero-compromise-optic-zc527-10mil-mpct2x\/"},"modified":"2026-01-21T11:29:43","modified_gmt":"2026-01-21T08:29:43","slug":"zero-compromise-optic-zc527-10mil-mpct2x","status":"publish","type":"product","link":"https:\/\/nbg.eu\/hu\/termek\/zero-compromise-optic-zc527-10mil-mpct2x\/","title":{"rendered":"Zero Compromise Optic ZC527 10MIL MPCT2X"},"content":{"rendered":"<h1>Zero Compromise Optic ZC527 10MIL MPCT2X<\/h1>\n<p>A ZC527 egy nagy pontoss\u00e1g\u00fa c\u00e9lt\u00e1vcs\u0151. 387 mm hossz\u00fa \u00e9s 1122 g s\u00faly\u00fa, jellemz\u0151i:<\/p>\n<ul>\n<li>35 mil magass\u00e1g \u00e1ll\u00edt\u00e1s<\/li>\n<li>20 mil oldalir\u00e1ny\u00fa \u00e1ll\u00edt\u00e1s<\/li>\n<li>7m\/100m l\u00e1t\u00f3mez\u0151<\/li>\n<li>J\u00f3 f\u00e9ny\u00e1tereszt\u00e9s<\/li>\n<li>Magas felbont\u00e1s<\/li>\n<\/ul>\n<p>A ZC527 min\u0151s\u00e9gi anyagokb\u00f3l k\u00e9sz\u00fcl. Standard vagy FDE (lapos s\u00f6t\u00e9tf\u00f6ld sz\u00edn) kivitelben kaphat\u00f3. A Zero Compromise c\u00e9lja, hogy kiv\u00e1l\u00f3 min\u0151s\u00e9g\u0171 c\u00e9lt\u00e1vcs\u00f6veket gy\u00e1rtson.<\/p>\n<p>A Zero Compromise Optic ZC527 egy min\u0151s\u00e9gi \u00e9s teljes\u00edtm\u00e9nyorient\u00e1lt c\u00e9lt\u00e1vcs\u0151.<\/p>\n","protected":false},"excerpt":{"rendered":"<p>Pr\u00e9mium c\u00e9lt\u00e1vcs\u0151: P\u00e1ratlan tisztas\u00e1g, sz\u00e9les l\u00e1t\u00f3mez\u0151, prec\u00edz be\u00e1ll\u00edt\u00e1sok.<\/p>\n","protected":false},"featured_media":497389,"template":"","meta":{"_acf_changed":false},"product_brand":[15190],"product_cat":[12918,12931],"product_tag":[],"class_list":{"0":"post-539257","1":"product","2":"type-product","3":"status-publish","4":"has-post-thumbnail","6":"product_brand-zero-compromise-optics","7":"product_cat-celzas","8":"product_cat-nagyitos-optikak","10":"first","11":"outofstock","12":"taxable","13":"shipping-taxable","14":"purchasable","15":"product-type-simple"},"acf":[],"_links":{"self":[{"href":"https:\/\/nbg.eu\/hu\/wp-json\/wp\/v2\/product\/539257","targetHints":{"allow":["GET"]}}],"collection":[{"href":"https:\/\/nbg.eu\/hu\/wp-json\/wp\/v2\/product"}],"about":[{"href":"https:\/\/nbg.eu\/hu\/wp-json\/wp\/v2\/types\/product"}],"wp:featuredmedia":[{"embeddable":true,"href":"https:\/\/nbg.eu\/hu\/wp-json\/wp\/v2\/media\/497389"}],"wp:attachment":[{"href":"https:\/\/nbg.eu\/hu\/wp-json\/wp\/v2\/media?parent=539257"}],"wp:term":[{"taxonomy":"product_brand","embeddable":true,"href":"https:\/\/nbg.eu\/hu\/wp-json\/wp\/v2\/product_brand?post=539257"},{"taxonomy":"product_cat","embeddable":true,"href":"https:\/\/nbg.eu\/hu\/wp-json\/wp\/v2\/product_cat?post=539257"},{"taxonomy":"product_tag","embeddable":true,"href":"https:\/\/nbg.eu\/hu\/wp-json\/wp\/v2\/product_tag?post=539257"}],"curies":[{"name":"wp","href":"https:\/\/api.w.org\/{rel}","templated":true}]}}