{"id":539393,"date":"2025-09-05T17:38:17","date_gmt":"2025-09-05T14:38:17","guid":{"rendered":"https:\/\/nbg.eu\/product\/zco-mount\/"},"modified":"2026-01-21T11:38:41","modified_gmt":"2026-01-21T08:38:41","slug":"zco-mount","status":"publish","type":"product","link":"https:\/\/nbg.eu\/hu\/termek\/zco-mount\/","title":{"rendered":"ZCO Mount"},"content":{"rendered":"<div class=\"product-description\">\n<h1>ZCO Blokkszerel\u00e9k: Professzion\u00e1lis C\u00e9lt\u00e1vcs\u00f6vekhez<\/h1>\n<p>A ZCO blokkszerel\u00e9k 0Mil \/ 6Mil d\u0151l\u00e9ssz\u00f6g opci\u00f3kat k\u00edn\u00e1l. Ausztri\u00e1ban k\u00e9sz\u00fclt CNC mar\u00e1si technol\u00f3gi\u00e1val, \u00e9s prec\u00edzi\u00f3t biztos\u00edt a ZCO c\u00e9lt\u00e1vcs\u00f6vekhez.<\/p>\n<ul>\n<li>EN AW-7075 alum\u00edniumb\u00f3l k\u00e9sz\u00fclt, elox\u00e1lt bevonattal<\/li>\n<li>\u00c1ll\u00edthat\u00f3 bubor\u00e9kszint (bal vagy jobb oldali szerel\u00e9s)<\/li>\n<li>Be\u00e9p\u00edtett d\u00e9lib\u00e1b-szalag r\u00f6gz\u00edt\u0151<\/li>\n<li>Tartalmaz szintez\u0151 \u00e9ket a c\u00e9lt\u00e1vcs\u0151 pontos be\u00e1ll\u00edt\u00e1s\u00e1hoz<\/li>\n<li>Minden sz\u00fcks\u00e9ges Torx bitfej tartoz\u00e9kkal<\/li>\n<\/ul>\n<p>Professzion\u00e1lis szerel\u00e9si megold\u00e1s, amely a puska teljes\u00edtm\u00e9ny\u00e9t maximaliz\u00e1lja. A ZCO blokkszerel\u00e9k er\u0151ss\u00e9get, precizit\u00e1st \u00e9s sokoldal\u00fas\u00e1got biztos\u00edt b\u00e1rmilyen l\u00f6v\u00e9szeti helyzetben.<\/p>\n<\/div>\n","protected":false},"excerpt":{"rendered":"<p>Prec\u00edzi\u00f3s ZCO szerel\u00e9k: Professzion\u00e1lis min\u0151s\u00e9g\u0171, CNC-megmunk\u00e1lt, be\u00e9p\u00edtett v\u00edzszintez\u0151vel.<\/p>\n","protected":false},"featured_media":497527,"template":"","meta":{"_acf_changed":false},"product_brand":[15190],"product_cat":[12918,14910],"product_tag":[],"class_list":{"0":"post-539393","1":"product","2":"type-product","3":"status-publish","4":"has-post-thumbnail","6":"product_brand-zero-compromise-optics","7":"product_cat-celzas","8":"product_cat-mounts-hu","10":"first","11":"outofstock","12":"taxable","13":"shipping-taxable","14":"purchasable","15":"product-type-simple"},"acf":[],"_links":{"self":[{"href":"https:\/\/nbg.eu\/hu\/wp-json\/wp\/v2\/product\/539393","targetHints":{"allow":["GET"]}}],"collection":[{"href":"https:\/\/nbg.eu\/hu\/wp-json\/wp\/v2\/product"}],"about":[{"href":"https:\/\/nbg.eu\/hu\/wp-json\/wp\/v2\/types\/product"}],"wp:featuredmedia":[{"embeddable":true,"href":"https:\/\/nbg.eu\/hu\/wp-json\/wp\/v2\/media\/497527"}],"wp:attachment":[{"href":"https:\/\/nbg.eu\/hu\/wp-json\/wp\/v2\/media?parent=539393"}],"wp:term":[{"taxonomy":"product_brand","embeddable":true,"href":"https:\/\/nbg.eu\/hu\/wp-json\/wp\/v2\/product_brand?post=539393"},{"taxonomy":"product_cat","embeddable":true,"href":"https:\/\/nbg.eu\/hu\/wp-json\/wp\/v2\/product_cat?post=539393"},{"taxonomy":"product_tag","embeddable":true,"href":"https:\/\/nbg.eu\/hu\/wp-json\/wp\/v2\/product_tag?post=539393"}],"curies":[{"name":"wp","href":"https:\/\/api.w.org\/{rel}","templated":true}]}}