{"id":539773,"date":"2025-09-05T17:40:49","date_gmt":"2025-09-05T14:40:49","guid":{"rendered":"https:\/\/nbg.eu\/product\/scope-mount-30mm-vortex-pro-series-low-pr30-l\/"},"modified":"2026-01-21T12:26:39","modified_gmt":"2026-01-21T09:26:39","slug":"scope-mount-30mm-vortex-pro-series-low-pr30-l","status":"publish","type":"product","link":"https:\/\/nbg.eu\/hu\/termek\/scope-mount-30mm-vortex-pro-series-low-pr30-l\/","title":{"rendered":"Scope mount 30mm Vortex Pro Series LOW PR30-l"},"content":{"rendered":"<h1>Vortex Pro 30mm Alacsony (0,90&#8243;) T\u00e1vcs\u0151 Gy\u0171r\u0171 PR30-L<\/h1>\n<p>A Vortex Pro sorozat\u00fa 30mm-es alacsony magass\u00e1g\u00fa gy\u0171r\u0171k rep\u00fcl\u0151g\u00e9p-min\u0151s\u00e9g\u0171 6061 alum\u00edniumb\u00f3l k\u00e9sz\u00fclnek, \u00e9s megb\u00edzhat\u00f3s\u00e1got \u00e9s er\u0151ss\u00e9get biztos\u00edtanak a t\u00e1vcs\u0151 r\u00f6gz\u00edt\u00e9s\u00e9hez.<\/p>\n<h2>F\u0151bb jellemz\u0151k:<\/h2>\n<ul>\n<li>Kem\u00e9ny bevonat\u00fa matt fekete elox\u00e1lt fel\u00fclet<\/li>\n<li>L\u00e9zerrel grav\u00edrozott nyomat\u00e9k specifik\u00e1ci\u00f3k<\/li>\n<li>Er\u0151s #8 r\u00f6gz\u00edt\u0151elemek a biztos r\u00f6gz\u00edt\u00e9shez<\/li>\n<li>Be\u00e9p\u00edtett visszar\u00fag\u00e1s g\u00e1tl\u00f3 a nagyobb stabilit\u00e1s\u00e9rt<\/li>\n<li>Kompatibilis Weaver vagy Picatinny s\u00ednekkel<\/li>\n<li>K\u00f6nny\u0171 kialak\u00edt\u00e1s, mind\u00f6ssze 44,8 gramm s\u00faly\u00fa<\/li>\n<\/ul>\n<p>A Vortex Pro PR30-L gy\u0171r\u0171k biztos\u00edtj\u00e1k, hogy a t\u00e1vcs\u0151 stabilan a hely\u00e9n maradjon minden l\u00f6v\u00e9s ut\u00e1n. A Vortex Pro precizit\u00e1st \u00e9s tart\u00f3ss\u00e1got k\u00edn\u00e1l.<\/p>\n","protected":false},"excerpt":{"rendered":"<p>Tart\u00f3s 30 mm-es alacsony t\u00e1vcs\u0151gy\u0171r\u0171k Weaver\/Picatinny s\u00ednekhez. Prec\u00edzi\u00f3s megmunk\u00e1l\u00e1s.<\/p>\n","protected":false},"featured_media":497573,"template":"","meta":{"_acf_changed":false},"product_brand":[11963],"product_cat":[12918,12943],"product_tag":[],"class_list":{"0":"post-539773","1":"product","2":"type-product","3":"status-publish","4":"has-post-thumbnail","6":"product_brand-vortex","7":"product_cat-celzas","8":"product_cat-celzo-kiegeszitok","10":"first","11":"outofstock","12":"taxable","13":"shipping-taxable","14":"purchasable","15":"product-type-simple"},"acf":[],"_links":{"self":[{"href":"https:\/\/nbg.eu\/hu\/wp-json\/wp\/v2\/product\/539773","targetHints":{"allow":["GET"]}}],"collection":[{"href":"https:\/\/nbg.eu\/hu\/wp-json\/wp\/v2\/product"}],"about":[{"href":"https:\/\/nbg.eu\/hu\/wp-json\/wp\/v2\/types\/product"}],"wp:featuredmedia":[{"embeddable":true,"href":"https:\/\/nbg.eu\/hu\/wp-json\/wp\/v2\/media\/497573"}],"wp:attachment":[{"href":"https:\/\/nbg.eu\/hu\/wp-json\/wp\/v2\/media?parent=539773"}],"wp:term":[{"taxonomy":"product_brand","embeddable":true,"href":"https:\/\/nbg.eu\/hu\/wp-json\/wp\/v2\/product_brand?post=539773"},{"taxonomy":"product_cat","embeddable":true,"href":"https:\/\/nbg.eu\/hu\/wp-json\/wp\/v2\/product_cat?post=539773"},{"taxonomy":"product_tag","embeddable":true,"href":"https:\/\/nbg.eu\/hu\/wp-json\/wp\/v2\/product_tag?post=539773"}],"curies":[{"name":"wp","href":"https:\/\/api.w.org\/{rel}","templated":true}]}}