{"id":539884,"date":"2025-09-05T17:40:49","date_gmt":"2025-09-05T14:40:49","guid":{"rendered":"https:\/\/nbg.eu\/product\/badger-ordnance-c1-coaxial-laser-integration-fixture-9-slot-rail-black-700-20b\/"},"modified":"2026-01-21T12:07:04","modified_gmt":"2026-01-21T09:07:04","slug":"badger-ordnance-c1-coaxial-laser-integration-fixture-9-slot-rail-black-700-20b","status":"publish","type":"product","link":"https:\/\/nbg.eu\/hu\/termek\/badger-ordnance-c1-coaxial-laser-integration-fixture-9-slot-rail-black-700-20b\/","title":{"rendered":"BADGER ORDNANCE C1 COAXIAL LASER INTEGRATION FIXTURE 9 SLOT RAIL BLACK (700-20B)"},"content":{"rendered":"<div class=\"product-description\">\n<h2>BADGER ORDNANCE C1 KOAXI\u00c1LIS L\u00c9ZER INTEGR\u00c1CI\u00d3S SZERELV\u00c9NY 9 S\u00cdNNEL FEKETE (700-20B)<\/h2>\n<p>A Badger Ordnance 9 s\u00ednes CLIF (Koaxi\u00e1lis L\u00e9zer Integr\u00e1ci\u00f3s Szerelv\u00e9ny) a Badger Condition One szerel\u00e9kekkel val\u00f3 haszn\u00e1latra k\u00e9sz\u00fclt, lehet\u0151v\u00e9 t\u00e9ve a fegyverre szerelhet\u0151 l\u00e9zeres t\u00e1vols\u00e1gm\u00e9r\u0151k integr\u00e1l\u00e1s\u00e1t.<\/p>\n<ul>\n<li>Kompatibilis ARC-vel l\u00e9zerek \u00e9s t\u00e1vols\u00e1gm\u00e9r\u0151k optika f\u00f6l\u00e9 szerel\u00e9s\u00e9hez<\/li>\n<li>Felszerelhet\u0151 a C1 kieg\u00e9sz\u00edt\u0151 gy\u0171r\u0171sapka elt\u00e1vol\u00edt\u00e1sa n\u00e9lk\u00fcl, megtartva az els\u0151dleges optika null\u00e1z\u00e1s\u00e1t<\/li>\n<li>9 s\u00ednes kialak\u00edt\u00e1s t\u00f6bbf\u00e9le r\u00f6gz\u00edt\u00e9si lehet\u0151s\u00e9ghez<\/li>\n<li>Fekete kivitel<\/li>\n<li>Cikksz\u00e1m: 700-20B<\/li>\n<\/ul>\n<p>K\u00e9szleten \u00e9s sz\u00e1ll\u00edthat\u00f3.<\/p>\n<\/div>\n","protected":false},"excerpt":{"rendered":"<p>BADGER ORDNANCE C1 CLIF: 9 rekeszes s\u00edn l\u00e9zerek optik\u00e1kra t\u00f6rt\u00e9n\u0151 integr\u00e1l\u00e1s\u00e1hoz.<\/p>\n","protected":false},"featured_media":497596,"template":"","meta":{"_acf_changed":false},"product_brand":[11087],"product_cat":[12918,12943,14910],"product_tag":[],"class_list":{"0":"post-539884","1":"product","2":"type-product","3":"status-publish","4":"has-post-thumbnail","6":"product_brand-badger-ordnance","7":"product_cat-celzas","8":"product_cat-celzo-kiegeszitok","9":"product_cat-mounts-hu","11":"first","12":"instock","13":"taxable","14":"shipping-taxable","15":"purchasable","16":"product-type-simple"},"acf":[],"_links":{"self":[{"href":"https:\/\/nbg.eu\/hu\/wp-json\/wp\/v2\/product\/539884","targetHints":{"allow":["GET"]}}],"collection":[{"href":"https:\/\/nbg.eu\/hu\/wp-json\/wp\/v2\/product"}],"about":[{"href":"https:\/\/nbg.eu\/hu\/wp-json\/wp\/v2\/types\/product"}],"wp:featuredmedia":[{"embeddable":true,"href":"https:\/\/nbg.eu\/hu\/wp-json\/wp\/v2\/media\/497596"}],"wp:attachment":[{"href":"https:\/\/nbg.eu\/hu\/wp-json\/wp\/v2\/media?parent=539884"}],"wp:term":[{"taxonomy":"product_brand","embeddable":true,"href":"https:\/\/nbg.eu\/hu\/wp-json\/wp\/v2\/product_brand?post=539884"},{"taxonomy":"product_cat","embeddable":true,"href":"https:\/\/nbg.eu\/hu\/wp-json\/wp\/v2\/product_cat?post=539884"},{"taxonomy":"product_tag","embeddable":true,"href":"https:\/\/nbg.eu\/hu\/wp-json\/wp\/v2\/product_tag?post=539884"}],"curies":[{"name":"wp","href":"https:\/\/api.w.org\/{rel}","templated":true}]}}