{"id":540266,"date":"2025-09-05T17:42:22","date_gmt":"2025-09-05T14:42:22","guid":{"rendered":"https:\/\/nbg.eu\/product\/ameriglo-range-fo-sight-set-for-glock\/"},"modified":"2026-01-21T12:29:16","modified_gmt":"2026-01-21T09:29:16","slug":"ameriglo-range-fo-sight-set-for-glock","status":"publish","type":"product","link":"https:\/\/nbg.eu\/hu\/termek\/ameriglo-range-fo-sight-set-for-glock\/","title":{"rendered":"AMERIGLO RANGE FO SIGHT SET FOR GLOCK"},"content":{"rendered":"<div class=\"product-description\">\n<h2>AMERIGLO IR\u00c1NYZ\u00c9K K\u00c9SZLET GLOCK FEGYVEREKHEZ<\/h2>\n<p>Fejlessze Glock G5 9mm\/.40 kaliber\u0171 fegyver\u00e9t az AMERIGLO ir\u00e1nyz\u00e9k k\u00e9szlettel. Ez az ir\u00e1nyz\u00e9k k\u00e9szlet a l\u00f6v\u00e9szeti pontoss\u00e1g \u00e9s c\u00e9lz\u00e1s jav\u00edt\u00e1s\u00e1ra k\u00e9sz\u00fclt.<\/p>\n<ul>\n<li>Kompatibilis a Glock 19 Gen 5 \u00e9s Glock 23 Gen 5 modellekkel<\/li>\n<li>Ac\u00e9l szerkezet<\/li>\n<li>Fekete fel\u00fclet<\/li>\n<li>N\u00e9gysz\u00f6gletes bev\u00e1g\u00e1s\u00fa ir\u00e1nyz\u00e9k t\u00edpus<\/li>\n<li>Rec\u00e9zett fel\u00fclet<\/li>\n<li>0,313 font s\u00faly\u00fa<\/li>\n<\/ul>\n<p>Ez az ir\u00e1nyz\u00e9k k\u00e9szlet l\u0151t\u00e9ren \u00e9s taktikai helyzetekben is haszn\u00e1lhat\u00f3. K\u00f6nnyen felszerelhet\u0151 \u00e9s tart\u00f3s, az AMERIGLO ir\u00e1nyz\u00e9k k\u00e9szlet Glock fegyverekhez k\u00e9sz\u00fclt.<\/p>\n<\/div>\n","protected":false},"excerpt":{"rendered":"<p>Fekete, rec\u00e9s ir\u00e1nyz\u00e9kk\u00e9szlet Glock G5 9mm\/.40 t\u00edpushoz, ac\u00e9l kivitelben.<\/p>\n","protected":false},"featured_media":497805,"template":"","meta":{"_acf_changed":false},"product_brand":[],"product_cat":[12918,12943,12937,12913],"product_tag":[],"class_list":{"0":"post-540266","1":"product","2":"type-product","3":"status-publish","4":"has-post-thumbnail","6":"product_cat-celzas","7":"product_cat-celzo-kiegeszitok","8":"product_cat-pisztoly","9":"product_cat-pisztoly-alkatreszek","11":"first","12":"outofstock","13":"taxable","14":"shipping-taxable","15":"purchasable","16":"product-type-simple"},"acf":[],"_links":{"self":[{"href":"https:\/\/nbg.eu\/hu\/wp-json\/wp\/v2\/product\/540266","targetHints":{"allow":["GET"]}}],"collection":[{"href":"https:\/\/nbg.eu\/hu\/wp-json\/wp\/v2\/product"}],"about":[{"href":"https:\/\/nbg.eu\/hu\/wp-json\/wp\/v2\/types\/product"}],"wp:featuredmedia":[{"embeddable":true,"href":"https:\/\/nbg.eu\/hu\/wp-json\/wp\/v2\/media\/497805"}],"wp:attachment":[{"href":"https:\/\/nbg.eu\/hu\/wp-json\/wp\/v2\/media?parent=540266"}],"wp:term":[{"taxonomy":"product_brand","embeddable":true,"href":"https:\/\/nbg.eu\/hu\/wp-json\/wp\/v2\/product_brand?post=540266"},{"taxonomy":"product_cat","embeddable":true,"href":"https:\/\/nbg.eu\/hu\/wp-json\/wp\/v2\/product_cat?post=540266"},{"taxonomy":"product_tag","embeddable":true,"href":"https:\/\/nbg.eu\/hu\/wp-json\/wp\/v2\/product_tag?post=540266"}],"curies":[{"name":"wp","href":"https:\/\/api.w.org\/{rel}","templated":true}]}}