{"id":540616,"date":"2025-09-05T17:42:22","date_gmt":"2025-09-05T14:42:22","guid":{"rendered":"https:\/\/nbg.eu\/product\/lyman-pro-trim-die\/"},"modified":"2026-01-21T11:45:39","modified_gmt":"2026-01-21T08:45:39","slug":"lyman-pro-trim-die","status":"publish","type":"product","link":"https:\/\/nbg.eu\/hu\/termek\/lyman-pro-trim-die\/","title":{"rendered":"Lyman Pro Trim Die"},"content":{"rendered":"<div class=\"product-description\">\n<h2>Lyman Pro Trim Dies<\/h2>\n<p>A Lyman Pro Trim Dies az Egyes\u00fclt \u00c1llamokban k\u00e9sz\u00fcl. Ezek a dies a k\u00f6vetkez\u0151 jellemz\u0151kkel rendelkeznek:<\/p>\n<ul>\n<li>Rozsdamentes ac\u00e9l konstrukci\u00f3<\/li>\n<li>7\/8-14 als\u00f3 menet, kompatibilis minden Lyman, Mark 7 \u00e9s m\u00e1s \u00fajrat\u00f6lt\u0151 pr\u00e9ssel<\/li>\n<li>13\/16-20 fels\u0151 menet, kompatibilis a Lyman pr\u00e9s-r\u00f6gz\u00edt\u00e9s\u0171 trimmer\u00e9vel \u00e9s m\u00e1s opci\u00f3kkal<\/li>\n<li>\u00c9lettartam garancia<\/li>\n<\/ul>\n<p>A Lyman Pro Trim Dies prec\u00edz \u00e9s sokoldal\u00fa. Ezek a dies megfelel\u0151 min\u0151s\u00e9get \u00e9s kompatibilit\u00e1st biztos\u00edtanak a k\u00f6vetkezetes \u00e9s pontos eredm\u00e9nyekhez, ak\u00e1r tapasztalt \u00fajrat\u00f6lt\u0151, ak\u00e1r kezd\u0151.<\/p>\n<\/div>\n","protected":false},"excerpt":{"rendered":"<p>Prec\u00edzi\u00f3s, USA-ban gy\u00e1rtott rozsdamentes ac\u00e9l v\u00e1g\u00f3szersz\u00e1m t\u00f6lt\u00e9nyh\u00fcvely r\u00f6vid\u00edt\u00e9s\u00e9hez. Kompatibilis pr\u00e9sg\u00e9ppel.<\/p>\n","protected":false},"featured_media":497829,"template":"","meta":{"_acf_changed":false},"product_brand":[11267],"product_cat":[12953,12942],"product_tag":[],"class_list":{"0":"post-540616","1":"product","2":"type-product","3":"status-publish","4":"has-post-thumbnail","6":"product_brand-doublealpha","7":"product_cat-toeltenyujratoeltes","8":"product_cat-ujratoelto-kiegeszitok","10":"first","11":"outofstock","12":"taxable","13":"shipping-taxable","14":"purchasable","15":"product-type-simple"},"acf":[],"_links":{"self":[{"href":"https:\/\/nbg.eu\/hu\/wp-json\/wp\/v2\/product\/540616","targetHints":{"allow":["GET"]}}],"collection":[{"href":"https:\/\/nbg.eu\/hu\/wp-json\/wp\/v2\/product"}],"about":[{"href":"https:\/\/nbg.eu\/hu\/wp-json\/wp\/v2\/types\/product"}],"wp:featuredmedia":[{"embeddable":true,"href":"https:\/\/nbg.eu\/hu\/wp-json\/wp\/v2\/media\/497829"}],"wp:attachment":[{"href":"https:\/\/nbg.eu\/hu\/wp-json\/wp\/v2\/media?parent=540616"}],"wp:term":[{"taxonomy":"product_brand","embeddable":true,"href":"https:\/\/nbg.eu\/hu\/wp-json\/wp\/v2\/product_brand?post=540616"},{"taxonomy":"product_cat","embeddable":true,"href":"https:\/\/nbg.eu\/hu\/wp-json\/wp\/v2\/product_cat?post=540616"},{"taxonomy":"product_tag","embeddable":true,"href":"https:\/\/nbg.eu\/hu\/wp-json\/wp\/v2\/product_tag?post=540616"}],"curies":[{"name":"wp","href":"https:\/\/api.w.org\/{rel}","templated":true}]}}