{"id":541225,"date":"2025-09-05T18:09:57","date_gmt":"2025-09-05T15:09:57","guid":{"rendered":"https:\/\/nbg.eu\/product\/ase-utra-borelock-30-338-muzzle-brake-5-8x24-unef\/"},"modified":"2026-05-13T16:03:24","modified_gmt":"2026-05-13T13:03:24","slug":"ase-utra-borelock-30338-csoszajfek-58x24-unef","status":"publish","type":"product","link":"https:\/\/nbg.eu\/hu\/termek\/ase-utra-borelock-30338-csoszajfek-58x24-unef\/","title":{"rendered":"ASE UTRA BoreLock .30\/.338 cs\u0151sz\u00e1jf\u00e9k 5\/8&#8243;x24 UNEF"},"content":{"rendered":"<h2>ASE UTRA BoreLock .30\/.338 Cs\u0151sz\u00e1jf\u00e9k 5\/8&#8243;x24 UNEF<\/h2>\n<p>ASE UTRA BoreLock .30\/.338 Cs\u0151sz\u00e1jf\u00e9k (K\u00f3d: 365P-AU761). K\u00e9tr\u00e9szes kialak\u00edt\u00e1s biztos\u00edtja a biztons\u00e1gos, egyszer\u0171 \u00e9s gyors felszerel\u00e9st al\u00e1t\u00e9tek vagy h\u00e9zagol\u00f3k n\u00e9lk\u00fcl, lehet\u0151v\u00e9 t\u00e9ve a pontos be\u00e1ll\u00edt\u00e1st.<\/p>\n<h2>F\u0151 jellemz\u0151k:<\/h2>\n<ul>\n<li>Kompatibilis .30 \u00e9s .338 kaliber\u0171 pusk\u00e1kkal<\/li>\n<li>5\/8&#8243;x24 UNEF menetm\u00e9ret<\/li>\n<li>K\u00e9tr\u00e9szes BoreLock kialak\u00edt\u00e1s az egyszer\u0171 felszerel\u00e9shez<\/li>\n<li>Nem ig\u00e9nyel al\u00e1t\u00e9teket vagy h\u00e9zagol\u00f3kat<\/li>\n<li>Pontos be\u00e1ll\u00edt\u00e1s a jobb pontoss\u00e1g \u00e9rdek\u00e9ben<\/li>\n<li>Cs\u00f6kkenti a visszar\u00fag\u00e1st \u00e9s a cs\u0151emelked\u00e9st<\/li>\n<\/ul>\n<p>Az ASE UTRA BoreLock Cs\u0151sz\u00e1jf\u00e9k optim\u00e1lis teljes\u00edtm\u00e9nyre \u00e9s egyszer\u0171 haszn\u00e1latra tervezve.<\/p>\n","protected":false},"excerpt":{"rendered":"<p>ASE UTRA BoreLock .30\/.338 cs\u0151sz\u00e1jf\u00e9k: Gyors, biztons\u00e1gos felszerel\u00e9s, al\u00e1t\u00e9tek n\u00e9lk\u00fcl.<\/p>\n","protected":false},"featured_media":498921,"template":"","meta":{"_acf_changed":false},"product_brand":[14265],"product_cat":[514],"product_tag":[],"class_list":{"0":"post-541225","1":"product","2":"type-product","3":"status-publish","4":"has-post-thumbnail","6":"product_brand-ase-utra-oy","7":"product_cat-rifle-grips","9":"first","10":"outofstock","11":"taxable","12":"shipping-taxable","13":"purchasable","14":"product-type-simple"},"acf":[],"_links":{"self":[{"href":"https:\/\/nbg.eu\/hu\/wp-json\/wp\/v2\/product\/541225","targetHints":{"allow":["GET"]}}],"collection":[{"href":"https:\/\/nbg.eu\/hu\/wp-json\/wp\/v2\/product"}],"about":[{"href":"https:\/\/nbg.eu\/hu\/wp-json\/wp\/v2\/types\/product"}],"wp:featuredmedia":[{"embeddable":true,"href":"https:\/\/nbg.eu\/hu\/wp-json\/wp\/v2\/media\/498921"}],"wp:attachment":[{"href":"https:\/\/nbg.eu\/hu\/wp-json\/wp\/v2\/media?parent=541225"}],"wp:term":[{"taxonomy":"product_brand","embeddable":true,"href":"https:\/\/nbg.eu\/hu\/wp-json\/wp\/v2\/product_brand?post=541225"},{"taxonomy":"product_cat","embeddable":true,"href":"https:\/\/nbg.eu\/hu\/wp-json\/wp\/v2\/product_cat?post=541225"},{"taxonomy":"product_tag","embeddable":true,"href":"https:\/\/nbg.eu\/hu\/wp-json\/wp\/v2\/product_tag?post=541225"}],"curies":[{"name":"wp","href":"https:\/\/api.w.org\/{rel}","templated":true}]}}