{"id":54344,"date":"2024-03-02T07:29:43","date_gmt":"2024-09-13T13:02:05","guid":{"rendered":"https:\/\/nbg.eu\/product\/bore-tech-proof-positive-rifle-jag-multiple-calibers\/"},"modified":"2026-05-13T17:10:29","modified_gmt":"2026-05-13T14:10:29","slug":"bore-tech-proof-positive-puska-jag-tobb-kaliberben","status":"publish","type":"product","link":"https:\/\/nbg.eu\/hu\/termek\/bore-tech-proof-positive-puska-jag-tobb-kaliberben\/","title":{"rendered":"Bore Tech Proof-Positive Puska Jag (Tobb Kaliberben)"},"content":{"rendered":"<div class=\"product-description\">\n<h2>Bore Tech Proof-Positive puska tiszt\u00edt\u00f3fej (T\u00f6bbf\u00e9le kaliberhez)<\/h2>\n<p>A Bore Tech Proof-Positive puska tiszt\u00edt\u00f3fejek kik\u00fcsz\u00f6b\u00f6lik a hamis r\u00e9zlerak\u00f3d\u00e1s jelz\u00e9seket. Egy speci\u00e1lis, r\u00e9zmentes \u00f6tv\u00f6zetb\u0151l k\u00e9sz\u00fclnek, amelyek biztons\u00e1gosak a cs\u0151h\u00f6z \u00e9s nagy szak\u00edt\u00f3szil\u00e1rds\u00e1g\u00faak. Jellemz\u0151i:<\/p>\n<ul>\n<li>Kett\u0151s, 4 \u00e9rintkez\u0151gy\u0171r\u0171s kialak\u00edt\u00e1s a jobb tiszt\u00edt\u00e1s\u00e9rt<\/li>\n<li>Prec\u00edzi\u00f3s megmunk\u00e1l\u00e1s az egyenletes nyom\u00e1s \u00e9rdek\u00e9ben<\/li>\n<li>Ford\u00edtott k\u00fapos kialak\u00edt\u00e1s a fegyver torkolat\u00e1nak v\u00e9delm\u00e9\u00e9rt<\/li>\n<\/ul>\n<p>Val\u00f3ban tiszta cs\u00f6vek kevesebb hullad\u00e9kkal.<\/p>\n<\/div>\n","protected":false},"excerpt":{"rendered":"<p>Innovat\u00edv puskavessz\u0151 kik\u00fcsz\u00f6b\u00f6li a hamis r\u00e9z szennyez\u0151d\u00e9s jelz\u00e9seket.<\/p>\n","protected":false},"featured_media":54345,"template":"","meta":{"_acf_changed":false},"product_brand":[11153],"product_cat":[12909,12926,12906],"product_tag":[],"class_list":{"0":"post-54344","1":"product","2":"type-product","3":"status-publish","4":"has-post-thumbnail","6":"product_brand-boretech","7":"product_cat-fegyvertisztitas","8":"product_cat-kefek","9":"product_cat-tisztito-csapok","11":"first","12":"instock","13":"taxable","14":"shipping-taxable","15":"purchasable","16":"product-type-variable","17":"wvs-archive-product-wrapper"},"acf":[],"_links":{"self":[{"href":"https:\/\/nbg.eu\/hu\/wp-json\/wp\/v2\/product\/54344","targetHints":{"allow":["GET"]}}],"collection":[{"href":"https:\/\/nbg.eu\/hu\/wp-json\/wp\/v2\/product"}],"about":[{"href":"https:\/\/nbg.eu\/hu\/wp-json\/wp\/v2\/types\/product"}],"wp:featuredmedia":[{"embeddable":true,"href":"https:\/\/nbg.eu\/hu\/wp-json\/wp\/v2\/media\/54345"}],"wp:attachment":[{"href":"https:\/\/nbg.eu\/hu\/wp-json\/wp\/v2\/media?parent=54344"}],"wp:term":[{"taxonomy":"product_brand","embeddable":true,"href":"https:\/\/nbg.eu\/hu\/wp-json\/wp\/v2\/product_brand?post=54344"},{"taxonomy":"product_cat","embeddable":true,"href":"https:\/\/nbg.eu\/hu\/wp-json\/wp\/v2\/product_cat?post=54344"},{"taxonomy":"product_tag","embeddable":true,"href":"https:\/\/nbg.eu\/hu\/wp-json\/wp\/v2\/product_tag?post=54344"}],"curies":[{"name":"wp","href":"https:\/\/api.w.org\/{rel}","templated":true}]}}