{"id":545073,"date":"2025-09-05T18:09:58","date_gmt":"2025-09-05T15:09:58","guid":{"rendered":"https:\/\/nbg.eu\/product\/muzzle-break-vanward-pro-break-for-qd55\/"},"modified":"2026-01-21T12:12:15","modified_gmt":"2026-01-21T09:12:15","slug":"csoszajfek-vanward-pro-break-qd55-hoez","status":"publish","type":"product","link":"https:\/\/nbg.eu\/hu\/termek\/csoszajfek-vanward-pro-break-qd55-hoez\/","title":{"rendered":"Cs\u0151sz\u00e1jf\u00e9k Vanward Pro-Break QD55-h\u00f6z"},"content":{"rendered":"<div class=\"product-description\">\n<h2>Vanward Pro-Break cs\u0151sz\u00e1jf\u00e9k QD55-h\u00f6z<\/h2>\n<p>A Vanward Pro-Brake a Salamander Tactical Fafnir tov\u00e1bbfejlesztett v\u00e1ltozata. Ez a cs\u0151sz\u00e1jf\u00e9k a k\u00f6vetkez\u0151ket k\u00edn\u00e1lja:<\/p>\n<ul>\n<li>78%-os visszar\u00fag\u00e1s-cs\u00f6kkent\u00e9s (Vaapentidingen tesztje alapj\u00e1n)<\/li>\n<li>Kompatibilis a Vanward QD55 hangtomp\u00edt\u00f3val<\/li>\n<li>K\u00f6nny\u0171 felszerel\u00e9s \u00e9s be\u00e1ll\u00edt\u00e1s a mell\u00e9kelt r\u00f6gz\u00edt\u0151any\u00e1val<\/li>\n<li>174 grammos s\u00faly<\/li>\n<\/ul>\n<p>K\u00e9pes egy t\u00f6lt\u00e9nyh\u00fcvelyt egyens\u00falyozni 6.5&#215;47 kaliber\u0171 l\u00f6v\u00e9s k\u00f6zben. Prec\u00edzi\u00f3s l\u00f6v\u00e9szeknek aj\u00e1nlott, akik hangtomp\u00edt\u00f3-kompatibilit\u00e1st ig\u00e9nyelnek. A Vanward Pro-Brake megv\u00e1s\u00e1rolhat\u00f3.<\/p>\n<\/div>\n","protected":false},"excerpt":{"rendered":"<p>Fejlett visszar\u00fag\u00e1sf\u00e9k QD55-h\u00f6z, 78%-os cs\u00f6kkent\u00e9s. Hangtomp\u00edt\u00f3val kompatibilis.<\/p>\n","protected":false},"featured_media":498976,"template":"","meta":{"_acf_changed":false},"product_brand":[11942],"product_cat":[514],"product_tag":[],"class_list":{"0":"post-545073","1":"product","2":"type-product","3":"status-publish","4":"has-post-thumbnail","6":"product_brand-vanward","7":"product_cat-rifle-grips","9":"first","10":"outofstock","11":"taxable","12":"shipping-taxable","13":"product-type-simple"},"acf":[],"_links":{"self":[{"href":"https:\/\/nbg.eu\/hu\/wp-json\/wp\/v2\/product\/545073","targetHints":{"allow":["GET"]}}],"collection":[{"href":"https:\/\/nbg.eu\/hu\/wp-json\/wp\/v2\/product"}],"about":[{"href":"https:\/\/nbg.eu\/hu\/wp-json\/wp\/v2\/types\/product"}],"wp:featuredmedia":[{"embeddable":true,"href":"https:\/\/nbg.eu\/hu\/wp-json\/wp\/v2\/media\/498976"}],"wp:attachment":[{"href":"https:\/\/nbg.eu\/hu\/wp-json\/wp\/v2\/media?parent=545073"}],"wp:term":[{"taxonomy":"product_brand","embeddable":true,"href":"https:\/\/nbg.eu\/hu\/wp-json\/wp\/v2\/product_brand?post=545073"},{"taxonomy":"product_cat","embeddable":true,"href":"https:\/\/nbg.eu\/hu\/wp-json\/wp\/v2\/product_cat?post=545073"},{"taxonomy":"product_tag","embeddable":true,"href":"https:\/\/nbg.eu\/hu\/wp-json\/wp\/v2\/product_tag?post=545073"}],"curies":[{"name":"wp","href":"https:\/\/api.w.org\/{rel}","templated":true}]}}