{"id":57510,"date":"2024-02-20T22:53:48","date_gmt":"2024-02-20T19:53:48","guid":{"rendered":"https:\/\/nbg.eu\/product\/geissele-ar15-super-precision-30mm-extended\/"},"modified":"2026-04-22T11:33:08","modified_gmt":"2026-04-22T08:33:08","slug":"geissele-ar15-super-precision-30mm-hosszabbitott","status":"publish","type":"product","link":"https:\/\/nbg.eu\/hu\/termek\/geissele-ar15-super-precision-30mm-hosszabbitott\/","title":{"rendered":"Geissele C\u00e9loptika Szerel\u00e9k AR15 Super Precision 30mm Extended"},"content":{"rendered":"<div class=\"product-description\">\n<h2>Geissele AR15 Super Precision\u00ae 30mm, Hosszabb\u00edtott<\/h2>\n<p>Az AR-15\/M4 fels\u0151 r\u00e9szekhez tervezve, a Geissele Super Precision\u00ae 30mm Hosszabb\u00edtott Szerel\u00e9k stabilit\u00e1st \u00e9s pontoss\u00e1got k\u00edn\u00e1l. F\u0151bb jellemz\u0151i:<\/p>\n<ul>\n<li>7 r\u00e9szes picatinny s\u00edn 4 ny\u00edr\u00f3peremmel a biztos r\u00f6gz\u00edt\u00e9shez<\/li>\n<li>Anya \u00e9s csavar r\u00f6gz\u00edt\u0151 rendszer, amely 1400 font er\u0151t biztos\u00edt szettenk\u00e9n<\/li>\n<li>Egybemunk\u00e1lt 7075-T6 nagy szil\u00e1rds\u00e1g\u00fa alum\u00ednium t\u00f6mbb\u0151l k\u00e9sz\u00fclt<\/li>\n<li>Meger\u0151s\u00edtett szerkezet strat\u00e9giai \u00fcregekkel \u00e9s bord\u00e1zattal<\/li>\n<li>Prec\u00edzi\u00f3s furat\u00fa sapk\u00e1k a t\u00e1vcs\u0151 jobb illeszked\u00e9s\u00e9\u00e9rt \u00e9s v\u00e9delm\u00e9\u00e9rt<\/li>\n<li>V\u00e1ltoztathat\u00f3 sapkapoz\u00edci\u00f3k k\u00fcl\u00f6nb\u00f6z\u0151 t\u00e1vcs\u0151 kialak\u00edt\u00e1sokhoz<\/li>\n<\/ul>\n<p>Ez a t\u00e1vcs\u0151 szerel\u00e9k pontos visszat\u00e9r\u00e9st biztos\u00edt a null\u00e1ra, \u00e9s tart\u00f3s kialak\u00edt\u00e1s\u00fa.<\/p>\n<\/div>\n","protected":false},"excerpt":{"rendered":"<p>Prec\u00edzi\u00f3s 30 mm-es AR-15 t\u00e1vcs\u0151szerel\u00e9k. Biztons\u00e1gos, tart\u00f3s, 7075-T6 alum\u00edniumb\u00f3l k\u00e9sz\u00fclt.<\/p>\n","protected":false},"featured_media":57511,"template":"","meta":{"_acf_changed":false},"product_brand":[11393],"product_cat":[14910,12967],"product_tag":[],"class_list":{"0":"post-57510","1":"product","2":"type-product","3":"status-publish","4":"has-post-thumbnail","6":"product_brand-geissele","7":"product_cat-mounts-hu","8":"product_cat-puska","10":"first","11":"instock","12":"taxable","13":"shipping-taxable","14":"product-type-variable","15":"wvs-archive-product-wrapper"},"acf":[],"_links":{"self":[{"href":"https:\/\/nbg.eu\/hu\/wp-json\/wp\/v2\/product\/57510","targetHints":{"allow":["GET"]}}],"collection":[{"href":"https:\/\/nbg.eu\/hu\/wp-json\/wp\/v2\/product"}],"about":[{"href":"https:\/\/nbg.eu\/hu\/wp-json\/wp\/v2\/types\/product"}],"wp:featuredmedia":[{"embeddable":true,"href":"https:\/\/nbg.eu\/hu\/wp-json\/wp\/v2\/media\/57511"}],"wp:attachment":[{"href":"https:\/\/nbg.eu\/hu\/wp-json\/wp\/v2\/media?parent=57510"}],"wp:term":[{"taxonomy":"product_brand","embeddable":true,"href":"https:\/\/nbg.eu\/hu\/wp-json\/wp\/v2\/product_brand?post=57510"},{"taxonomy":"product_cat","embeddable":true,"href":"https:\/\/nbg.eu\/hu\/wp-json\/wp\/v2\/product_cat?post=57510"},{"taxonomy":"product_tag","embeddable":true,"href":"https:\/\/nbg.eu\/hu\/wp-json\/wp\/v2\/product_tag?post=57510"}],"curies":[{"name":"wp","href":"https:\/\/api.w.org\/{rel}","templated":true}]}}