{"id":575544,"date":"2025-10-10T12:34:58","date_gmt":"2025-10-10T09:34:58","guid":{"rendered":"https:\/\/nbg.eu\/product\/grips-kmr-l-dotmatrix-ergo-brass\/"},"modified":"2026-04-16T17:29:41","modified_gmt":"2026-04-16T14:29:41","slug":"markolat-kmr-l-poettyhalo-ergo-sargarez","status":"publish","type":"product","link":"https:\/\/nbg.eu\/hu\/termek\/markolat-kmr-l-poettyhalo-ergo-sargarez\/","title":{"rendered":"KMR Markolatok L DotMatrix Ergo S\u00e1rgar\u00e9z"},"content":{"rendered":"<h2>GRIPS KMR L DOTMATRIX ERGO R\u00c9ZB\u00d5L<\/h2>\n<p>A KMR Precision Arms r\u00e9zb\u00f5l k\u00e9sz\u00fclt markolatok modern, jellegzetes megjelen\u00e9st k\u00f6lcs\u00f6n\u00f6znek a l\u00f5fegyvernek, mik\u00f6zben kiegyens\u00falyozott s\u00falyt adnak a jobb ir\u00e1ny\u00edthat\u00f3s\u00e1g \u00e9rdek\u00e9ben. A k\u00e9nyelmesen kialak\u00edtott DotMatrix Ergo text\u00fara biztos \u00e9s k\u00e9nyelmes fog\u00e1st biztos\u00edt, n\u00f6velve a stabilit\u00e1st m\u00e9g hosszabb haszn\u00e1lat vagy k\u00f6vetel\u00f5 k\u00f6r\u00fclm\u00e9nyek k\u00f6z\u00f6tt is. A prec\u00edz megmunk\u00e1l\u00e1s, a nagy tart\u00f3ss\u00e1g \u00e9s a kifinomult diz\u00e1jn r\u00e9v\u00e9n ezek a markolatok kiv\u00e1l\u00f3 v\u00e1laszt\u00e1st jelentenek a funkcionalit\u00e1s, megb\u00edzhat\u00f3s\u00e1g \u00e9s st\u00edlus \u00f6tv\u00f6zet\u00e9t keres\u00f5 l\u00f5fegyver-felhaszn\u00e1l\u00f3k sz\u00e1m\u00e1ra.<\/p>\n<p>M\u00e1rka: KMR Precision Arms<br \/>\nFegyverekhez: KMR<br \/>\nKompatibilit\u00e1s: KMR L-02 UMBRA 2024-T\u00d5L<br \/>\nMarkolat hossza: Teljes m\u00e9ret &#8211; magstat\u00edvval nem<br \/>\nText\u00fara: Dotmatrix Ergo<br \/>\nAnyag: R\u00e9z<\/p>\n","protected":false},"excerpt":{"rendered":"<p>R\u00e9z foganty\u00fak KMR \u2013 DotMatrix Ergo minta. Ergonomikus text\u00fara a biztos \u00e9s k\u00e9nyelmes fog\u00e1shoz, kiegyens\u00falyozott s\u00faly a jobb ir\u00e1ny\u00edt\u00e1s \u00e9rdek\u00e9ben.<\/p>\n","protected":false},"featured_media":575571,"template":"","meta":{"_acf_changed":false},"product_brand":[11502],"product_cat":[12917,14874],"product_tag":[],"class_list":{"0":"post-575544","1":"product","2":"type-product","3":"status-publish","4":"has-post-thumbnail","6":"product_brand-kmr-precision","7":"product_cat-kmr-alkatreszek","8":"product_cat-pistol-grips-hu","10":"first","11":"instock","12":"taxable","13":"shipping-taxable","14":"purchasable","15":"product-type-simple"},"acf":[],"_links":{"self":[{"href":"https:\/\/nbg.eu\/hu\/wp-json\/wp\/v2\/product\/575544","targetHints":{"allow":["GET"]}}],"collection":[{"href":"https:\/\/nbg.eu\/hu\/wp-json\/wp\/v2\/product"}],"about":[{"href":"https:\/\/nbg.eu\/hu\/wp-json\/wp\/v2\/types\/product"}],"wp:featuredmedia":[{"embeddable":true,"href":"https:\/\/nbg.eu\/hu\/wp-json\/wp\/v2\/media\/575571"}],"wp:attachment":[{"href":"https:\/\/nbg.eu\/hu\/wp-json\/wp\/v2\/media?parent=575544"}],"wp:term":[{"taxonomy":"product_brand","embeddable":true,"href":"https:\/\/nbg.eu\/hu\/wp-json\/wp\/v2\/product_brand?post=575544"},{"taxonomy":"product_cat","embeddable":true,"href":"https:\/\/nbg.eu\/hu\/wp-json\/wp\/v2\/product_cat?post=575544"},{"taxonomy":"product_tag","embeddable":true,"href":"https:\/\/nbg.eu\/hu\/wp-json\/wp\/v2\/product_tag?post=575544"}],"curies":[{"name":"wp","href":"https:\/\/api.w.org\/{rel}","templated":true}]}}