{"id":575917,"date":"2025-10-10T12:35:14","date_gmt":"2025-10-10T09:35:14","guid":{"rendered":"https:\/\/nbg.eu\/product\/safety-set-kmr-lw-rf\/"},"modified":"2026-04-16T17:29:34","modified_gmt":"2026-04-16T14:29:34","slug":"safety-set-kmr-lw-rf","status":"publish","type":"product","link":"https:\/\/nbg.eu\/hu\/termek\/safety-set-kmr-lw-rf\/","title":{"rendered":"KMR Biztos\u00edt\u00e9kszett LW-RF"},"content":{"rendered":"<h2>SAFETY SET KMR LW-RF<\/h2>\n<p><strong>Referencia:<\/strong> 0671-03002-0000<\/p>\n<p>Fokozza a KMR fegyver biztons\u00e1g\u00e1t a komprehenz\u00edv SAFETY SET KMR LW-RF-fel. Ez a l\u00e9nyeges k\u00e9szlet \u00fagy lett kialak\u00edtva, hogy optim\u00e1lis v\u00e9delmet \u00e9s funkcionalit\u00e1st biztos\u00edtson a k\u00fcl\u00f6nb\u00f6z\u0151 KMR modellek sz\u00e1m\u00e1ra, bele\u00e9rtve:<\/p>\n<ul>\n<li>KMR L-02 ORCA (2024 \u00e9s \u00fajabb)<\/li>\n<li>KMR L-02 ORCA (2023 \u00e9s r\u00e9gebbi)<\/li>\n<li>KMR L-02 SPECTRA (2023 \u00e9s r\u00e9gebbi)<\/li>\n<li>KMR W-02 CUDA (2024 \u00e9s \u00fajabb)<\/li>\n<li>KMR W-02 CUDA (2023 \u00e9s r\u00e9gebbi)<\/li>\n<li>KMR W-02 UMBRA<\/li>\n<li>KMR W-02 UMBRA (OR)<\/li>\n<\/ul>\n<p>A SAFETY SET KMR LW-RF megb\u00edzhat\u00f3s\u00e1g \u00e9s teljes\u00edtm\u00e9ny szempontj\u00e1b\u00f3l is a legmagasabb sz\u00ednvonalat k\u00e9pviseli. F\u00fcggetlen\u00fcl att\u00f3l, hogy a leg\u00fajabb ORCA modellt vagy a klasszikus UMBRA-t haszn\u00e1lja, ez a sokoldal\u00fa biztons\u00e1gi k\u00e9szlet gondoskodik arr\u00f3l, hogy a fegyver biztons\u00e1gosan \u00e9s hat\u00e9konyan m\u0171k\u00f6dj\u00f6n. Friss\u00edtse a KMR fegyver\u00e9t ezzel a n\u00e9lk\u00fcl\u00f6zhetetlen biztons\u00e1gi kieg\u00e9sz\u00edt\u0151vel.<\/p>\n","protected":false},"excerpt":{"rendered":"<p>Alapvet\u0151 biztons\u00e1gi k\u00e9szlet KMR fegyverekhez, t\u00f6bbf\u00e9le modellel kompatibilis<\/p>\n","protected":false},"featured_media":575924,"template":"","meta":{"_acf_changed":false},"product_brand":[],"product_cat":[12917],"product_tag":[],"class_list":{"0":"post-575917","1":"product","2":"type-product","3":"status-publish","4":"has-post-thumbnail","6":"product_cat-kmr-alkatreszek","8":"first","9":"outofstock","10":"taxable","11":"shipping-taxable","12":"purchasable","13":"product-type-simple"},"acf":[],"_links":{"self":[{"href":"https:\/\/nbg.eu\/hu\/wp-json\/wp\/v2\/product\/575917","targetHints":{"allow":["GET"]}}],"collection":[{"href":"https:\/\/nbg.eu\/hu\/wp-json\/wp\/v2\/product"}],"about":[{"href":"https:\/\/nbg.eu\/hu\/wp-json\/wp\/v2\/types\/product"}],"wp:featuredmedia":[{"embeddable":true,"href":"https:\/\/nbg.eu\/hu\/wp-json\/wp\/v2\/media\/575924"}],"wp:attachment":[{"href":"https:\/\/nbg.eu\/hu\/wp-json\/wp\/v2\/media?parent=575917"}],"wp:term":[{"taxonomy":"product_brand","embeddable":true,"href":"https:\/\/nbg.eu\/hu\/wp-json\/wp\/v2\/product_brand?post=575917"},{"taxonomy":"product_cat","embeddable":true,"href":"https:\/\/nbg.eu\/hu\/wp-json\/wp\/v2\/product_cat?post=575917"},{"taxonomy":"product_tag","embeddable":true,"href":"https:\/\/nbg.eu\/hu\/wp-json\/wp\/v2\/product_tag?post=575917"}],"curies":[{"name":"wp","href":"https:\/\/api.w.org\/{rel}","templated":true}]}}