{"id":576090,"date":"2025-10-10T15:26:06","date_gmt":"2025-10-10T12:26:06","guid":{"rendered":"https:\/\/nbg.eu\/product\/bolt-p25r-thermal-camera\/"},"modified":"2026-05-13T16:02:11","modified_gmt":"2026-05-13T13:02:11","slug":"bolt-p25r-hokamera","status":"publish","type":"product","link":"https:\/\/nbg.eu\/hu\/termek\/bolt-p25r-hokamera\/","title":{"rendered":"Nocpix H\u0151k\u00e9pes Kamera Bolt P25R"},"content":{"rendered":"<h2>Nocpix BOLT P25R h\u0151k\u00e9pes c\u00e9lt\u00e1vcs\u0151<\/h2>\n<p>Bemutatjuk a forradalmi Nocpix BOLT P25R h\u0151k\u00e9pes c\u00e9lt\u00e1vcs\u00f6vet, egy modern vad\u00e1szoknak tervezett cs\u00facstechnol\u00f3gi\u00e1s eszk\u00f6zt. A kiemelked\u0151 \u00e9rz\u00e9kel\u00e9si k\u00e9pess\u00e9gek, az ultra-\u00e9rz\u00e9keny h\u0151\u00e9rz\u00e9kel\u0151 \u00e9s az 1200 m\u00e9teres be\u00e9p\u00edtett l\u00e9zeres t\u00e1vm\u00e9r\u0151 egy\u00fctt professzion\u00e1lis teljes\u00edtm\u00e9nyt ny\u00fajtanak egy p\u00e1ratlanul kedvez\u0151 \u00e1ron.<\/p>\n<h2>F\u0151bb jellemz\u0151k:<\/h2>\n<ul>\n<li><strong>Fejlett h\u0151k\u00e9pes lek\u00e9pez\u00e9s:<\/strong> 256&#215;192 felbont\u00e1s, 12 \u03bcm-es pixelm\u00e9ret, \u226420mK NETD a \u00e9lesebb \u00e9s r\u00e9szletesebb h\u0151al\u00e1\u00edr\u00e1sok minden k\u00f6r\u00fclm\u00e9nyek k\u00f6z\u00f6tt.<\/li>\n<li><strong>Reality+ AI k\u00e9pjav\u00edt\u00e1s:<\/strong> Egyedi algoritmus az ultra-sima, r\u00e9szletgazdagabb megjelen\u00edt\u00e9s\u00e9rt.<\/li>\n<li><strong>L\u00e9zeres precizit\u00e1s:<\/strong> Be\u00e9p\u00edtett 1200 m\u00e9teres periszk\u00f3pos l\u00e9zeres t\u00e1vm\u00e9r\u0151, egyszeri \u00e9s folyamatos m\u00e9r\u00e9si \u00fczemm\u00f3dokkal.<\/li>\n<li><strong>V\u00e1ltozatos nagy\u00edt\u00e1s:<\/strong> 3,5\u201314x digit\u00e1lis nagy\u00edt\u00e1s, 7,0\u00b0 \u00d7 5,3\u00b0 l\u00e1t\u00f3mez\u0151vel.<\/li>\n<li><strong>Be\u00e9p\u00edtett ballisztikus sz\u00e1mol\u00f3g\u00e9p:<\/strong> Automatikusan korrig\u00e1lja a tal\u00e1lati pontoss\u00e1got a rep\u00fcl\u00e9si g\u00f6rb\u00e9re \u00e9s a sz\u00e9lf\u00fav\u00e1sra.<\/li>\n<li><strong>Robusztus kivitel:<\/strong> IP67-es v\u00e9detts\u00e9g, egy darabb\u00f3l k\u00e9sz\u00fclt, nagy szil\u00e1rds\u00e1g\u00fa alum\u00ednium cs\u0151 (30 mm) a tart\u00f3ss\u00e1g \u00e9s a v\u00edz\u00e1ll\u00f3s\u00e1g \u00e9rdek\u00e9ben.<\/li>\n<\/ul>\n<h2>M\u0171szaki adatok:<\/h2>\n<ul>\n<li>H\u0151\u00e9rz\u00e9kel\u0151: 256&#215;192 k\u00e9ppont, 12 \u03bcm-es pixelm\u00e9ret<\/li>\n<li>\u00c9rz\u00e9kenys\u00e9g: \u226420mK NETD<\/li>\n<li>K\u00e9pfriss\u00edt\u00e9s: 50Hz a Reality+ AI-vel<\/li>\n<li>\u00c9rz\u00e9kel\u00e9si hat\u00f3t\u00e1v: Ak\u00e1r 1300 m<\/li>\n<li>Objekt\u00edv: 25 mm F1,0<\/li>\n<li>Akkumul\u00e1tor \u00fczemid\u0151: Ak\u00e1r 12 \u00f3ra (5000mAh + 18650)<\/li>\n<li>Pupill\u00e1tm\u00e9r\u0151: 10 mm<\/li>\n<li>Szemt\u00e1vols\u00e1g: 50 mm<\/li>\n<li>7 sz\u00ednpaletta<\/li>\n<li>T\u00f6meg: 870 g (elemmel)<\/li>\n<li>M\u00e9retek: 375,7 \u00d7 91,6 \u00d7 75 mm<\/li>\n<\/ul>\n<h2>Tov\u00e1bbi funkci\u00f3k:<\/h2>\n<ul>\n<li>Vide\u00f3 \u00e9s hangfelv\u00e9tel: L\u00f6ket \u00e1ltal aktiv\u00e1lt f\u00e9nyk\u00e9pez\u00e9s\/vide\u00f3\/mikrofon<\/li>\n<li>32 GB bels\u0151 mem\u00f3ria<\/li>\n<li>Wi-Fi kapcsol\u00f3d\u00e1s \u00e9s mobilalkalmaz\u00e1s t\u00e1mogat\u00e1s<\/li>\n<li>Dioptria \u00e1ll\u00edt\u00e1s: -5 &#8211; +5<\/li>\n<\/ul>\n<p>A Nocpix BOLT P25R h\u0151k\u00e9pes c\u00e9lt\u00e1vcs\u0151 \u00faj m\u00e9rc\u00e9t \u00e1ll\u00edt a vad\u00e1szati optik\u00e1k ter\u00e9n, p\u00e1rj\u00e1t ritk\u00edt\u00f3 teljes\u00edtm\u00e9nyt, precizit\u00e1st \u00e9s megb\u00edzhat\u00f3s\u00e1got ny\u00fajtva. Ak\u00e1r alacsony megvil\u00e1g\u00edt\u00e1s\u00fa k\u00f6r\u00fclm\u00e9nyek k\u00f6z\u00f6tt k\u00f6veti a vadat, ak\u00e1r hossz\u00fa t\u00e1v\u00fa, nagy pontoss\u00e1got ig\u00e9nyl\u0151 l\u00f6v\u00e9sekre van sz\u00fcks\u00e9g, a BOLT P25R kiv\u00e1l\u00f3 eredm\u00e9nyeket biztos\u00edt egy robusztus, terepen is haszn\u00e1lhat\u00f3 kivitelben. Tapasztalja meg a h\u0151k\u00e9pes technol\u00f3gia j\u00f6v\u0151j\u00e9t a Nocpix BOLT P25R-rel.<\/p>\n","protected":false},"excerpt":{"rendered":"<p>Bolt P25R h\u0151kamera: Fejlett 256&#215;192-es \u00e9rz\u00e9kel\u0151, 1200m-es t\u00e1vols\u00e1gm\u00e9r\u0151, 3,5-14x zoom. Robusztus, v\u00edz\u00e1ll\u00f3 kialak\u00edt\u00e1s a tiszta \u00e9jjell\u00e1t\u00e1s \u00e9rdek\u00e9ben.<\/p>\n<p>Ha a term\u00e9k nem el\u00e9rhet\u0151, k\u00e9rj\u00fck, l\u00e9pjen kapcsolatba vel\u00fcnk: shop@nbg.eu vagy +359896147790<\/p>\n","protected":false},"featured_media":576468,"template":"","meta":{"_acf_changed":false},"product_brand":[14453],"product_cat":[12918,12938],"product_tag":[],"class_list":{"0":"post-576090","1":"product","2":"type-product","3":"status-publish","4":"has-post-thumbnail","6":"product_brand-nocpix","7":"product_cat-celzas","8":"product_cat-hokamera","10":"first","11":"outofstock","12":"taxable","13":"shipping-taxable","14":"purchasable","15":"product-type-simple"},"acf":[],"_links":{"self":[{"href":"https:\/\/nbg.eu\/hu\/wp-json\/wp\/v2\/product\/576090","targetHints":{"allow":["GET"]}}],"collection":[{"href":"https:\/\/nbg.eu\/hu\/wp-json\/wp\/v2\/product"}],"about":[{"href":"https:\/\/nbg.eu\/hu\/wp-json\/wp\/v2\/types\/product"}],"wp:featuredmedia":[{"embeddable":true,"href":"https:\/\/nbg.eu\/hu\/wp-json\/wp\/v2\/media\/576468"}],"wp:attachment":[{"href":"https:\/\/nbg.eu\/hu\/wp-json\/wp\/v2\/media?parent=576090"}],"wp:term":[{"taxonomy":"product_brand","embeddable":true,"href":"https:\/\/nbg.eu\/hu\/wp-json\/wp\/v2\/product_brand?post=576090"},{"taxonomy":"product_cat","embeddable":true,"href":"https:\/\/nbg.eu\/hu\/wp-json\/wp\/v2\/product_cat?post=576090"},{"taxonomy":"product_tag","embeddable":true,"href":"https:\/\/nbg.eu\/hu\/wp-json\/wp\/v2\/product_tag?post=576090"}],"curies":[{"name":"wp","href":"https:\/\/api.w.org\/{rel}","templated":true}]}}