{"id":582859,"date":"2025-10-10T12:39:54","date_gmt":"2025-10-10T09:39:54","guid":{"rendered":"https:\/\/nbg.eu\/product\/barwarus-muzzle-break-bulldog-m24x1-5rh-black\/"},"modified":"2026-01-21T11:34:38","modified_gmt":"2026-01-21T08:34:38","slug":"barwarus-muzzle-break-bulldog-m24x1-5rh-black","status":"publish","type":"product","link":"https:\/\/nbg.eu\/hu\/termek\/barwarus-muzzle-break-bulldog-m24x1-5rh-black\/","title":{"rendered":"BARWARUS MUZZLE BREAK BULLDOG M24X1.5RH BLACK"},"content":{"rendered":"<div class=\"product-description\">\n<h1>BARWARUS Bulldog 021 Ac\u00e9l M24x1.5 RH Orosz Kompenz\u00e1tor<\/h1>\n<p>A BARWARUS Bulldog cs\u0151sz\u00e1jf\u00e9k II. verzi\u00f3ja 5.45 \u00e9s 7.62 kaliber\u0171 pusk\u00e1khoz. Ez a kompenz\u00e1tor nagy szil\u00e1rds\u00e1g\u00fa ac\u00e9lb\u00f3l k\u00e9sz\u00fclt, \u00e9s fekete v\u00e9d\u0151bevonattal rendelkezik.<\/p>\n<h2>F\u0151bb jellemz\u0151k:<\/h2>\n<ul>\n<li>M24x1.5 RH (jobbmenetes) k\u00fcls\u0151 menet kompatibilit\u00e1s<\/li>\n<li>Cs\u00f6kkenti a visszar\u00fag\u00e1st<\/li>\n<li>Nagy szil\u00e1rds\u00e1g\u00fa ac\u00e9lb\u00f3l k\u00e9sz\u00fclt<\/li>\n<li>Fekete v\u00e9d\u0151bevonattal ell\u00e1tva<\/li>\n<\/ul>\n<p>A BARWARUS Bulldog 021 kompenz\u00e1tor cs\u00f6kkenti a visszar\u00fag\u00e1st, ami lehet\u0151v\u00e9 teszi a gyorsabb ism\u00e9tl\u00e9st \u00e9s jav\u00edtja a pontoss\u00e1got. Strapab\u00edr\u00f3 konstrukci\u00f3ja k\u00fcl\u00f6nb\u00f6z\u0151 l\u00f6v\u00e9szeti k\u00f6r\u00fclm\u00e9nyek k\u00f6z\u00f6tt is tart\u00f3s teljes\u00edtm\u00e9nyt biztos\u00edt.<\/p>\n<p>A BARWARUS Bulldog 021 jav\u00edthatja a l\u00f6v\u00e9szeti pontoss\u00e1got \u00e9s ir\u00e1ny\u00edt\u00e1st.<\/p>\n<\/div>\n","protected":false},"excerpt":{"rendered":"<p>Ac\u00e9l cs\u0151sz\u00e1jf\u00e9k pusk\u00e1khoz. Cs\u00f6kkenti a visszar\u00fag\u00e1st. M24x1.5 jobbmenetes.<\/p>\n","protected":false},"featured_media":582887,"template":"","meta":{"_acf_changed":false},"product_brand":[],"product_cat":[12983],"product_tag":[],"class_list":{"0":"post-582859","1":"product","2":"type-product","3":"status-publish","4":"has-post-thumbnail","6":"product_cat-kategorizalatlan","8":"first","9":"outofstock","10":"taxable","11":"shipping-taxable","12":"purchasable","13":"product-type-simple"},"acf":[],"_links":{"self":[{"href":"https:\/\/nbg.eu\/hu\/wp-json\/wp\/v2\/product\/582859","targetHints":{"allow":["GET"]}}],"collection":[{"href":"https:\/\/nbg.eu\/hu\/wp-json\/wp\/v2\/product"}],"about":[{"href":"https:\/\/nbg.eu\/hu\/wp-json\/wp\/v2\/types\/product"}],"wp:featuredmedia":[{"embeddable":true,"href":"https:\/\/nbg.eu\/hu\/wp-json\/wp\/v2\/media\/582887"}],"wp:attachment":[{"href":"https:\/\/nbg.eu\/hu\/wp-json\/wp\/v2\/media?parent=582859"}],"wp:term":[{"taxonomy":"product_brand","embeddable":true,"href":"https:\/\/nbg.eu\/hu\/wp-json\/wp\/v2\/product_brand?post=582859"},{"taxonomy":"product_cat","embeddable":true,"href":"https:\/\/nbg.eu\/hu\/wp-json\/wp\/v2\/product_cat?post=582859"},{"taxonomy":"product_tag","embeddable":true,"href":"https:\/\/nbg.eu\/hu\/wp-json\/wp\/v2\/product_tag?post=582859"}],"curies":[{"name":"wp","href":"https:\/\/api.w.org\/{rel}","templated":true}]}}