{"id":583046,"date":"2025-10-08T23:36:42","date_gmt":"2025-10-08T20:36:42","guid":{"rendered":"https:\/\/nbg.eu\/product\/utg-pro-m-lok-light-mount-for-mp5\/"},"modified":"2026-02-27T15:51:16","modified_gmt":"2026-02-27T12:51:16","slug":"utg-pro-m-lok-light-mount-for-mp5","status":"publish","type":"product","link":"https:\/\/nbg.eu\/hu\/termek\/utg-pro-m-lok-light-mount-for-mp5\/","title":{"rendered":"UTG PRO\u00ae M-LOK\u00ae Light Mount, for MP5\u00ae"},"content":{"rendered":"<div class=\"product-description\">\n<h1>UTG PRO\u00ae M-LOK\u00ae L\u00e1mpatart\u00f3, MP5\u00ae-h\u00f6z<\/h1>\n<p><strong>Cikksz\u00e1m:<\/strong> MTU058SSM<\/p>\n<p>Az USA-ban gy\u00e1rtott UTG PRO\u00ae M-LOK\u00ae L\u00e1mpatart\u00f3 MP5\u00ae t\u00edpus\u00fa pisztolyokhoz \u00e9s pusk\u00e1khoz. Ez a tartoz\u00e9k biztons\u00e1gosan r\u00f6gz\u00edthet\u0151 az els\u0151 ir\u00e1nyz\u00e9khoz an\u00e9lk\u00fcl, hogy zavarn\u00e1 a markolatot vagy az el\u0151agyat, stabil platformot biztos\u00edtva l\u00e1mp\u00e1knak, nyom\u00f3kapcsol\u00f3knak \u00e9s egy\u00e9b kieg\u00e9sz\u00edt\u0151knek.<\/p>\n<h2>F\u0151 jellemz\u0151k:<\/h2>\n<ul>\n<li>Az USA-ban tervezve \u00e9s gy\u00e1rtva<\/li>\n<li>K\u00f6nny\u0171, matt fekete elox\u00e1lt alum\u00ednium szerkezet<\/li>\n<li>M-LOK\u00ae foglalatok 11, 12 \u00e9s 1 \u00f3ra poz\u00edci\u00f3ban<\/li>\n<li>Kompatibilis MP5 t\u00edpus\u00fa pisztolyokkal \u00e9s pusk\u00e1kkal (K t\u00edpus\u00fa tokkal nem)<\/li>\n<li>Biztons\u00e1gos r\u00f6gz\u00edt\u00e9s az els\u0151 ir\u00e1nyz\u00e9khoz<\/li>\n<\/ul>\n<p>Ez a l\u00e1mpatart\u00f3 tart\u00f3s, sokoldal\u00fa \u00e9s felhaszn\u00e1l\u00f3bar\u00e1t.<\/p>\n<\/div>\n","protected":false},"excerpt":{"rendered":"<p>Az USA-ban gy\u00e1rtott MP5\u00ae l\u00e1mpatart\u00f3. M-LOK\u00ae r\u00f6gz\u00edt\u0151elemekkel, biztons\u00e1gos illeszked\u00e9ssel, sokoldal\u00fa felhaszn\u00e1lhat\u00f3s\u00e1ggal.<\/p>\n","protected":false},"featured_media":583392,"template":"","meta":{"_acf_changed":false},"product_brand":[14405],"product_cat":[14958,369],"product_tag":[],"class_list":{"0":"post-583046","1":"product","2":"type-product","3":"status-publish","4":"has-post-thumbnail","6":"product_brand-leapers-inc","7":"product_cat-m-lok-rail-systems-hu","8":"product_cat-uncategorized","10":"first","11":"instock","12":"taxable","13":"shipping-taxable","14":"purchasable","15":"product-type-simple"},"acf":[],"_links":{"self":[{"href":"https:\/\/nbg.eu\/hu\/wp-json\/wp\/v2\/product\/583046","targetHints":{"allow":["GET"]}}],"collection":[{"href":"https:\/\/nbg.eu\/hu\/wp-json\/wp\/v2\/product"}],"about":[{"href":"https:\/\/nbg.eu\/hu\/wp-json\/wp\/v2\/types\/product"}],"wp:featuredmedia":[{"embeddable":true,"href":"https:\/\/nbg.eu\/hu\/wp-json\/wp\/v2\/media\/583392"}],"wp:attachment":[{"href":"https:\/\/nbg.eu\/hu\/wp-json\/wp\/v2\/media?parent=583046"}],"wp:term":[{"taxonomy":"product_brand","embeddable":true,"href":"https:\/\/nbg.eu\/hu\/wp-json\/wp\/v2\/product_brand?post=583046"},{"taxonomy":"product_cat","embeddable":true,"href":"https:\/\/nbg.eu\/hu\/wp-json\/wp\/v2\/product_cat?post=583046"},{"taxonomy":"product_tag","embeddable":true,"href":"https:\/\/nbg.eu\/hu\/wp-json\/wp\/v2\/product_tag?post=583046"}],"curies":[{"name":"wp","href":"https:\/\/api.w.org\/{rel}","templated":true}]}}