{"id":58392,"date":"2024-02-17T21:23:00","date_gmt":"2024-02-17T18:23:00","guid":{"rendered":"https:\/\/nbg.eu\/product\/magazine-well-reaction-block-geissele-vise-block\/"},"modified":"2026-04-21T17:59:24","modified_gmt":"2026-04-21T14:59:24","slug":"magazine-well-reaction-block-geissele-vise-block","status":"publish","type":"product","link":"https:\/\/nbg.eu\/hu\/termek\/magazine-well-reaction-block-geissele-vise-block\/","title":{"rendered":"Geissele Satutart\u00f3 Vise Block"},"content":{"rendered":"<p>A <strong>Geissele Automatics Magazine Well Vise Block<\/strong> egy eszk\u00f6z AR15\/M4 \u00e9s AR10\/SR25 vev\u0151kh\u00f6z. Ez az USA-ban gy\u00e1rtott term\u00e9k a k\u00f6vetkez\u0151ket ny\u00fajtja:<\/p>\n<ul>\n<li>Stabil platform az als\u00f3 vev\u0151 m\u0171veletekhez<\/li>\n<li>MLOK anya beszerel\u00e9s<\/li>\n<li>\u00dctk\u00f6z\u0151 cs\u0151 \u00f6sszeszerel\u00e9s<\/li>\n<li>K\u00e9z n\u00e9lk\u00fcli munkav\u00e9gz\u00e9s lehet\u0151s\u00e9ge<\/li>\n<\/ul>\n<p>R\u00f6gz\u00edtse a munkapadhoz a fegyverszerel\u00e9shez.<\/p>\n","protected":false},"excerpt":{"rendered":"<p>Biztons\u00e1gos AR15\/M4\/AR10\/SR25 als\u00f3 r\u00e9szek szabad kezes munk\u00e1hoz. USA-ban gy\u00e1rtva.<\/p>\n","protected":false},"featured_media":58393,"template":"","meta":{"_acf_changed":false},"product_brand":[11393],"product_cat":[12947],"product_tag":[],"class_list":{"0":"post-58392","1":"product","2":"type-product","3":"status-publish","4":"has-post-thumbnail","6":"product_brand-geissele","7":"product_cat-eszkoezoek","9":"first","10":"outofstock","11":"taxable","12":"shipping-taxable","13":"product-type-simple"},"acf":[],"_links":{"self":[{"href":"https:\/\/nbg.eu\/hu\/wp-json\/wp\/v2\/product\/58392","targetHints":{"allow":["GET"]}}],"collection":[{"href":"https:\/\/nbg.eu\/hu\/wp-json\/wp\/v2\/product"}],"about":[{"href":"https:\/\/nbg.eu\/hu\/wp-json\/wp\/v2\/types\/product"}],"wp:featuredmedia":[{"embeddable":true,"href":"https:\/\/nbg.eu\/hu\/wp-json\/wp\/v2\/media\/58393"}],"wp:attachment":[{"href":"https:\/\/nbg.eu\/hu\/wp-json\/wp\/v2\/media?parent=58392"}],"wp:term":[{"taxonomy":"product_brand","embeddable":true,"href":"https:\/\/nbg.eu\/hu\/wp-json\/wp\/v2\/product_brand?post=58392"},{"taxonomy":"product_cat","embeddable":true,"href":"https:\/\/nbg.eu\/hu\/wp-json\/wp\/v2\/product_cat?post=58392"},{"taxonomy":"product_tag","embeddable":true,"href":"https:\/\/nbg.eu\/hu\/wp-json\/wp\/v2\/product_tag?post=58392"}],"curies":[{"name":"wp","href":"https:\/\/api.w.org\/{rel}","templated":true}]}}