{"id":65581,"date":"2024-01-23T18:42:27","date_gmt":"2024-01-23T18:42:27","guid":{"rendered":"https:\/\/nbg.eu\/product\/bore-cleaner-1-5-oz\/"},"modified":"2026-05-13T16:01:58","modified_gmt":"2026-05-13T13:01:58","slug":"csotisztito-15-oz","status":"publish","type":"product","link":"https:\/\/nbg.eu\/hu\/termek\/csotisztito-15-oz\/","title":{"rendered":"Cs\u0151tiszt\u00edt\u00f3 1.5 oz"},"content":{"rendered":"<p>\nIosso cs\u0151tiszt\u00edt\u00f3: Biol\u00f3giai alap\u00fa paszta formula fegyvertiszt\u00edt\u00e1shoz. Elt\u00e1vol\u00edtja a rezet, \u00f3lmot, szenet, szennyez\u0151d\u00e9seket \u00e9s rozsd\u00e1t, ki\u00f6ml\u00e9s vagy k\u00e1rosod\u00e1s n\u00e9lk\u00fcl. Nem korroz\u00edv, szagtalan \u00e9s k\u00f6rnyezetbar\u00e1t. Haszn\u00e1lhat\u00f3 Eliminator kef\u00e9kkel \u00e9s olajos oldattal az alapos tiszt\u00edt\u00e1shoz. N\u00f6v\u00e9nyi alap\u00fa technol\u00f3gia fegyverekhez.<\/p>\n","protected":false},"excerpt":{"rendered":"<p>K\u00f6rnyezetbar\u00e1t paszta tiszt\u00edt\u00f3szer fegyverekhez. Gyorsan elt\u00e1vol\u00edtja a lerak\u00f3d\u00e1sokat \u00e9s szennyez\u0151d\u00e9seket.<\/p>\n","protected":false},"featured_media":101682,"template":"","meta":{"_acf_changed":false},"product_brand":[11475],"product_cat":[12909,12982],"product_tag":[],"class_list":{"0":"post-65581","1":"product","2":"type-product","3":"status-publish","4":"has-post-thumbnail","6":"product_brand-iosso","7":"product_cat-fegyvertisztitas","8":"product_cat-tisztitok","10":"first","11":"instock","12":"taxable","13":"shipping-taxable","14":"purchasable","15":"product-type-simple"},"acf":[],"_links":{"self":[{"href":"https:\/\/nbg.eu\/hu\/wp-json\/wp\/v2\/product\/65581","targetHints":{"allow":["GET"]}}],"collection":[{"href":"https:\/\/nbg.eu\/hu\/wp-json\/wp\/v2\/product"}],"about":[{"href":"https:\/\/nbg.eu\/hu\/wp-json\/wp\/v2\/types\/product"}],"wp:featuredmedia":[{"embeddable":true,"href":"https:\/\/nbg.eu\/hu\/wp-json\/wp\/v2\/media\/101682"}],"wp:attachment":[{"href":"https:\/\/nbg.eu\/hu\/wp-json\/wp\/v2\/media?parent=65581"}],"wp:term":[{"taxonomy":"product_brand","embeddable":true,"href":"https:\/\/nbg.eu\/hu\/wp-json\/wp\/v2\/product_brand?post=65581"},{"taxonomy":"product_cat","embeddable":true,"href":"https:\/\/nbg.eu\/hu\/wp-json\/wp\/v2\/product_cat?post=65581"},{"taxonomy":"product_tag","embeddable":true,"href":"https:\/\/nbg.eu\/hu\/wp-json\/wp\/v2\/product_tag?post=65581"}],"curies":[{"name":"wp","href":"https:\/\/api.w.org\/{rel}","templated":true}]}}