{"id":672230,"date":"2025-11-17T17:17:59","date_gmt":"2025-11-17T14:17:59","guid":{"rendered":"https:\/\/nbg.eu\/product\/thermal-camera-nocpix-vista-s50r-s-lrf-1280x1024-15mk-netd\/"},"modified":"2026-04-14T16:02:12","modified_gmt":"2026-04-14T13:02:12","slug":"thermal-camera-nocpix-vista-s50r-s-lrf-1280x1024-15mk-netd","status":"publish","type":"product","link":"https:\/\/nbg.eu\/hu\/termek\/thermal-camera-nocpix-vista-s50r-s-lrf-1280x1024-15mk-netd\/","title":{"rendered":"Nocpix H\u0151k\u00e9pes Kamera VISTA S50R LRF"},"content":{"rendered":"<h2>Thermal Camera Nocpix VISTA S50R with LRF 1280&#215;1024 \u226415mK NETD<\/h2>\n<p>A Vista&#8217;s Vision+ rendszer, 2560\u00d72560 AMOLED kijelz\u0151j\u00e9vel \u00e9s 8mm-es kil\u00e9p\u0151 pupilla \u00e1tm\u00e9r\u0151j\u00e9vel elmer\u00fcl\u0151 \u00e9lm\u00e9nyt ny\u00fajt. Kiv\u00e1l\u00f3 \u00e9rz\u00e9kel\u0151vel \u00e9s integr\u00e1lt l\u00e9zeres t\u00e1vm\u00e9r\u0151vel felszerelve a Vista a legmagasabb teljes\u00edtm\u00e9nyt ny\u00fajtja az ipar\u00e1gban. Felhaszn\u00e1l\u00f3bar\u00e1t kialak\u00edt\u00e1sa \u00e9s fejlett akkumul\u00e1tor megold\u00e1sa alkalmass\u00e1 teszi a szabadt\u00e9ri kih\u00edv\u00e1sok lek\u00fczd\u00e9s\u00e9re.<\/p>\n<h2>Vision+ Rendszer: Elmer\u00fcl\u0151 L\u00e1t\u00e1s<\/h2>\n<p>A 2560\u00d72560 pixeles k\u00f6rk\u00f6r\u00f6s AMOLED kijelz\u0151 optimaliz\u00e1lja a t\u00e9rbeli hat\u00e9konys\u00e1got, \u00e9l\u00e9nk vizu\u00e1lis \u00e9lm\u00e9nyt ny\u00fajtva. 8mm-es kil\u00e9p\u0151 pupilla \u00e1tm\u00e9r\u0151j\u00e9vel \u00e9s Pure Vision m\u00f3ddal a Vista k\u00e9nyelmes \u00e9s elmer\u00fcl\u0151 l\u00e1t\u00e1si \u00e9lm\u00e9nyt biztos\u00edt.<\/p>\n<h2>Kiv\u00e1l\u00f3 \u00e9rz\u00e9kel\u0151: Els\u0151 oszt\u00e1ly\u00fa k\u00e9pmin\u0151s\u00e9g<\/h2>\n<p>Saj\u00e1t fejleszt\u00e9s\u0171 \u226415mK NETD 1280\u00d71024@12\u03bcm \u00e9rz\u00e9kel\u0151nk magas k\u00e9pmin\u0151s\u00e9get \u00e9s stabil teljes\u00edtm\u00e9nyt garant\u00e1l. Az \u00e1llatok k\u00f6rvonalai, anat\u00f3mi\u00e1ja \u00e9s viselked\u00e9si jellemz\u0151i k\u00f6nnyen megk\u00fcl\u00f6nb\u00f6ztethet\u0151k.<\/p>\n<h2>Integr\u00e1lt l\u00e9zeres t\u00e1vm\u00e9r\u0151: Precizit\u00e1s \u00e9s hordozhat\u00f3s\u00e1g<\/h2>\n<p>2-az-1-ben integr\u00e1lt t\u00e1vm\u00e9r\u0151nk (LRF 1200m) az eszt\u00e9tik\u00e1t \u00e9s a val\u00f3di optikai tengelys\u00edkot t\u00f6k\u00e9letesen \u00f6tv\u00f6zi. Ez a k\u00f6nny\u0171, kompakt kialak\u00edt\u00e1s minim\u00e1lis lencsefel\u00fclettel rendelkezik, mik\u00f6zben fenntartja a kiv\u00e1l\u00f3 k\u00e9pmin\u0151s\u00e9get.<\/p>\n<h2>60Hz k\u00e9pfriss\u00edt\u00e9s: Folyamatos mozg\u00e1sr\u00f6gz\u00edt\u00e9s<\/h2>\n<p>60Hz-es \u00e9rz\u00e9kel\u0151vel felszerelve a Vista kiv\u00e1l\u00f3 simas\u00e1got biztos\u00edt, lehet\u0151v\u00e9 t\u00e9ve a mozg\u00f3 \u00e1llatok \u00e9s a gyors jelenetek pontos r\u00f6gz\u00edt\u00e9s\u00e9t. Ez a 60Hz-es friss\u00edt\u00e9si r\u00e1ta jelent\u0151s el\u0151rel\u00e9p\u00e9st jelent az 50Hz-es v\u00e1ltozathoz k\u00e9pest, sim\u00e1bb \u00e9s pontosabb vizualiz\u00e1ci\u00f3t ny\u00fajtva.<\/p>\n<h2>F0.9 Objekt\u00edv: Fokozott F\u00e9nybefog\u00e1s<\/h2>\n<p>Az F0.9 objekt\u00edv 20%-kal jobb f\u00e9nybefog\u00e1sra lett tervezve, ami jelent\u0151sen jav\u00edtja a f\u00e9nyer\u0151t \u00e9s a k\u00e9pmin\u0151s\u00e9get a hagyom\u00e1nyos F1.0 objekt\u00edvekhez k\u00e9pest. Ez a fejleszt\u00e9s biztos\u00edtja, hogy minden r\u00e9szlet kiv\u00e1l\u00f3an tiszta legyen, \u00e9s a Vista az ide\u00e1lis t\u00e1rsad lehet az \u00e9jszakai megfigyel\u00e9sekhez.<\/p>\n<h2>Rugalmas t\u00f6lt\u00e9s: Cser\u00e9lhet\u0151 akkumul\u00e1torok a hosszabb \u00fczemid\u0151\u00e9rt<\/h2>\n<p>A Vista k\u00e9t t\u00f6lt\u00e9si lehet\u0151s\u00e9get k\u00edn\u00e1l: k\u00f6nnyen cser\u00e9lhet\u0151 IBP-7\/4400mAh akkumul\u00e1torokat, vagy a be\u00e9p\u00edtett csatlakoz\u00f3n kereszt\u00fcli k\u00f6zvetlen t\u00f6lt\u00e9st. Ez folyamatos m\u0171k\u00f6d\u00e9st biztos\u00edt, \u00edgy a vad\u00e1szatra koncentr\u00e1lhatsz az akkumul\u00e1tor-probl\u00e9m\u00e1k n\u00e9lk\u00fcl.<\/p>\n<h2>Sz\u00e9les l\u00e1t\u00f3mez\u0151: Jav\u00edtott k\u00f6rnyezettudatoss\u00e1g<\/h2>\n<p>Kiv\u00e1l\u00f3 2X els\u0151dleges nagy\u00edt\u00e1s\u00e1val \u00e9s t\u00e1gas l\u00e1t\u00f3mezej\u00e9vel a Vista S50R kiv\u00e9teles perspekt\u00edv\u00e1t biztos\u00edt k\u00f6rnyezetedr\u0151l. Ez lehet\u0151v\u00e9 teszi, hogy k\u00f6nnyed\u00e9n \u00e9szrevegy\u00e9l \u00e9s figyelemmel k\u00eds\u00e9rj t\u00f6bb c\u00e9lt is a t\u00e1voli t\u00e1jban, biztos\u00edtva, hogy minden mozdulat tiszt\u00e1n r\u00f6gz\u00edt\u00e9sre ker\u00fclj\u00f6n.<\/p>\n<h2>K\u00fcl\u00f6nb\u00f6z\u0151 sz\u00ednpaletta<\/h2>\n<p>A Vista 7 k\u00fcl\u00f6nb\u00f6z\u0151 sz\u00ednpalett\u00e1t k\u00edn\u00e1l, bele\u00e9rtve a v\u00f6r\u00f6s \u00e9s a tiszta z\u00f6ld monokr\u00f3m m\u00f3dokat is. Ezek a szembar\u00e1t opci\u00f3k cs\u00f6kkentik a szemf\u00e1radts\u00e1got, lehet\u0151v\u00e9 t\u00e9ve a hosszan tart\u00f3, f\u00e1rads\u00e1gmentes haszn\u00e1latot.<\/p>\n<h2>Felhaszn\u00e1l\u00f3bar\u00e1t kialak\u00edt\u00e1s<\/h2>\n<p>A Vista csendes gombjai biztos\u00edtj\u00e1k a suttog\u00f3 haszn\u00e1latot s\u00f6t\u00e9tben, m\u00edg a forgathat\u00f3 szemellenz\u0151 megakad\u00e1lyozza a f\u00e9nysziv\u00e1rg\u00e1st, rejtve tartva jelenl\u00e9tedet az \u00e1llatok el\u0151l. A teljes TPU b\u0151rut\u00e1nzat k\u00e9nyelmes fog\u00e1st biztos\u00edt, lehet\u0151v\u00e9 t\u00e9ve a hosszabb haszn\u00e1latot is.<\/p>\n","protected":false},"excerpt":{"rendered":"<p>A Nocpix VISTA S50R term\u00e9knek a k\u00f6vetkez\u0151 funkci\u00f3i vannak: 1280&#215;1024-es LRF, &lt;15mK NETD, 2560&#215;2560-as AMOLED kijelz\u0151, 1280&#215;1024-es \u00e9rz\u00e9kel\u0151, integr\u00e1lt LRF, F0.9-es lencse, 60Hz-es k\u00e9pfriss\u00edt\u00e9s, flexibilis t\u00f6lt\u00e9s, sz\u00e9les l\u00e1t\u00f3sz\u00f6g \u00e9s felhaszn\u00e1l\u00f3bar\u00e1t kialak\u00edt\u00e1s.<\/p>\n<p>Amennyiben a term\u00e9k nem el\u00e9rhet\u0151, k\u00e9rj\u00fck, l\u00e9pjen kapcsolatba vel\u00fcnk a shop@nbg.eu e-mail c\u00edmen vagy a +359896147790-es telefonsz\u00e1mon.<\/p>\n","protected":false},"featured_media":672839,"template":"","meta":{"_acf_changed":false},"product_brand":[14453],"product_cat":[12938,16080],"product_tag":[],"class_list":{"0":"post-672230","1":"product","2":"type-product","3":"status-publish","4":"has-post-thumbnail","6":"product_brand-nocpix","7":"product_cat-hokamera","8":"product_cat-thermal-cameras-hu","10":"first","11":"instock","12":"taxable","13":"shipping-taxable","14":"purchasable","15":"product-type-simple"},"acf":[],"_links":{"self":[{"href":"https:\/\/nbg.eu\/hu\/wp-json\/wp\/v2\/product\/672230","targetHints":{"allow":["GET"]}}],"collection":[{"href":"https:\/\/nbg.eu\/hu\/wp-json\/wp\/v2\/product"}],"about":[{"href":"https:\/\/nbg.eu\/hu\/wp-json\/wp\/v2\/types\/product"}],"wp:featuredmedia":[{"embeddable":true,"href":"https:\/\/nbg.eu\/hu\/wp-json\/wp\/v2\/media\/672839"}],"wp:attachment":[{"href":"https:\/\/nbg.eu\/hu\/wp-json\/wp\/v2\/media?parent=672230"}],"wp:term":[{"taxonomy":"product_brand","embeddable":true,"href":"https:\/\/nbg.eu\/hu\/wp-json\/wp\/v2\/product_brand?post=672230"},{"taxonomy":"product_cat","embeddable":true,"href":"https:\/\/nbg.eu\/hu\/wp-json\/wp\/v2\/product_cat?post=672230"},{"taxonomy":"product_tag","embeddable":true,"href":"https:\/\/nbg.eu\/hu\/wp-json\/wp\/v2\/product_tag?post=672230"}],"curies":[{"name":"wp","href":"https:\/\/api.w.org\/{rel}","templated":true}]}}