{"id":673425,"date":"2025-11-17T17:24:54","date_gmt":"2025-11-17T14:24:54","guid":{"rendered":"https:\/\/nbg.eu\/product\/hokamera-nocpix-vista-h50r-lrf-vel-50mm-12um-640x512-15mk-netd\/"},"modified":"2026-04-14T16:02:09","modified_gmt":"2026-04-14T13:02:09","slug":"hokamera-nocpix-vista-h50r-lrf-vel-50mm-12um-640x512-15mk-netd","status":"publish","type":"product","link":"https:\/\/nbg.eu\/hu\/termek\/hokamera-nocpix-vista-h50r-lrf-vel-50mm-12um-640x512-15mk-netd\/","title":{"rendered":"Nocpix H\u0151k\u00e9pes Kamera VISTA H50R LRF"},"content":{"rendered":"<h2>Nocpix VISTA H50R &#8211; Cs\u00facstechnol\u00f3gi\u00e1s h\u0151kamera l\u00e9zeres t\u00e1vols\u00e1gm\u00e9r\u0151vel<\/h2>\n<p>A Nocpix VISTA H50R egy cs\u00facstechnol\u00f3gi\u00e1s h\u0151kamera be\u00e9p\u00edtett l\u00e9zeres t\u00e1vols\u00e1gm\u00e9r\u0151vel (LRF), amely nappal \u00e9s \u00e9jjel egyar\u00e1nt haszn\u00e1lhat\u00f3. Kiv\u00e9teles k\u00e9pmin\u0151s\u00e9get ny\u00fajt m\u00e9g sz\u00e9ls\u0151s\u00e9ges id\u0151j\u00e1r\u00e1si k\u00f6r\u00fclm\u00e9nyek, mint k\u00f6d, szmog \u00e9s es\u0151 eset\u00e9n is, \u00e9s k\u00e9pes \u00e9szlelni a c\u00e9lpontokat olyan akad\u00e1lyokon kereszt\u00fcl, mint \u00e1gak, magas f\u0171 \u00e9s s\u0171r\u0171 n\u00f6v\u00e9nyzet, amelyek norm\u00e1l esetben akad\u00e1lyozn\u00e1k a l\u00e1that\u00f3s\u00e1got.<\/p>\n<p>A VISTA H50R sokoldal\u00faan haszn\u00e1lhat\u00f3, t\u00f6bbek k\u00f6z\u00f6tt vad\u00e1szathoz, biztons\u00e1ghoz, megfigyel\u00e9shez, terepnavig\u00e1ci\u00f3hoz \u00e9s kutat\u00f3-ment\u0151 m\u0171veletekhez. Fejlett h\u0151technol\u00f3gi\u00e1ja megb\u00edzhat\u00f3 teljes\u00edtm\u00e9nyt ny\u00fajt, vil\u00e1gos k\u00e9peket \u00e9s pontos m\u00e9r\u00e9seket biztos\u00edtva m\u00e9g a kih\u00edv\u00e1st jelent\u0151 k\u00f6rnyezetben is.<\/p>\n<h2>M\u0171szaki adatok:<\/h2>\n<p>Felbont\u00e1s: 640 x 512<br \/>\nPixelm\u00e9ret: 12<br \/>\nNETD, mK: \u226415<br \/>\nK\u00e9pfriss\u00edt\u00e9si sebess\u00e9g: 50<br \/>\nObjekt\u00edv: 50mm F0.9<br \/>\nL\u00e1t\u00f3sz\u00f6g: 8.8 x 7.0<br \/>\nL\u00e1t\u00f3sz\u00f6g (line\u00e1ris): 15 x 12<br \/>\nNagy\u00edt\u00e1s: 4~40<br \/>\n\u00c9szlel\u00e9si t\u00e1vols\u00e1g: 2600<br \/>\nSzemt\u0151l val\u00f3 t\u00e1vols\u00e1g: 25<br \/>\nKil\u00e9p\u0151 pupilla \u00e1tm\u00e9r\u0151je: 8<br \/>\nDioptria: -4 ~ +6<br \/>\nKijelz\u0151 t\u00edpusa: AMOLED<br \/>\nKijelz\u0151 felbont\u00e1sa: 2560 x 2560<br \/>\nAkku: Cser\u00e9lhet\u0151 l\u00edtium-ion akkumul\u00e1tor IBP-7 \/ 4400mAh<br \/>\nMax. \u00fczemid\u0151: 5.5<br \/>\nL\u00e9zeres t\u00e1vols\u00e1gm\u00e9r\u00e9s: 1200<br \/>\nL\u00e9zer: 1. oszt\u00e1ly<br \/>\nWi-Fi\/App: IGEN<br \/>\nMikrofon: IGEN<br \/>\nMem\u00f3riakapacit\u00e1s: 64GB<br \/>\nIP min\u0151s\u00edt\u00e9s: IP67<br \/>\nMax. \u00fczemeltet\u00e9si h\u0151m\u00e9rs\u00e9klet: -20 ~ +50<br \/>\nT\u00f6meg (uncia): 22.93<br \/>\nT\u00f6meg (g): 650<br \/>\nM\u00e9retek (h\u00fcvelyk): 7.64 x 2.76 x 3.23<br \/>\nM\u00e9retek (mm): 194 x 70 x 82<\/p>\n<p>640\u00d7512 12\u03bcm-es \u00e9rz\u00e9kel\u0151<br \/>\nNETD\u226415mK<br \/>\n60Hz-es nagy k\u00e9pfriss\u00edt\u00e9si sebess\u00e9g<br \/>\nF0.9 objekt\u00edv<br \/>\nAMOLED 2560\u00d72560 k\u00f6r alak\u00fa kijelz\u0151<br \/>\nIBP-7 gyorsan cser\u00e9lhet\u0151, \u00fajrat\u00f6lthet\u0151 akkumul\u00e1tor<br \/>\nSima digit\u00e1lis zoom: 1\u00d7~8\u00d7<br \/>\nExtra tiszta m\u00f3d<br \/>\nSzemv\u00e9delem alacsony f\u00e9nyer\u0151vel, sz\u00ednpalett\u00e1val \u00e9s meleg \u00e1rnyalattal<br \/>\nElektronikus k\u00e9pstabiliz\u00e1ci\u00f3<\/p>\n","protected":false},"excerpt":{"rendered":"<p>A Nocpix VISTA H50R egy 640\u00d7512 k\u00e9ppontos, 12 \u00b5m-es termokamera, amely \u226415mK NETD-vel, 50 mm F0,9 lencs\u00e9vel \u00e9s be\u00e9p\u00edtett l\u00e9zeres t\u00e1vm\u00e9r\u0151vel rendelkezik, vad\u00e1szat, biztons\u00e1g \u00e9s m\u00e1s alkalmaz\u00e1sok sz\u00e1m\u00e1ra.<\/p>\n","protected":false},"featured_media":673745,"template":"","meta":{"_acf_changed":false},"product_brand":[14453],"product_cat":[12938,16080],"product_tag":[],"class_list":{"0":"post-673425","1":"product","2":"type-product","3":"status-publish","4":"has-post-thumbnail","6":"product_brand-nocpix","7":"product_cat-hokamera","8":"product_cat-thermal-cameras-hu","10":"first","11":"instock","12":"taxable","13":"shipping-taxable","14":"purchasable","15":"product-type-simple"},"acf":[],"_links":{"self":[{"href":"https:\/\/nbg.eu\/hu\/wp-json\/wp\/v2\/product\/673425","targetHints":{"allow":["GET"]}}],"collection":[{"href":"https:\/\/nbg.eu\/hu\/wp-json\/wp\/v2\/product"}],"about":[{"href":"https:\/\/nbg.eu\/hu\/wp-json\/wp\/v2\/types\/product"}],"wp:featuredmedia":[{"embeddable":true,"href":"https:\/\/nbg.eu\/hu\/wp-json\/wp\/v2\/media\/673745"}],"wp:attachment":[{"href":"https:\/\/nbg.eu\/hu\/wp-json\/wp\/v2\/media?parent=673425"}],"wp:term":[{"taxonomy":"product_brand","embeddable":true,"href":"https:\/\/nbg.eu\/hu\/wp-json\/wp\/v2\/product_brand?post=673425"},{"taxonomy":"product_cat","embeddable":true,"href":"https:\/\/nbg.eu\/hu\/wp-json\/wp\/v2\/product_cat?post=673425"},{"taxonomy":"product_tag","embeddable":true,"href":"https:\/\/nbg.eu\/hu\/wp-json\/wp\/v2\/product_tag?post=673425"}],"curies":[{"name":"wp","href":"https:\/\/api.w.org\/{rel}","templated":true}]}}