{"id":67379,"date":"2024-01-13T12:20:15","date_gmt":"2024-09-20T12:06:32","guid":{"rendered":"https:\/\/nbg.eu\/product\/surefire-ue-sr07-scout-light-remote-switch\/"},"modified":"2024-09-20T12:07:25","modified_gmt":"2024-09-20T12:07:25","slug":"surefire-ue-sr07-scout-light-tavkapcsolo","status":"publish","type":"product","link":"https:\/\/nbg.eu\/hu\/termek\/surefire-ue-sr07-scout-light-tavkapcsolo\/","title":{"rendered":"SureFire UE-SR07 (SCOUT LIGHT TAVKAPCSOLO)"},"content":{"rendered":"<p>\nA SureFire UE-SR07 SCOUT LIGHT T\u00c1VKAPCSOL\u00d3 a k\u00f6vetkez\u0151ket k\u00edn\u00e1lja:<\/p>\n<ul>\n<li>Csatlakoztathat\u00f3 SR07 t\u00e1vkapcsol\u00f3 pillanatnyi bekapcsol\u00f3 gombbal \u00e9s kattinthat\u00f3 be\/ki kapcsol\u00f3val<\/li>\n<li>MIL-STD-1913 kompatibilis h\u00e1z<\/li>\n<li>Nyom\u00f3gomb r\u00e1pattinthat\u00f3 a Picatinny s\u00ednekre<\/li>\n<li>Rendszer kikapcsol\u00e1si funkci\u00f3<\/li>\n<li>Teljes kapcsol\u00e1si jogosults\u00e1g az UE z\u00e1r\u00f3kupakkal<\/li>\n<\/ul>\n","protected":false},"excerpt":{"rendered":"<p>T\u00e1vir\u00e1ny\u00edt\u00f3 SureFire Scout l\u00e1mp\u00e1hoz: Pillanatnyi \u00e9s \u00e1lland\u00f3 bekapcsol\u00e1s vez\u00e9rl\u00e9se.<\/p>\n","protected":false},"featured_media":67380,"template":"","meta":{"_acf_changed":false},"product_brand":[11863],"product_cat":[369],"product_tag":[],"class_list":{"0":"post-67379","1":"product","2":"type-product","3":"status-publish","4":"has-post-thumbnail","6":"product_brand-surefire","7":"product_cat-uncategorized","9":"first","10":"outofstock","11":"taxable","12":"shipping-taxable","13":"product-type-variable","14":"wvs-archive-product-wrapper"},"acf":[],"_links":{"self":[{"href":"https:\/\/nbg.eu\/hu\/wp-json\/wp\/v2\/product\/67379","targetHints":{"allow":["GET"]}}],"collection":[{"href":"https:\/\/nbg.eu\/hu\/wp-json\/wp\/v2\/product"}],"about":[{"href":"https:\/\/nbg.eu\/hu\/wp-json\/wp\/v2\/types\/product"}],"wp:featuredmedia":[{"embeddable":true,"href":"https:\/\/nbg.eu\/hu\/wp-json\/wp\/v2\/media\/67380"}],"wp:attachment":[{"href":"https:\/\/nbg.eu\/hu\/wp-json\/wp\/v2\/media?parent=67379"}],"wp:term":[{"taxonomy":"product_brand","embeddable":true,"href":"https:\/\/nbg.eu\/hu\/wp-json\/wp\/v2\/product_brand?post=67379"},{"taxonomy":"product_cat","embeddable":true,"href":"https:\/\/nbg.eu\/hu\/wp-json\/wp\/v2\/product_cat?post=67379"},{"taxonomy":"product_tag","embeddable":true,"href":"https:\/\/nbg.eu\/hu\/wp-json\/wp\/v2\/product_tag?post=67379"}],"curies":[{"name":"wp","href":"https:\/\/api.w.org\/{rel}","templated":true}]}}