{"id":673814,"date":"2025-11-17T17:24:57","date_gmt":"2025-11-17T14:24:57","guid":{"rendered":"https:\/\/nbg.eu\/product\/thermal-camera-nocpix-vista-h35r-s-lrf-35mm-12um-640x512-15mk-net\/"},"modified":"2026-04-14T16:02:06","modified_gmt":"2026-04-14T13:02:06","slug":"thermal-camera-nocpix-vista-h35r-s-lrf-35mm-12um-640x512-15mk-net","status":"publish","type":"product","link":"https:\/\/nbg.eu\/hu\/termek\/thermal-camera-nocpix-vista-h35r-s-lrf-35mm-12um-640x512-15mk-net\/","title":{"rendered":"Nocpix H\u0151k\u00e9pes Kamera VISTA H35R LRF"},"content":{"rendered":"<h2>Nocpix VISTA H35R h\u0151k\u00e9palkot\u00f3 monokul\u00e1ris a l\u00e9zeres t\u00e1vols\u00e1gm\u00e9r\u0151vel<\/h2>\n<p>A Nocpix VISTA H35R egy t\u00f6bbc\u00e9l\u00fa h\u0151k\u00e9palkot\u00f3 monokul\u00e1ris, amely be\u00e9p\u00edtett l\u00e9zeres t\u00e1vols\u00e1gm\u00e9r\u0151vel (LRF) rendelkezik, \u00e9s megb\u00edzhat\u00f3 haszn\u00e1latra tervezt\u00e9k nappal \u00e9s \u00e9jjel egyar\u00e1nt. Ez a fejlett eszk\u00f6z kiv\u00e1l\u00f3 h\u0151k\u00e9palkot\u00f3 teljes\u00edtm\u00e9nyt ny\u00fajt, tiszta \u00e9s r\u00e9szletes k\u00e9peket biztos\u00edtva m\u00e9g a kih\u00edv\u00e1st jelent\u0151 id\u0151j\u00e1r\u00e1si k\u00f6r\u00fclm\u00e9nyek, p\u00e9ld\u00e1ul k\u00f6d, szmog \u00e9s es\u0151 eset\u00e9n is. K\u00e9pes kimutatni c\u00e9lpontokat akad\u00e1lyokon, mint p\u00e9ld\u00e1ul \u00e1gak, magas f\u0171 \u00e9s s\u0171r\u0171 n\u00f6v\u00e9nyzet, biztos\u00edtva a hat\u00e9kony m\u0171k\u00f6d\u00e9st olyan k\u00f6rnyezetekben, ahol a hagyom\u00e1nyos optikai eszk\u00f6z\u00f6k el\u00e9gtelenek.<\/p>\n<p>Sokf\u00e9le alkalmaz\u00e1s sz\u00e1m\u00e1ra ide\u00e1lis, a VISTA H35R t\u00f6k\u00e9letes v\u00e1laszt\u00e1s vad\u00e1szathoz, megfigyel\u00e9shez, biztons\u00e1ghoz, terepnavig\u00e1ci\u00f3hoz \u00e9s kutat\u00f3-ment\u0151 m\u0171veletekhez. Cs\u00facstechnol\u00f3gi\u00e1j\u00e1val \u00e9s tart\u00f3s fel\u00e9p\u00edt\u00e9s\u00e9vel a VISTA H35R pontos \u00e9szlel\u00e9st \u00e9s m\u00e9r\u00e9st garant\u00e1l a legkem\u00e9nyebb k\u00f6r\u00fclm\u00e9nyek k\u00f6z\u00f6tt is.<\/p>\n<h2>M\u0171szaki adatok<\/h2>\n<p>Felbont\u00e1s: 640 x 512<br \/>\nPixelm\u00e9ret: 12<br \/>\nNETD, mK: \u226415<br \/>\nK\u00e9pfriss\u00edt\u00e9si sebess\u00e9g: 50<br \/>\nObjekt\u00edv: 35mm F0.9<br \/>\nL\u00e1t\u00f3sz\u00f6g: 12,5 x 10,0<br \/>\nL\u00e1t\u00f3sz\u00f6g (line\u00e1ris): 22 x 18<br \/>\nNagy\u00edt\u00e1s: 3~28<br \/>\n\u00c9rz\u00e9kel\u00e9si tartom\u00e1ny: 1800<br \/>\nSzem-kijelz\u0151 t\u00e1vols\u00e1g: 25<br \/>\nKil\u00e9p\u0151 pupilla \u00e1tm\u00e9r\u0151: 8<br \/>\nDioptria\u00e1ll\u00edt\u00e1s: -4 ~ +6<br \/>\nKijelz\u0151 t\u00edpus: AMOLED<br \/>\nKijelz\u0151 felbont\u00e1sa: 2560 x 2560<br \/>\nAkkumul\u00e1tor: Cser\u00e9lhet\u0151 l\u00edtium-ion akkumul\u00e1tor IBP-7 \/ 4400mAh<br \/>\nMax. m\u0171k\u00f6d\u00e9si id\u0151: 5,5<br \/>\nL\u00e9zeres t\u00e1vols\u00e1gm\u00e9r\u00e9s tartom\u00e1nya: 1200<br \/>\nL\u00e9zer: 1-es oszt\u00e1ly\u00fa<br \/>\nWiFi\/App: IGEN<br \/>\nMikrofon: IGEN<br \/>\nMem\u00f3riakapacit\u00e1s: 64GB<br \/>\nIP-besorol\u00e1s: IP67<br \/>\nMax. \u00fczemi h\u0151m\u00e9rs\u00e9klet: -20 ~ +50<br \/>\nT\u00f6meg (uncia): 22,58<br \/>\nT\u00f6meg (g): 640<br \/>\nM\u00e9retek (in): 7,48 x 2,64 x 3,11<br \/>\nM\u00e9retek (mm): 190 x 67 x 79<\/p>\n<h2>Jellemz\u0151k<\/h2>\n<p>640\u00d7512 12\u03bcm-es \u00e9rz\u00e9kel\u0151<br \/>\nNETD\u226415mK<br \/>\n60Hz-es nagy k\u00e9pfriss\u00edt\u00e9si sebess\u00e9g<br \/>\nF0.9 objekt\u00edv<br \/>\nAMOLED 2560\u00d72560-as k\u00f6rk\u00f6r\u00f6s kijelz\u0151<br \/>\nIBP-7 gyorscser\u00e9lhet\u0151 \u00fajrat\u00f6lthet\u0151 akkumul\u00e1tor<br \/>\nSima digit\u00e1lis zoom: 1\u00d7~8\u00d7<br \/>\nUltratiszta m\u00f3d<br \/>\nSzemv\u00e9delem alacsony f\u00e9nyer\u0151vel, sz\u00ednpalett\u00e1val \u00e9s meleg \u00e1rnyalattal<br \/>\nElektronikus k\u00e9pstabiliz\u00e1ci\u00f3<\/p>\n","protected":false},"excerpt":{"rendered":"<p>Nocpix VISTA H35R h\u0151kamera 35mm 12um 640\u00d7512 &lt;15mk NET \u00e9s LRF-sel, megb\u00edzhat\u00f3 nappali\/\u00e9jszakai haszn\u00e1latra neh\u00e9z k\u00f6r\u00fclm\u00e9nyek k\u00f6z\u00f6tt.<\/p>\n","protected":false},"featured_media":673887,"template":"","meta":{"_acf_changed":false},"product_brand":[14453],"product_cat":[12938,16080],"product_tag":[],"class_list":{"0":"post-673814","1":"product","2":"type-product","3":"status-publish","4":"has-post-thumbnail","6":"product_brand-nocpix","7":"product_cat-hokamera","8":"product_cat-thermal-cameras-hu","10":"first","11":"instock","12":"taxable","13":"shipping-taxable","14":"purchasable","15":"product-type-simple"},"acf":[],"_links":{"self":[{"href":"https:\/\/nbg.eu\/hu\/wp-json\/wp\/v2\/product\/673814","targetHints":{"allow":["GET"]}}],"collection":[{"href":"https:\/\/nbg.eu\/hu\/wp-json\/wp\/v2\/product"}],"about":[{"href":"https:\/\/nbg.eu\/hu\/wp-json\/wp\/v2\/types\/product"}],"wp:featuredmedia":[{"embeddable":true,"href":"https:\/\/nbg.eu\/hu\/wp-json\/wp\/v2\/media\/673887"}],"wp:attachment":[{"href":"https:\/\/nbg.eu\/hu\/wp-json\/wp\/v2\/media?parent=673814"}],"wp:term":[{"taxonomy":"product_brand","embeddable":true,"href":"https:\/\/nbg.eu\/hu\/wp-json\/wp\/v2\/product_brand?post=673814"},{"taxonomy":"product_cat","embeddable":true,"href":"https:\/\/nbg.eu\/hu\/wp-json\/wp\/v2\/product_cat?post=673814"},{"taxonomy":"product_tag","embeddable":true,"href":"https:\/\/nbg.eu\/hu\/wp-json\/wp\/v2\/product_tag?post=673814"}],"curies":[{"name":"wp","href":"https:\/\/api.w.org\/{rel}","templated":true}]}}