{"id":673976,"date":"2025-11-17T17:25:01","date_gmt":"2025-11-17T14:25:01","guid":{"rendered":"https:\/\/nbg.eu\/product\/holato-nocpix-slim-l35\/"},"modified":"2026-04-14T16:02:03","modified_gmt":"2026-04-14T13:02:03","slug":"holato-nocpix-slim-l35","status":"publish","type":"product","link":"https:\/\/nbg.eu\/hu\/termek\/holato-nocpix-slim-l35\/","title":{"rendered":"Nocpix H\u0151k\u00e9pes C\u00e9lz\u00f3 Slim L35"},"content":{"rendered":"<h2>Thermal Sight Nocpix Slim L35: P\u00e1ratlan vad\u00e1szati teljes\u00edtm\u00e9ny<\/h2>\n<p>Bemutatjuk a SLIM sorozat c\u00e9lt\u00e1vcs\u00f6v\u00e9t: egy 2-az-1-ben k\u00e9zi MONOKULAR vagy 3,5x (L35) c\u00e9lt\u00e1vcs\u0151. V\u00e1lasszon k\u00e9t nagy teljes\u00edtm\u00e9ny\u0171 mag k\u00f6z\u00fcl, \u00e9lvezze az 1024&#215;768 OLED kijelz\u0151t, \u00e9s r\u00e9szes\u00fclj\u00f6n egy cser\u00e9lhet\u0151 18650-es akkumul\u00e1torb\u00f3l, amely 10 \u00f3ra \u00e1ramell\u00e1t\u00e1st biztos\u00edt. R\u00f6gz\u00edtse minden pillanatot a hat\u00e1sfelv\u00e9tellel, hogy egyetlen keret se maradjon ki.<\/p>\n<p>V\u00e1lasszon z\u00f6kken\u0151mentesen a k\u00e9zi \u00e9s az optikai c\u00e9lz\u00f3rendszerek k\u00f6z\u00f6tt an\u00e9lk\u00fcl, hogy \u00fajra kellene be\u00e1ll\u00edtania, a 2-az-1-ben kialak\u00edt\u00e1s \u00e9s a gyorsleszerel\u00e9ses szerel\u00e9s r\u00e9v\u00e9n. \u00c9lvezze a f\u00e1rads\u00e1gmentes n\u00e9z\u00e9st egy 1024&#215;768 AMOLED kijelz\u0151vel, \u00faj szemlencs\u00e9vel \u00e9s k\u00e9nyelmes 10 mm-es pupilla \u00e1tm\u00e9r\u0151vel. Mind\u00f6ssze 500 grammos s\u00faly\u00e1val ez az ultrak\u00f6nny\u0171 kialak\u00edt\u00e1s lehet\u0151v\u00e9 teszi a hossz\u00fa t\u00e1v\u00fa haszn\u00e1latot, \u00e9s mozg\u00e9konys\u00e1got biztos\u00edt a terepen.<\/p>\n<p>A nagy teljes\u00edtm\u00e9ny\u0171 f\u0151 opci\u00f3k &#8211; 384\u00d7288@12\u03bcm vagy 640\u00d7512@12\u03bcm, NETD\u226418 mK &#8211; p\u00e1ratlan k\u00e9pmin\u0151s\u00e9get biztos\u00edtanak, hogy minden r\u00e9szletet tiszt\u00e1n r\u00f6gz\u00edtsenek, f\u00fcggetlen\u00fcl a vad\u00e1szati k\u00f6r\u00fclm\u00e9nyekt\u0151l. A Reality+ technol\u00f3gia hozz\u00e1adott erej\u00e9vel a Slim olyan k\u00e9pmin\u0151s\u00e9get \u00e9r el, amely fel\u00fclm\u00falja m\u00e1s m\u00e1rk\u00e1k ugyanabban a kateg\u00f3ri\u00e1ban l\u00e9v\u0151 \u00e9rz\u00e9kel\u0151it.<\/p>\n<p>Soha ne hagyja ki a l\u00f6v\u00e9st a RAV funkci\u00f3val, amely lehet\u0151v\u00e9 teszi, hogy \u00fajra\u00e9lje \u00e9s megossza a legizgalmasabb vad\u00e1szati pillanatokat. Folytassa a vad\u00e1szatot egy elt\u00e1vol\u00edthat\u00f3, alacsony h\u0151m\u00e9rs\u00e9kletnek ellen\u00e1ll\u00f3 18650-es akkumul\u00e1torral, amely ak\u00e1r 8 \u00f3ra k\u00e9szenl\u00e9ti id\u0151t is biztos\u00edt, m\u00e9g sz\u00e9ls\u0151s\u00e9ges k\u00f6r\u00fclm\u00e9nyek k\u00f6z\u00f6tt is. 3,5x-es alapvet\u0151 nagy\u00edt\u00e1ssal a SLIM L35 a hossz\u00fa t\u00e1v\u00fa vad\u00e1szat ide\u00e1lis v\u00e1laszt\u00e1sa, amely pontosabb\u00e1 \u00e9s hat\u00e9konyabb\u00e1 teszi a pr\u00e9rifarkasok vad\u00e1szat\u00e1t.<\/p>\n","protected":false},"excerpt":{"rendered":"<p>A SLIM sorozat t\u00e1vcs\u00f6ve: egy 2-az-1-ben k\u00e9zi MONOKULAR vagy 3,5x (L35) t\u00e1vcs\u0151 1024&#215;768 OLED-kijelz\u0151vel, 18650 akkumul\u00e1torral, \u00fct\u00e9sr\u00f6gz\u00edt\u0151vel, h\u0151\u00e9rz\u00e9kel\u0151vel \u00e9s gyors cser\u00e9lhet\u0151s\u00e9ggel.<\/p>\n<p>Ha a term\u00e9k nem el\u00e9rhet\u0151, k\u00e9rj\u00fck, l\u00e9pjen kapcsolatba vel\u00fcnk: shop@nbg.eu vagy +359896147790<\/p>\n","protected":false},"featured_media":674027,"template":"","meta":{"_acf_changed":false},"product_brand":[14453],"product_cat":[16080],"product_tag":[],"class_list":{"0":"post-673976","1":"product","2":"type-product","3":"status-publish","4":"has-post-thumbnail","6":"product_brand-nocpix","7":"product_cat-thermal-cameras-hu","9":"first","10":"instock","11":"taxable","12":"shipping-taxable","13":"purchasable","14":"product-type-simple"},"acf":[],"_links":{"self":[{"href":"https:\/\/nbg.eu\/hu\/wp-json\/wp\/v2\/product\/673976","targetHints":{"allow":["GET"]}}],"collection":[{"href":"https:\/\/nbg.eu\/hu\/wp-json\/wp\/v2\/product"}],"about":[{"href":"https:\/\/nbg.eu\/hu\/wp-json\/wp\/v2\/types\/product"}],"wp:featuredmedia":[{"embeddable":true,"href":"https:\/\/nbg.eu\/hu\/wp-json\/wp\/v2\/media\/674027"}],"wp:attachment":[{"href":"https:\/\/nbg.eu\/hu\/wp-json\/wp\/v2\/media?parent=673976"}],"wp:term":[{"taxonomy":"product_brand","embeddable":true,"href":"https:\/\/nbg.eu\/hu\/wp-json\/wp\/v2\/product_brand?post=673976"},{"taxonomy":"product_cat","embeddable":true,"href":"https:\/\/nbg.eu\/hu\/wp-json\/wp\/v2\/product_cat?post=673976"},{"taxonomy":"product_tag","embeddable":true,"href":"https:\/\/nbg.eu\/hu\/wp-json\/wp\/v2\/product_tag?post=673976"}],"curies":[{"name":"wp","href":"https:\/\/api.w.org\/{rel}","templated":true}]}}