{"id":67465,"date":"2024-01-13T12:03:58","date_gmt":"2024-01-13T12:03:58","guid":{"rendered":"https:\/\/nbg.eu\/product\/surefire-ds00\/"},"modified":"2026-01-21T11:55:17","modified_gmt":"2026-01-21T08:55:17","slug":"surefire-ds00","status":"publish","type":"product","link":"https:\/\/nbg.eu\/hu\/termek\/surefire-ds00\/","title":{"rendered":"SureFire DS00"},"content":{"rendered":"<p>\nA SureFire DS00 egy v\u00edz\u00e1ll\u00f3 kapcsol\u00f3 egys\u00e9g a legt\u00f6bb Scout Light\u00ae fegyverl\u00e1mpa sz\u00e1m\u00e1ra. Jellemz\u0151i:<\/p>\n<ul>\n<li>F\u00fcggetlen be\u00e9p\u00edtett \u00e9s t\u00e1vvez\u00e9rl\u0151 m\u0171k\u00f6dtet\u00e9s<\/li>\n<li>Kompatibilit\u00e1s k\u00fcl\u00f6nb\u00f6z\u0151 SureFire t\u00e1vvez\u00e9rl\u0151 szalagkapcsol\u00f3kkal<\/li>\n<li>Be-\/kikapcsol\u00f3 nyom\u00f3gomb<\/li>\n<li>Rendszer kikapcsol\u00e1si funkci\u00f3<\/li>\n<li>Kapcsol\u00f3 redundancia a megb\u00edzhat\u00f3s\u00e1g \u00e9rdek\u00e9ben<\/li>\n<\/ul>\n<p>B\u0151v\u00edtse fegyverl\u00e1mp\u00e1ja funkcionalit\u00e1s\u00e1t a DS00-val (Nem kompatibilis a Micro Scout Light Pro modellel).<\/p>\n","protected":false},"excerpt":{"rendered":"<p>Sokoldal\u00fa kapcsol\u00f3 SureFire fegyverl\u00e1mp\u00e1khoz, kett\u0151s m\u0171k\u00f6d\u00e9si m\u00f3ddal.<\/p>\n","protected":false},"featured_media":67466,"template":"","meta":{"_acf_changed":false},"product_brand":[11863],"product_cat":[12919,12898,14862],"product_tag":[],"class_list":{"0":"post-67465","1":"product","2":"type-product","3":"status-publish","4":"has-post-thumbnail","6":"product_brand-surefire","7":"product_cat-lampa-kiegeszitok","8":"product_cat-lampak","9":"product_cat-puskalampak","11":"first","12":"instock","13":"taxable","14":"shipping-taxable","15":"purchasable","16":"product-type-variable","17":"wvs-archive-product-wrapper"},"acf":[],"_links":{"self":[{"href":"https:\/\/nbg.eu\/hu\/wp-json\/wp\/v2\/product\/67465","targetHints":{"allow":["GET"]}}],"collection":[{"href":"https:\/\/nbg.eu\/hu\/wp-json\/wp\/v2\/product"}],"about":[{"href":"https:\/\/nbg.eu\/hu\/wp-json\/wp\/v2\/types\/product"}],"wp:featuredmedia":[{"embeddable":true,"href":"https:\/\/nbg.eu\/hu\/wp-json\/wp\/v2\/media\/67466"}],"wp:attachment":[{"href":"https:\/\/nbg.eu\/hu\/wp-json\/wp\/v2\/media?parent=67465"}],"wp:term":[{"taxonomy":"product_brand","embeddable":true,"href":"https:\/\/nbg.eu\/hu\/wp-json\/wp\/v2\/product_brand?post=67465"},{"taxonomy":"product_cat","embeddable":true,"href":"https:\/\/nbg.eu\/hu\/wp-json\/wp\/v2\/product_cat?post=67465"},{"taxonomy":"product_tag","embeddable":true,"href":"https:\/\/nbg.eu\/hu\/wp-json\/wp\/v2\/product_tag?post=67465"}],"curies":[{"name":"wp","href":"https:\/\/api.w.org\/{rel}","templated":true}]}}