{"id":674764,"date":"2025-11-17T17:25:02","date_gmt":"2025-11-17T14:25:02","guid":{"rendered":"https:\/\/nbg.eu\/product\/thermal-sight-nocpix-slim-h35\/"},"modified":"2026-04-14T16:01:59","modified_gmt":"2026-04-14T13:01:59","slug":"thermal-sight-nocpix-slim-h35","status":"publish","type":"product","link":"https:\/\/nbg.eu\/hu\/termek\/thermal-sight-nocpix-slim-h35\/","title":{"rendered":"Nocpix H\u0151k\u00e9pes C\u00e9lz\u00f3 Slim H35"},"content":{"rendered":"<h2>Nocpix Slim H35 termikus l\u00e1t\u00f3 &#8211; Ultrak\u00f6nny\u0171 termikus k\u00e9palkot\u00e1s leny\u0171g\u00f6z\u0151 k\u00e9pmin\u0151s\u00e9ggel<\/h2>\n<p>Bemutatjuk a SLIM sorozat\u00fa ir\u00e1nyz\u00f3k\u00e9sz\u00fcl\u00e9ket: egy 2-az-1-ben hordozhat\u00f3 MONOKULARIT\u00c1S\u00da vagy 3,5x (L35) l\u0151cs\u00f6vet. V\u00e1lasszon k\u00e9t nagy teljes\u00edtm\u00e9ny\u0171 mag k\u00f6z\u00fcl, \u00e9lvezze az 1024&#215;768 OLED kijelz\u0151t, \u00e9s r\u00e9szes\u00fclj\u00f6n egy cser\u00e9lhet\u0151 18650-es akkumul\u00e1torb\u00f3l, amely 10 \u00f3ra \u00fczemid\u0151t biztos\u00edt. R\u00f6gz\u00edtsen minden pillanatot az \u00fctk\u00f6z\u00e9s-felv\u00e9telez\u00e9ssel, \u00edgy egy keret sem marad ki.<\/p>\n<p>\u00c9lvezze a f\u00e1rads\u00e1gmentes n\u00e9z\u00e9st egy 1024&#215;768 AMOLED kijelz\u0151vel, \u00faj szemlencs\u00e9vel \u00e9s k\u00e9nyelmes 10 mm-es szemt\u00e1vols\u00e1ggal.<\/p>\n<p>Mind\u00f6ssze 500 g-os s\u00faly\u00e1val ez az ultrak\u00f6nny\u0171 kialak\u00edt\u00e1s lehet\u0151v\u00e9 teszi a hosszantart\u00f3 haszn\u00e1latot, \u00e9s agilit\u00e1st biztos\u00edt a terepen.<\/p>\n<p>Nagy teljes\u00edtm\u00e9ny\u0171 f\u0151bb opci\u00f3k &#8211; 384&#215;288@12\u03bcm vagy 640&#215;512@12\u03bcm, NETD\u226418 mK &#8211; p\u00e1ratlan k\u00e9pmin\u0151s\u00e9get biztos\u00edtanak, \u00edgy minden r\u00e9szlet tiszt\u00e1n r\u00f6gz\u00edthet\u0151, f\u00fcggetlen\u00fcl a vad\u00e1szati k\u00f6r\u00fclm\u00e9nyekt\u0151l. A Reality+ technol\u00f3gia hozz\u00e1adott erej\u00e9vel a Slim fel\u00fclm\u00falja m\u00e1s m\u00e1rk\u00e1k ugyanazon oszt\u00e1ly\u00fa \u00e9rz\u00e9kel\u0151it.<\/p>\n<p>Soha ne t\u00e9vesszen c\u00e9lt a RAV funkci\u00f3val, amely lehet\u0151v\u00e9 teszi, hogy \u00e1t\u00e9lje \u00e9s megossza legizgalmasabb vad\u00e1szati pillanatait.<\/p>\n<p>Folytassa a vad\u00e1szatot egy elt\u00e1vol\u00edthat\u00f3, alacsony h\u0151m\u00e9rs\u00e9kletnek ellen\u00e1ll\u00f3 18650-es akkumul\u00e1torral, amely ak\u00e1r 8 \u00f3ra k\u00e9szenl\u00e9ti id\u0151t is biztos\u00edt, m\u00e9g sz\u00e9ls\u0151s\u00e9ges k\u00f6r\u00fclm\u00e9nyek k\u00f6z\u00f6tt is. M\u00e1gneses t\u00f6lt\u0151porttal is rendelkezik, \u00edgy k\u00f6nnyen felt\u00f6lthet\u0151, m\u00e9g teljes s\u00f6t\u00e9ts\u00e9gben is.<\/p>\n","protected":false},"excerpt":{"rendered":"<p>Thermal Sight Nocpix Slim H35: 2 az 1-ben monokul\u00e1ris\/3,5x-es c\u00e9lt\u00e1vcs\u0151 1024&#215;768 OLED-del, 18650 akkumul\u00e1torral, \u00fct\u00e9sr\u00f6gz\u00edt\u00e9ssel.<\/p>\n<p>Ha a term\u00e9k nem el\u00e9rhet\u0151, k\u00e9rj\u00fck, vegye fel vel\u00fcnk a kapcsolatot: shop@nbg.eu vagy +359896147790<\/p>\n","protected":false},"featured_media":675925,"template":"","meta":{"_acf_changed":false},"product_brand":[14453],"product_cat":[16080],"product_tag":[],"class_list":{"0":"post-674764","1":"product","2":"type-product","3":"status-publish","4":"has-post-thumbnail","6":"product_brand-nocpix","7":"product_cat-thermal-cameras-hu","9":"first","10":"instock","11":"taxable","12":"shipping-taxable","13":"purchasable","14":"product-type-simple"},"acf":[],"_links":{"self":[{"href":"https:\/\/nbg.eu\/hu\/wp-json\/wp\/v2\/product\/674764","targetHints":{"allow":["GET"]}}],"collection":[{"href":"https:\/\/nbg.eu\/hu\/wp-json\/wp\/v2\/product"}],"about":[{"href":"https:\/\/nbg.eu\/hu\/wp-json\/wp\/v2\/types\/product"}],"wp:featuredmedia":[{"embeddable":true,"href":"https:\/\/nbg.eu\/hu\/wp-json\/wp\/v2\/media\/675925"}],"wp:attachment":[{"href":"https:\/\/nbg.eu\/hu\/wp-json\/wp\/v2\/media?parent=674764"}],"wp:term":[{"taxonomy":"product_brand","embeddable":true,"href":"https:\/\/nbg.eu\/hu\/wp-json\/wp\/v2\/product_brand?post=674764"},{"taxonomy":"product_cat","embeddable":true,"href":"https:\/\/nbg.eu\/hu\/wp-json\/wp\/v2\/product_cat?post=674764"},{"taxonomy":"product_tag","embeddable":true,"href":"https:\/\/nbg.eu\/hu\/wp-json\/wp\/v2\/product_tag?post=674764"}],"curies":[{"name":"wp","href":"https:\/\/api.w.org\/{rel}","templated":true}]}}